{"id":2137,"date":"2017-08-12T04:38:22","date_gmt":"2017-08-12T02:38:22","guid":{"rendered":"http:\/\/klubmamgdynia.pl\/index.php\/produkt\/kayoba-zdalnie-sterowany-samochod-15-km-h-24-ghz-124\/"},"modified":"2026-04-03T20:04:54","modified_gmt":"2026-04-03T18:04:54","slug":"kayoba-zdalnie-sterowany-samochod-15-km-h-24-ghz-124","status":"publish","type":"product","link":"http:\/\/klubmamgdynia.pl\/index.php\/produkt\/kayoba-zdalnie-sterowany-samochod-15-km-h-24-ghz-124\/","title":{"rendered":"KAYOBA ZDALNIE STEROWANY SAMOCH\u00d3D 15 KM\/H 2,4 GHZ 1:24"},"content":{"rendered":"<p>Zdalnie sterowany samoch\u00f3d, kt\u00f3rego pr\u0119dko\u015b\u0107 osza\u0142amia!Sta\u0144 w szranki z rodze\u0144stwem, s\u0105siadami czy mistrzami i sprawd\u017acie, kto najszybciej przejedzie okr\u0105\u017cenie zdalnie sterowanym samochodem marki Kayoba.Pr\u0119dko\u015b\u0107 maksymalna 15 km\/hSam widzisz, \u017ce to prawdziwa petarda, kt\u00f3ra osi\u0105ga pr\u0119dko\u015b\u0107 a\u017c 15 km\/h.Amortyzatory na zr\u00f3\u017cnicowan\u0105 nawierzchni\u0119Samoch\u00f3d jest wyposa\u017cony w amortyzatory, dzi\u0119ki czemu mo\u017cesz uczestniczy\u0107 w wy\u015bcigu na nawet bardziej wymagaj\u0105cych torach i nawierzchniach.U\u017cytkowanie bez zak<\/p>\n<h2>KAYOBA ZDALNIE STEROWANY SAMOCH\u00d3D 15 KM\/H 2,4 GHZ 1:24 Kayoba<\/h2>\n<p>imi\u0119 marcel, lucjan, gad\u017cety dla m\u0142odzie\u017cy 2020, tymoteusz znaczenie imienia, imi\u0119 nadia, quiz o wio\u015bnie, kolorowanki wakacje, smieszne zagadki, zagadki dla dzieci 6-7 lat, bycie mam\u0105 cytaty, pomys\u0142y na prima aprilis w szkole, zdrowe dania dla dzieci, piosenki dla dzieci o jesieni, andrea<\/p>\n<p>yyyyy<\/p>\n<p>&nbsp;<\/p>\n","protected":false},"excerpt":{"rendered":"<p>Zdalnie sterowany samoch\u00f3d, kt\u00f3rego pr\u0119dko\u015b\u0107 osza\u0142amia!Sta\u0144 w szranki z rodze\u0144stwem, s\u0105siadami czy mistrzami i sprawd\u017acie, kto najszybciej przejedzie okr\u0105\u017cenie zdalnie sterowanym samochodem marki Kayoba.Pr\u0119dko\u015b\u0107 maksymalna 15 km\/hSam widzisz, \u017ce to prawdziwa petarda, kt\u00f3ra osi\u0105ga pr\u0119dko\u015b\u0107 a\u017c 15 km\/h.Amortyzatory na zr\u00f3\u017cnicowan\u0105 nawierzchni\u0119Samoch\u00f3d jest wyposa\u017cony w amortyzatory, dzi\u0119ki czemu mo\u017cesz uczestniczy\u0107 w wy\u015bcigu na nawet bardziej wymagaj\u0105cych [&hellip;]<\/p>\n","protected":false},"featured_media":2138,"comment_status":"closed","ping_status":"open","template":"","meta":[],"product_cat":[383,337],"product_tag":[848,586,809,800],"class_list":["post-2137","product","type-product","status-publish","has-post-thumbnail","hentry","product_cat-kayoba","product_cat-zabawki-zdalnie-sterowane","product_tag-cytat-o-rodzinie","product_tag-smieszne-zagadki","product_tag-zagadki","product_tag-zagadki-smieszne"],"_links":{"self":[{"href":"http:\/\/klubmamgdynia.pl\/index.php\/wp-json\/wp\/v2\/product\/2137","targetHints":{"allow":["GET"]}}],"collection":[{"href":"http:\/\/klubmamgdynia.pl\/index.php\/wp-json\/wp\/v2\/product"}],"about":[{"href":"http:\/\/klubmamgdynia.pl\/index.php\/wp-json\/wp\/v2\/types\/product"}],"replies":[{"embeddable":true,"href":"http:\/\/klubmamgdynia.pl\/index.php\/wp-json\/wp\/v2\/comments?post=2137"}],"wp:featuredmedia":[{"embeddable":true,"href":"http:\/\/klubmamgdynia.pl\/index.php\/wp-json\/wp\/v2\/media\/2138"}],"wp:attachment":[{"href":"http:\/\/klubmamgdynia.pl\/index.php\/wp-json\/wp\/v2\/media?parent=2137"}],"wp:term":[{"taxonomy":"product_cat","embeddable":true,"href":"http:\/\/klubmamgdynia.pl\/index.php\/wp-json\/wp\/v2\/product_cat?post=2137"},{"taxonomy":"product_tag","embeddable":true,"href":"http:\/\/klubmamgdynia.pl\/index.php\/wp-json\/wp\/v2\/product_tag?post=2137"}],"curies":[{"name":"wp","href":"https:\/\/api.w.org\/{rel}","templated":true}]}}