{"id":2139,"date":"2018-03-08T12:49:04","date_gmt":"2018-03-08T11:49:04","guid":{"rendered":"http:\/\/klubmamgdynia.pl\/index.php\/produkt\/buddy-toys-brc-16-510-rc-bulan-maxi-czarno-czerwony\/"},"modified":"2026-04-29T01:38:17","modified_gmt":"2026-04-28T23:38:17","slug":"buddy-toys-brc-16-510-rc-bulan-maxi-czarno-czerwony","status":"publish","type":"product","link":"http:\/\/klubmamgdynia.pl\/index.php\/produkt\/buddy-toys-brc-16-510-rc-bulan-maxi-czarno-czerwony\/","title":{"rendered":"Buddy Toys Brc 16.510 Rc Bulan Maxi Czarno Czerwony"},"content":{"rendered":"<p>Bulan MAXI jest samochodem zdalnie sterowanym, wykonanym w skali 1:16 i ma d\u0142ugo\u015b\u0107 35 cm. Ten samoch\u00f3d nadaje si\u0119 do jazdy w \u0142agodnym terenie i ma nap\u0119d na tylne ko\u0142a. Jego \u015brednia pr\u0119dko\u015b\u0107 wynosi 12 km \/ h. Sterownik ma zasi\u0119g do 50 m. Odpowiedni dla dzieci od 6 roku \u017cycia.Charakterystyka:- Samoch\u00f3d zdalnie sterowany Bulan MAXI- Skala: 1:16- Nap\u0119d na tylne ko\u0142a- Idealny do \u0142agodnego terenu- \u015arednia pr\u0119dko\u015b\u0107 wynosi 8\u201312 km \/ h- Zdalne sterowanie z zasi\u0119giem do 50 m, cz\u0119stotliwo\u015b\u0107 2,4 GHz- Mo\u017cna prowadzi\u0107 wi\u0119cej samochod\u00f3w na raz- Wymiary samochodu to 28 \u00d7 20 \u00d7 12 cm- Odpowiedni dla dzieci od 6 roku \u017cyciaOpakowanie zawiera:- Samoch\u00f3d- Kontroler- InstrukcjaBateria:- Samoch\u00f3d: 6V 700 mAh, baterie s\u0105 do\u0142\u0105czone do zestawu- Kontroler: 2\u00d7 AA, baterie nie s\u0105 do\u0142\u0105czone do zestawu<\/p>\n<h2>Buddy Toys Brc 16.510 Rc Bulan Maxi Czarno Czerwony Buddy Toys<\/h2>\n<p>henryk, sta\u0142a pod \u015bniegiem, bo\u017ce narodzenie quiz, stare bajki, posz\u0142a ola na spacerek, malowanki dla dzieci, bajki do czytania, quizy miko\u0142ajek, podchwytliwe zagadki dla doros\u0142ych, my jeste\u015bmy krasnoludki tekst<\/p>\n<p>yyyyy<\/p>\n<p>&nbsp;<\/p>\n","protected":false},"excerpt":{"rendered":"<p>Bulan MAXI jest samochodem zdalnie sterowanym, wykonanym w skali 1:16 i ma d\u0142ugo\u015b\u0107 35 cm. Ten samoch\u00f3d nadaje si\u0119 do jazdy w \u0142agodnym terenie i ma nap\u0119d na tylne ko\u0142a. Jego \u015brednia pr\u0119dko\u015b\u0107 wynosi 12 km \/ h. Sterownik ma zasi\u0119g do 50 m. Odpowiedni dla dzieci od 6 roku \u017cycia.Charakterystyka:- Samoch\u00f3d zdalnie sterowany Bulan [&hellip;]<\/p>\n","protected":false},"featured_media":2140,"comment_status":"closed","ping_status":"open","template":"","meta":[],"product_cat":[532,337],"product_tag":[648,734,596,840],"class_list":["post-2139","product","type-product","status-publish","has-post-thumbnail","hentry","product_cat-buddy-toys","product_cat-zabawki-zdalnie-sterowane","product_tag-dobrej-nocy-i-sza","product_tag-milan-imie","product_tag-pomysly-na-prima-aprilis","product_tag-stare-bajki"],"_links":{"self":[{"href":"http:\/\/klubmamgdynia.pl\/index.php\/wp-json\/wp\/v2\/product\/2139","targetHints":{"allow":["GET"]}}],"collection":[{"href":"http:\/\/klubmamgdynia.pl\/index.php\/wp-json\/wp\/v2\/product"}],"about":[{"href":"http:\/\/klubmamgdynia.pl\/index.php\/wp-json\/wp\/v2\/types\/product"}],"replies":[{"embeddable":true,"href":"http:\/\/klubmamgdynia.pl\/index.php\/wp-json\/wp\/v2\/comments?post=2139"}],"wp:featuredmedia":[{"embeddable":true,"href":"http:\/\/klubmamgdynia.pl\/index.php\/wp-json\/wp\/v2\/media\/2140"}],"wp:attachment":[{"href":"http:\/\/klubmamgdynia.pl\/index.php\/wp-json\/wp\/v2\/media?parent=2139"}],"wp:term":[{"taxonomy":"product_cat","embeddable":true,"href":"http:\/\/klubmamgdynia.pl\/index.php\/wp-json\/wp\/v2\/product_cat?post=2139"},{"taxonomy":"product_tag","embeddable":true,"href":"http:\/\/klubmamgdynia.pl\/index.php\/wp-json\/wp\/v2\/product_tag?post=2139"}],"curies":[{"name":"wp","href":"https:\/\/api.w.org\/{rel}","templated":true}]}}