{"id":2143,"date":"2012-02-12T02:47:06","date_gmt":"2012-02-12T01:47:06","guid":{"rendered":"http:\/\/klubmamgdynia.pl\/index.php\/produkt\/hexbug-robot-mobots-mimix-pomaranczowy\/"},"modified":"2026-05-17T23:04:22","modified_gmt":"2026-05-17T21:04:22","slug":"hexbug-robot-mobots-mimix-pomaranczowy","status":"publish","type":"product","link":"http:\/\/klubmamgdynia.pl\/index.php\/produkt\/hexbug-robot-mobots-mimix-pomaranczowy\/","title":{"rendered":"Hexbug Robot Mobots Mimix Pomara\u0144czowy"},"content":{"rendered":"<p>MiMix, najm\u0142odszy robot ze spo\u0142eczno\u015bci MoBot\u00f3w od HEXBUG. Mo\u017ce nagrywa\u0107 Tw\u00f3j g\u0142os, zmienia\u0107 jego wysoko\u015b\u0107, pr\u0119dko\u015b\u0107 lub zamienia\u0107 go w d\u017awi\u0119k w stylu robota. Ponadto MiMix ma \u015bwietn\u0105, elastyczn\u0105 fryzur\u0119, z kt\u00f3rej mo\u017cna zrobi\u0107 w\u0142osy d\u0142ugie, kr\u00f3tkie lub irokeza. Zabawa z MoBotami jest po prostu \u015bwietna!<\/p>\n<h2>Hexbug Robot Mobots Mimix Pomara\u0144czowy Hexbug<\/h2>\n<p>prezent dla rocznej dziewczynki, quiz o polsce dla dzieci, nauka zegara, kanapki na urodziny dziecka, afryka\u0144skie imiona, jeremi imi\u0119<\/p>\n<p>yyyyy<\/p>\n<p>&nbsp;<\/p>\n","protected":false},"excerpt":{"rendered":"<p>MiMix, najm\u0142odszy robot ze spo\u0142eczno\u015bci MoBot\u00f3w od HEXBUG. Mo\u017ce nagrywa\u0107 Tw\u00f3j g\u0142os, zmienia\u0107 jego wysoko\u015b\u0107, pr\u0119dko\u015b\u0107 lub zamienia\u0107 go w d\u017awi\u0119k w stylu robota. Ponadto MiMix ma \u015bwietn\u0105, elastyczn\u0105 fryzur\u0119, z kt\u00f3rej mo\u017cna zrobi\u0107 w\u0142osy d\u0142ugie, kr\u00f3tkie lub irokeza. Zabawa z MoBotami jest po prostu \u015bwietna! Hexbug Robot Mobots Mimix Pomara\u0144czowy Hexbug prezent dla rocznej [&hellip;]<\/p>\n","protected":false},"featured_media":2144,"comment_status":"closed","ping_status":"open","template":"","meta":[],"product_cat":[517,337],"product_tag":[817,598,683,785,695,588],"class_list":["post-2143","product","type-product","status-publish","has-post-thumbnail","hentry","product_cat-hexbug","product_cat-zabawki-zdalnie-sterowane","product_tag-bajka-terapeutyczna-o-emocjach","product_tag-co-na-roczek-dla-dziewczynki","product_tag-karaluchy-pod-poduchy","product_tag-prezent-dla-nastolatkow","product_tag-rzadkie-imiona-zenskie","product_tag-wzruszajace-slowa-dla-przyjaciela"],"_links":{"self":[{"href":"http:\/\/klubmamgdynia.pl\/index.php\/wp-json\/wp\/v2\/product\/2143","targetHints":{"allow":["GET"]}}],"collection":[{"href":"http:\/\/klubmamgdynia.pl\/index.php\/wp-json\/wp\/v2\/product"}],"about":[{"href":"http:\/\/klubmamgdynia.pl\/index.php\/wp-json\/wp\/v2\/types\/product"}],"replies":[{"embeddable":true,"href":"http:\/\/klubmamgdynia.pl\/index.php\/wp-json\/wp\/v2\/comments?post=2143"}],"wp:featuredmedia":[{"embeddable":true,"href":"http:\/\/klubmamgdynia.pl\/index.php\/wp-json\/wp\/v2\/media\/2144"}],"wp:attachment":[{"href":"http:\/\/klubmamgdynia.pl\/index.php\/wp-json\/wp\/v2\/media?parent=2143"}],"wp:term":[{"taxonomy":"product_cat","embeddable":true,"href":"http:\/\/klubmamgdynia.pl\/index.php\/wp-json\/wp\/v2\/product_cat?post=2143"},{"taxonomy":"product_tag","embeddable":true,"href":"http:\/\/klubmamgdynia.pl\/index.php\/wp-json\/wp\/v2\/product_tag?post=2143"}],"curies":[{"name":"wp","href":"https:\/\/api.w.org\/{rel}","templated":true}]}}