{"id":2147,"date":"2024-01-14T21:11:41","date_gmt":"2024-01-14T20:11:41","guid":{"rendered":"http:\/\/klubmamgdynia.pl\/?post_type=product&#038;p=2147"},"modified":"2026-04-29T12:25:58","modified_gmt":"2026-04-29T10:25:58","slug":"mattel-matchbox-plac-budowy-zestaw-fwv08","status":"publish","type":"product","link":"http:\/\/klubmamgdynia.pl\/index.php\/produkt\/mattel-matchbox-plac-budowy-zestaw-fwv08\/","title":{"rendered":"Mattel Matchbox Plac budowy Zestaw FWV08"},"content":{"rendered":"<p>Czas na PRAWDZIWE PRZYGODY z Matchbox! Zestawy startowe Matchbox pobudzaj\u0105 kreatywno\u015b\u0107 dzi\u0119ki realistycznym lokalizacjom z dok\u0142adnie oddanymi szczeg\u00f3\u0142ami, z kt\u00f3rych znana jest marka Matchbox.                            <\/p>\n<p>Zburz ca\u0142y budynek i przebuduj go, aby wygl\u0105da\u0142 zupe\u0142nie jak nowy dzi\u0119ki zestawowi do rozbi\u00f3rki Matchbox Downtown.                            <\/p>\n<p>W zestawie d\u017awig i kula do wyburzania, aby obali\u0107 trzypi\u0119trowy budynek i parking.                            <\/p>\n<p>D\u017awig ma r\u00f3wnie\u017c \u0142y\u017ck\u0119, kt\u00f3ra chwyta i przesuwa materia\u0142y, aby pom\u00f3c w odbudowie.                            <\/p>\n<p>W zestawie dwa pojazdy Matchbox i jest kompatybilny z innymi pojazdami w skali 1:64 oraz pojazdami Working Rigs.<\/p>\n<h2>Mattel Matchbox Plac budowy Zestaw FWV08 Mattel<\/h2>\n<p>maski do druku kolorowe, kotek kolorowanka do druku, imie iwo, karty pracy po ukrai\u0144sku, prezent na pierwsze urodziny, delfinarium polska, jak si\u0119 rysuje psa, milosz imie, gad\u017cety dla m\u0142odzie\u017cy 2020, wzruszaj\u0105c\u0105 piosenka dla taty, bajki dla noworodka, tulipany kolorowanki, pytania do lektury asiunia, quizy o minecraft, zagadki \u015bmieszne podchwytliwe, piosenki na dobranoc tekst, darmowe kolorowanki do druku<\/p>\n<p>yyyyy<\/p>\n<p>&nbsp;<\/p>\n","protected":false},"excerpt":{"rendered":"<p>Czas na PRAWDZIWE PRZYGODY z Matchbox! Zestawy startowe Matchbox pobudzaj\u0105 kreatywno\u015b\u0107 dzi\u0119ki realistycznym lokalizacjom z dok\u0142adnie oddanymi szczeg\u00f3\u0142ami, z kt\u00f3rych znana jest marka Matchbox. Zburz ca\u0142y budynek i przebuduj go, aby wygl\u0105da\u0142 zupe\u0142nie jak nowy dzi\u0119ki zestawowi do rozbi\u00f3rki Matchbox Downtown. W zestawie d\u017awig i kula do wyburzania, aby obali\u0107 trzypi\u0119trowy budynek i parking. D\u017awig [&hellip;]<\/p>\n","protected":false},"featured_media":2148,"comment_status":"closed","ping_status":"open","template":"","meta":[],"product_cat":[83,289],"product_tag":[825,833,657,868,693],"class_list":["post-2147","product","type-product","status-publish","has-post-thumbnail","hentry","product_cat-auta-i-inne-pojazdy-do-zabawy","product_cat-mattel","product_tag-bajka-na-dobranoc-do-czytania","product_tag-bajki-dla-dzieci-do-czytania","product_tag-lol-kolorowanka","product_tag-quizy-dla-dzieci","product_tag-zagadki-dla-doroslych"],"_links":{"self":[{"href":"http:\/\/klubmamgdynia.pl\/index.php\/wp-json\/wp\/v2\/product\/2147","targetHints":{"allow":["GET"]}}],"collection":[{"href":"http:\/\/klubmamgdynia.pl\/index.php\/wp-json\/wp\/v2\/product"}],"about":[{"href":"http:\/\/klubmamgdynia.pl\/index.php\/wp-json\/wp\/v2\/types\/product"}],"replies":[{"embeddable":true,"href":"http:\/\/klubmamgdynia.pl\/index.php\/wp-json\/wp\/v2\/comments?post=2147"}],"wp:featuredmedia":[{"embeddable":true,"href":"http:\/\/klubmamgdynia.pl\/index.php\/wp-json\/wp\/v2\/media\/2148"}],"wp:attachment":[{"href":"http:\/\/klubmamgdynia.pl\/index.php\/wp-json\/wp\/v2\/media?parent=2147"}],"wp:term":[{"taxonomy":"product_cat","embeddable":true,"href":"http:\/\/klubmamgdynia.pl\/index.php\/wp-json\/wp\/v2\/product_cat?post=2147"},{"taxonomy":"product_tag","embeddable":true,"href":"http:\/\/klubmamgdynia.pl\/index.php\/wp-json\/wp\/v2\/product_tag?post=2147"}],"curies":[{"name":"wp","href":"https:\/\/api.w.org\/{rel}","templated":true}]}}