{"id":215,"date":"2021-11-14T12:45:10","date_gmt":"2021-11-14T11:45:10","guid":{"rendered":"http:\/\/klubmamgdynia.pl\/?post_type=product&#038;p=215"},"modified":"2026-04-07T11:05:02","modified_gmt":"2026-04-07T09:05:02","slug":"hauck-eagle-4s-melange-grey-gleboki","status":"publish","type":"product","link":"http:\/\/klubmamgdynia.pl\/index.php\/produkt\/hauck-eagle-4s-melange-grey-gleboki\/","title":{"rendered":"Hauck Eagle 4S Melange grey G\u0142\u0119boki"},"content":{"rendered":"<p>Z gondolk\u0105 Eagle 4S, nale\u017c\u0105cy do serii iPro, mo\u017ce by\u0107 u\u017cywany od urodzenia. Du\u017ca gondola wyposa\u017cona jest w daszek, pokrowiec, mi\u0119kk\u0105 podszewk\u0119 wewn\u0119trzn\u0105, materac,wk\u0142adk\u0119 i pasuj\u0105c\u0105 moskitier\u0119. Mo\u017cna j\u0105 zamontowa\u0107 na w\u00f3zku Eagle 4S bez adaptera. Dost\u0119pny oddzielnie fotelik iPro Baby mo\u017cna r\u00f3wnie\u017c zamontowa\u0107 na ramie za pomoc\u0105 adaptera. Dzi\u0119ki p\u0142askiej pozycji le\u017c\u0105cej gondola oferuje spokojny sen nawet podczas d\u0142u\u017cszych przeja\u017cd\u017cek. Du\u017cy daszek przeciws\u0142oneczny z pow\u0142ok\u0105 UV chroni dziecko w ka\u017cdych warunkach pogodowych. Po otwarciu zamka b\u0142yskawicznego na kapturze pojawia si\u0119 tkanina z siatki, kt\u00f3ra zapewnia optymaln\u0105 cyrkulacj\u0119 powietrza. W zestawie moskitiera. W razie potrzeby daszek mo\u017ce by\u0107 ca\u0142kowicie z\u0142o\u017cony do ty\u0142u. Odporna na wiatr i wod\u0119 os\u0142onka na n\u00f3\u017cki chroni dziecko i mo\u017ce by\u0107 w ka\u017cdej chwili zdj\u0119ta. P\u00f3\u017aniej os\u0142onka mo\u017ce by\u0107 przeksyta\u0142cona we wk\u0142adk\u0119 na siedzisko sportowe. Poduszka na siedzisko posiada przytuln\u0105 zimow\u0105 i letni\u0105 stron\u0119 oraz otwory na pasy. W\u00f3zek Eagle 4S mo\u017ce by\u0107 sk\u0142adany p\u0142asko w celu przechowywania. Dane techniczne: waga: 5,5 kg wymiary: 80 x 46 x 65 cm wymiary po z\u0142o\u017ceniu: 80 x 47 x 20 cm wymiary le\u017cenia: 72 x 34 cm<\/p>\n<h2>Hauck Eagle 4S Melange grey G\u0142\u0119boki Hauck<\/h2>\n<p>natan imi\u0119, logiczne zagadki, kolorowanki samochody, quiz o psie kt\u00f3ry je\u017adzi\u0142 kolej\u0105, quiz zemsta, wakacje kolorowanka, weso\u0142e pisanki tekst, p\u0142onie ognisko w lesie, jednorozec z dyni, piosenki o wakacjach, cytat o dzieciach, ma\u0142y ksi\u0105\u017ce cytaty o przyja\u017ani, kolorowanka lol, kwiatek kwiaty do druku szablony, quizy dla dzieci 10 lat, kolorowe kredki tekst, buziak gify na dobranoc smieszne, mi\u0142o\u015b\u0107 do dziecka cytaty<\/p>\n<p>yyyyy<\/p>\n<p>&nbsp;<\/p>\n","protected":false},"excerpt":{"rendered":"<p>Z gondolk\u0105 Eagle 4S, nale\u017c\u0105cy do serii iPro, mo\u017ce by\u0107 u\u017cywany od urodzenia. Du\u017ca gondola wyposa\u017cona jest w daszek, pokrowiec, mi\u0119kk\u0105 podszewk\u0119 wewn\u0119trzn\u0105, materac,wk\u0142adk\u0119 i pasuj\u0105c\u0105 moskitier\u0119. Mo\u017cna j\u0105 zamontowa\u0107 na w\u00f3zku Eagle 4S bez adaptera. Dost\u0119pny oddzielnie fotelik iPro Baby mo\u017cna r\u00f3wnie\u017c zamontowa\u0107 na ramie za pomoc\u0105 adaptera. Dzi\u0119ki p\u0142askiej pozycji le\u017c\u0105cej gondola oferuje [&hellip;]<\/p>\n","protected":false},"featured_media":216,"comment_status":"closed","ping_status":"open","template":"","meta":[],"product_cat":[108,109],"product_tag":[854,627,698,701],"class_list":["post-215","product","type-product","status-publish","has-post-thumbnail","hentry","product_cat-hauck","product_cat-wozki-glebokie","product_tag-cytaty-rodzina","product_tag-quiz-dzieci-z-bullerbyn","product_tag-zagadki-dla-przedszkolakow","product_tag-zgadywanki-dla-dzieci"],"_links":{"self":[{"href":"http:\/\/klubmamgdynia.pl\/index.php\/wp-json\/wp\/v2\/product\/215","targetHints":{"allow":["GET"]}}],"collection":[{"href":"http:\/\/klubmamgdynia.pl\/index.php\/wp-json\/wp\/v2\/product"}],"about":[{"href":"http:\/\/klubmamgdynia.pl\/index.php\/wp-json\/wp\/v2\/types\/product"}],"replies":[{"embeddable":true,"href":"http:\/\/klubmamgdynia.pl\/index.php\/wp-json\/wp\/v2\/comments?post=215"}],"wp:featuredmedia":[{"embeddable":true,"href":"http:\/\/klubmamgdynia.pl\/index.php\/wp-json\/wp\/v2\/media\/216"}],"wp:attachment":[{"href":"http:\/\/klubmamgdynia.pl\/index.php\/wp-json\/wp\/v2\/media?parent=215"}],"wp:term":[{"taxonomy":"product_cat","embeddable":true,"href":"http:\/\/klubmamgdynia.pl\/index.php\/wp-json\/wp\/v2\/product_cat?post=215"},{"taxonomy":"product_tag","embeddable":true,"href":"http:\/\/klubmamgdynia.pl\/index.php\/wp-json\/wp\/v2\/product_tag?post=215"}],"curies":[{"name":"wp","href":"https:\/\/api.w.org\/{rel}","templated":true}]}}