{"id":2161,"date":"2014-12-28T01:41:46","date_gmt":"2014-12-28T00:41:46","guid":{"rendered":"http:\/\/klubmamgdynia.pl\/index.php\/produkt\/stihl-kanister-do-benzyny-5l-00008810202\/"},"modified":"2026-05-17T22:24:06","modified_gmt":"2026-05-17T20:24:06","slug":"stihl-kanister-do-benzyny-5l-00008810202","status":"publish","type":"product","link":"http:\/\/klubmamgdynia.pl\/index.php\/produkt\/stihl-kanister-do-benzyny-5l-00008810202\/","title":{"rendered":"Stihl Kanister do benzyny 5l 00008810202"},"content":{"rendered":"<p>KANISTER DO BENZYNY 5L STIHL00008810202<\/p>\n<h2>Stihl Kanister do benzyny 5l 00008810202 Stihl<\/h2>\n<p>dobranoc zimowe, kolorowanka prezent, mi\u0142o\u015b\u0107 do dziecka cytaty, maski dla dzieci do druku, gdzie na ferie zimowe 2022, zagadki dla dzieci 6-7 lat, quiz o minecraft, kolorowanki kotki, szczotka pasta kubek ciep\u0142a woda tekst, pi\u0119kne cytaty o synku, prezent dla nastolatk\u00f3w ch\u0142opc\u00f3w, m\u0105dre cytaty dla dzieci, jak zrobi\u0107 du\u017ce jajo wielkanocne, wzruszaj\u0105c\u0105 piosenka dla taty<\/p>\n<p>yyyyy<\/p>\n<p>&nbsp;<\/p>\n","protected":false},"excerpt":{"rendered":"<p>KANISTER DO BENZYNY 5L STIHL00008810202 Stihl Kanister do benzyny 5l 00008810202 Stihl dobranoc zimowe, kolorowanka prezent, mi\u0142o\u015b\u0107 do dziecka cytaty, maski dla dzieci do druku, gdzie na ferie zimowe 2022, zagadki dla dzieci 6-7 lat, quiz o minecraft, kolorowanki kotki, szczotka pasta kubek ciep\u0142a woda tekst, pi\u0119kne cytaty o synku, prezent dla nastolatk\u00f3w ch\u0142opc\u00f3w, m\u0105dre [&hellip;]<\/p>\n","protected":false},"featured_media":2162,"comment_status":"closed","ping_status":"open","template":"","meta":[],"product_cat":[536,534],"product_tag":[667,656,791],"class_list":["post-2161","product","type-product","status-publish","has-post-thumbnail","hentry","product_cat-akcesoria-do-narzedzi-spalinowych","product_cat-stihl","product_tag-kolorowanka-lol","product_tag-kolorowanki-lol","product_tag-zagadki-na-myslenie"],"_links":{"self":[{"href":"http:\/\/klubmamgdynia.pl\/index.php\/wp-json\/wp\/v2\/product\/2161","targetHints":{"allow":["GET"]}}],"collection":[{"href":"http:\/\/klubmamgdynia.pl\/index.php\/wp-json\/wp\/v2\/product"}],"about":[{"href":"http:\/\/klubmamgdynia.pl\/index.php\/wp-json\/wp\/v2\/types\/product"}],"replies":[{"embeddable":true,"href":"http:\/\/klubmamgdynia.pl\/index.php\/wp-json\/wp\/v2\/comments?post=2161"}],"wp:featuredmedia":[{"embeddable":true,"href":"http:\/\/klubmamgdynia.pl\/index.php\/wp-json\/wp\/v2\/media\/2162"}],"wp:attachment":[{"href":"http:\/\/klubmamgdynia.pl\/index.php\/wp-json\/wp\/v2\/media?parent=2161"}],"wp:term":[{"taxonomy":"product_cat","embeddable":true,"href":"http:\/\/klubmamgdynia.pl\/index.php\/wp-json\/wp\/v2\/product_cat?post=2161"},{"taxonomy":"product_tag","embeddable":true,"href":"http:\/\/klubmamgdynia.pl\/index.php\/wp-json\/wp\/v2\/product_tag?post=2161"}],"curies":[{"name":"wp","href":"https:\/\/api.w.org\/{rel}","templated":true}]}}