{"id":2165,"date":"2016-09-06T04:12:21","date_gmt":"2016-09-06T02:12:21","guid":{"rendered":"http:\/\/klubmamgdynia.pl\/index.php\/produkt\/lisciani-disney-princess-activity-cubes-2w1\/"},"modified":"2026-05-17T22:23:54","modified_gmt":"2026-05-17T20:23:54","slug":"lisciani-disney-princess-activity-cubes-2w1","status":"publish","type":"product","link":"http:\/\/klubmamgdynia.pl\/index.php\/produkt\/lisciani-disney-princess-activity-cubes-2w1\/","title":{"rendered":"Lisciani Disney Princess Activity Cubes 2W1"},"content":{"rendered":"<p>Wyj\u0105tkowy zestaw edukacyjny na licencji Disney zawieraj\u0105cy 5 kolorowych ko\u015bci oraz ponad 20 puzzli do z\u0142o\u017cenia. Zabawka stymuluje rozw\u00f3j logicznego my\u015blenia, obserwacji oraz rozw\u00f3j motoryki, jednocze\u015bnie ucz\u0105c dzieci kszta\u0142t\u00f3w i kolor\u00f3w, u\u017cywaj\u0105c do tego ich ulubionych postaci znanych z bajek.<\/p>\n<h2>Lisciani Disney Princess Activity Cubes 2W1 Lisciani<\/h2>\n<p>uk\u0142ad s\u0142oneczny kolorowanka, wzruszaj\u0105c\u0105 piosenka dla taty, warszawa z dzieckiem, kolorowanka lego, kolorowanka lato, imi\u0119 dla dziewczynki 2019, gra kulki, znaczenie imienia julian, mi\u0142osz imi\u0119, test z dzieci z bullerbyn, zagadki logiczne trudne, zabawy tematyczne przyk\u0142ady, wpad\u0142a bomba do piwnicy, quiz psi patrol, psi patrol do druku, eksperyment dla dzieci wulkan<\/p>\n<p>yyyyy<\/p>\n<p>&nbsp;<\/p>\n","protected":false},"excerpt":{"rendered":"<p>Wyj\u0105tkowy zestaw edukacyjny na licencji Disney zawieraj\u0105cy 5 kolorowych ko\u015bci oraz ponad 20 puzzli do z\u0142o\u017cenia. Zabawka stymuluje rozw\u00f3j logicznego my\u015blenia, obserwacji oraz rozw\u00f3j motoryki, jednocze\u015bnie ucz\u0105c dzieci kszta\u0142t\u00f3w i kolor\u00f3w, u\u017cywaj\u0105c do tego ich ulubionych postaci znanych z bajek. Lisciani Disney Princess Activity Cubes 2W1 Lisciani uk\u0142ad s\u0142oneczny kolorowanka, wzruszaj\u0105c\u0105 piosenka dla taty, warszawa [&hellip;]<\/p>\n","protected":false},"featured_media":2166,"comment_status":"closed","ping_status":"open","template":"","meta":[],"product_cat":[130,362],"product_tag":[580,637,595,791],"class_list":["post-2165","product","type-product","status-publish","has-post-thumbnail","hentry","product_cat-gry-dzieciece","product_cat-lisciani","product_tag-janusz","product_tag-niech-zyja-wakacje-tekst","product_tag-zagadki-dla-6-latka","product_tag-zagadki-na-myslenie"],"_links":{"self":[{"href":"http:\/\/klubmamgdynia.pl\/index.php\/wp-json\/wp\/v2\/product\/2165","targetHints":{"allow":["GET"]}}],"collection":[{"href":"http:\/\/klubmamgdynia.pl\/index.php\/wp-json\/wp\/v2\/product"}],"about":[{"href":"http:\/\/klubmamgdynia.pl\/index.php\/wp-json\/wp\/v2\/types\/product"}],"replies":[{"embeddable":true,"href":"http:\/\/klubmamgdynia.pl\/index.php\/wp-json\/wp\/v2\/comments?post=2165"}],"wp:featuredmedia":[{"embeddable":true,"href":"http:\/\/klubmamgdynia.pl\/index.php\/wp-json\/wp\/v2\/media\/2166"}],"wp:attachment":[{"href":"http:\/\/klubmamgdynia.pl\/index.php\/wp-json\/wp\/v2\/media?parent=2165"}],"wp:term":[{"taxonomy":"product_cat","embeddable":true,"href":"http:\/\/klubmamgdynia.pl\/index.php\/wp-json\/wp\/v2\/product_cat?post=2165"},{"taxonomy":"product_tag","embeddable":true,"href":"http:\/\/klubmamgdynia.pl\/index.php\/wp-json\/wp\/v2\/product_tag?post=2165"}],"curies":[{"name":"wp","href":"https:\/\/api.w.org\/{rel}","templated":true}]}}