{"id":2169,"date":"2014-03-09T20:50:44","date_gmt":"2014-03-09T19:50:44","guid":{"rendered":"http:\/\/klubmamgdynia.pl\/index.php\/produkt\/sliverlit-promocja-tania-dostawa-silverlit-exost-storm-assorted-20251\/"},"modified":"2026-04-04T11:38:56","modified_gmt":"2026-04-04T09:38:56","slug":"sliverlit-promocja-tania-dostawa-silverlit-exost-storm-assorted-20251","status":"publish","type":"product","link":"http:\/\/klubmamgdynia.pl\/index.php\/produkt\/sliverlit-promocja-tania-dostawa-silverlit-exost-storm-assorted-20251\/","title":{"rendered":"Sliverlit Promocja Tania Dostawa ! Silverlit Exost Storm Assorted 20251"},"content":{"rendered":"<p>SUPER CENA &#8211; TANIA DOSTAWA ! &#8211; sliverlit Silverlit Exost Storm assorted &#8211; 20251 &#8211; PACZKOMAT, POCZTA, KURIER<\/p>\n<h2>Sliverlit Promocja Tania Dostawa ! Silverlit Exost Storm Assorted 20251 <\/h2>\n<p>plac zamkowy, zrobi\u0107 laurk\u0119 laurka dla babci, rysowanie po \u015bladzie, pomysly na prima aprilis, zagadki logiczne dla dzieci 10 lat do druku, test magiczne drzewo czerwone krzes\u0142o, kr\u00f3tkie bajki na dobranoc do czytania, lol surprise kolorowanki, zaproszenia na urodziny do wydruku czarno bia\u0142e, oryginalny prezent na roczek dla dziewczynki, bajka dla dzieci do czytania, aneta, kolorowanka minionki<\/p>\n<p>yyyyy<\/p>\n<p>&nbsp;<\/p>\n","protected":false},"excerpt":{"rendered":"<p>SUPER CENA &#8211; TANIA DOSTAWA ! &#8211; sliverlit Silverlit Exost Storm assorted &#8211; 20251 &#8211; PACZKOMAT, POCZTA, KURIER Sliverlit Promocja Tania Dostawa ! Silverlit Exost Storm Assorted 20251 plac zamkowy, zrobi\u0107 laurk\u0119 laurka dla babci, rysowanie po \u015bladzie, pomysly na prima aprilis, zagadki logiczne dla dzieci 10 lat do druku, test magiczne drzewo czerwone krzes\u0142o, [&hellip;]<\/p>\n","protected":false},"featured_media":2170,"comment_status":"closed","ping_status":"open","template":"","meta":[],"product_cat":[337],"product_tag":[747,653,607],"class_list":["post-2169","product","type-product","status-publish","has-post-thumbnail","hentry","product_cat-zabawki-zdalnie-sterowane","product_tag-malowanki-do-druku","product_tag-warszawa-dla-dzieci","product_tag-zarty-na-prima-aprilis-dla-rodzicow"],"_links":{"self":[{"href":"http:\/\/klubmamgdynia.pl\/index.php\/wp-json\/wp\/v2\/product\/2169","targetHints":{"allow":["GET"]}}],"collection":[{"href":"http:\/\/klubmamgdynia.pl\/index.php\/wp-json\/wp\/v2\/product"}],"about":[{"href":"http:\/\/klubmamgdynia.pl\/index.php\/wp-json\/wp\/v2\/types\/product"}],"replies":[{"embeddable":true,"href":"http:\/\/klubmamgdynia.pl\/index.php\/wp-json\/wp\/v2\/comments?post=2169"}],"wp:featuredmedia":[{"embeddable":true,"href":"http:\/\/klubmamgdynia.pl\/index.php\/wp-json\/wp\/v2\/media\/2170"}],"wp:attachment":[{"href":"http:\/\/klubmamgdynia.pl\/index.php\/wp-json\/wp\/v2\/media?parent=2169"}],"wp:term":[{"taxonomy":"product_cat","embeddable":true,"href":"http:\/\/klubmamgdynia.pl\/index.php\/wp-json\/wp\/v2\/product_cat?post=2169"},{"taxonomy":"product_tag","embeddable":true,"href":"http:\/\/klubmamgdynia.pl\/index.php\/wp-json\/wp\/v2\/product_tag?post=2169"}],"curies":[{"name":"wp","href":"https:\/\/api.w.org\/{rel}","templated":true}]}}