{"id":2171,"date":"2020-04-24T18:21:02","date_gmt":"2020-04-24T16:21:02","guid":{"rendered":"http:\/\/klubmamgdynia.pl\/index.php\/produkt\/funiversity-fun-bow-219840\/"},"modified":"2026-04-22T21:09:37","modified_gmt":"2026-04-22T19:09:37","slug":"funiversity-fun-bow-219840","status":"publish","type":"product","link":"http:\/\/klubmamgdynia.pl\/index.php\/produkt\/funiversity-fun-bow-219840\/","title":{"rendered":"Funiversity Fun Bow 219840"},"content":{"rendered":"<p>FUN bow &#8211; T\u0119cza w prob\u00f3wce T\u0119cza w prob\u00f3wce? Jak zamkn\u0105\u0107 takie zjawisko w tak ma\u0142ym naczynku? Sprawd\u017a sam, b\u0105d\u017a jak naukowiec! Ten kolorowy eksperyment wymaga czasu, ale warto si\u0119 potrudzi\u0107, poniewa\u017c efekt jest zaskakuj\u0105cy! Z substancji w wygl\u0105dzie przypominaj\u0105cej cukier otrzymujemy co\u015b na kszta\u0142t galaretki. Po odpowiednim u\u0142o\u017ceniu w prob\u00f3wce kolorowych kryszta\u0142k\u00f3w, ju\u017c po jednym dniu zaobserwujemy zmiany jakie zachodz\u0105- w naszej ma\u0142ej, przeno\u015bnej t\u0119czy! M\u0142odsze dzieci przy pomocy rodzic\u00f3w b\u0119d\u0105 mia\u0142y mn\u00f3stwo zabawy przy obserwacji t\u0119czy i do\u015bwiadczaniu w niej zachodz\u0105cych. Dodatkowo mo\u017cna pokaza\u0107 ma\u0142ym naukowcom jakie kolory powstaj\u0105 z barw podstawowych. Dla starszych dzieci zrobienie samodzielnie t\u0119czy to fantastyczne wyzwanie! Taki eksperyment mo\u017ce wiele nauczy\u0107, u\u015bwiadomi nam czym jest absorpcja, superabsorbenty, hydro\u017cele, wch\u0142anianie oraz barwy i ich pochodne.Sk\u0142ad:7g kryszta\u0142k\u00f3w hydro\u017celowych,3 kolory tabletek barwi\u0105cych,instrukcja obs\u0142ugi.<\/p>\n<h2>Funiversity Fun Bow 219840 Fununiversity<\/h2>\n<p>prezent dla 1 latka, flagi do druku, malowanki do druku, zaj\u0119cia kulinarne dla dzieci pomys\u0142y, s\u0142owa do przyjaciela<\/p>\n<p>yyyyy<\/p>\n<p>&nbsp;<\/p>\n","protected":false},"excerpt":{"rendered":"<p>FUN bow &#8211; T\u0119cza w prob\u00f3wce T\u0119cza w prob\u00f3wce? Jak zamkn\u0105\u0107 takie zjawisko w tak ma\u0142ym naczynku? Sprawd\u017a sam, b\u0105d\u017a jak naukowiec! Ten kolorowy eksperyment wymaga czasu, ale warto si\u0119 potrudzi\u0107, poniewa\u017c efekt jest zaskakuj\u0105cy! Z substancji w wygl\u0105dzie przypominaj\u0105cej cukier otrzymujemy co\u015b na kszta\u0142t galaretki. Po odpowiednim u\u0142o\u017ceniu w prob\u00f3wce kolorowych kryszta\u0142k\u00f3w, ju\u017c po [&hellip;]<\/p>\n","protected":false},"featured_media":2172,"comment_status":"closed","ping_status":"open","template":"","meta":[],"product_cat":[538,72],"product_tag":[834,798,693],"class_list":["post-2171","product","type-product","status-publish","has-post-thumbnail","hentry","product_cat-fununiversity","product_cat-mali-naukowcy","product_tag-bajka-do-czytania-na-dobranoc","product_tag-prezenty-dla-nastolatki","product_tag-zagadki-dla-doroslych"],"_links":{"self":[{"href":"http:\/\/klubmamgdynia.pl\/index.php\/wp-json\/wp\/v2\/product\/2171","targetHints":{"allow":["GET"]}}],"collection":[{"href":"http:\/\/klubmamgdynia.pl\/index.php\/wp-json\/wp\/v2\/product"}],"about":[{"href":"http:\/\/klubmamgdynia.pl\/index.php\/wp-json\/wp\/v2\/types\/product"}],"replies":[{"embeddable":true,"href":"http:\/\/klubmamgdynia.pl\/index.php\/wp-json\/wp\/v2\/comments?post=2171"}],"wp:featuredmedia":[{"embeddable":true,"href":"http:\/\/klubmamgdynia.pl\/index.php\/wp-json\/wp\/v2\/media\/2172"}],"wp:attachment":[{"href":"http:\/\/klubmamgdynia.pl\/index.php\/wp-json\/wp\/v2\/media?parent=2171"}],"wp:term":[{"taxonomy":"product_cat","embeddable":true,"href":"http:\/\/klubmamgdynia.pl\/index.php\/wp-json\/wp\/v2\/product_cat?post=2171"},{"taxonomy":"product_tag","embeddable":true,"href":"http:\/\/klubmamgdynia.pl\/index.php\/wp-json\/wp\/v2\/product_tag?post=2171"}],"curies":[{"name":"wp","href":"https:\/\/api.w.org\/{rel}","templated":true}]}}