{"id":2173,"date":"2013-02-09T18:32:15","date_gmt":"2013-02-09T17:32:15","guid":{"rendered":"http:\/\/klubmamgdynia.pl\/index.php\/produkt\/kik-stolik-wodny-piaskownica-zestaw\/"},"modified":"2026-04-26T12:34:06","modified_gmt":"2026-04-26T10:34:06","slug":"kik-stolik-wodny-piaskownica-zestaw","status":"publish","type":"product","link":"http:\/\/klubmamgdynia.pl\/index.php\/produkt\/kik-stolik-wodny-piaskownica-zestaw\/","title":{"rendered":"Kik stolik wodny piaskownica zestaw"},"content":{"rendered":"<p>STOLIK WODNY PIASKOWNICA ZESTAW DO PIASKU 24EL.Wspania\u0142y park rozrywki w formie stolika b\u0119dzie nie lada gratk\u0105 dla ma\u0142ego odkrywcy.Zestaw w kt\u00f3rym piaskownica oraz pojemniki na wod\u0119 s\u0105 po\u0142\u0105czone w jedn\u0105 form\u0119, pod postaci\u0105 stolika, to co\u015b co Twoja pociecha z pewno\u015bci\u0105 pokocha.Zabawka ta podzielona jest na cztery komory w kt\u00f3rych, mo\u017cemy umie\u015bci\u0107 piasek zwyk\u0142y, piasek kinetyczny lub wod\u0119. Ogranicza nas tylko nasza wyobra\u017ania.Ogromna liczba element\u00f3w przyci\u0105gnie malucha i zapewni mu nieko\u0144cz\u0105ce si\u0119 godziny radosnej zabawy.Z piasku opr\u00f3cz robienia babek, mo\u017cemy stworzy\u0107 rozmaite zamki, budowle czy labirynty.Budowanie z piasku, pozwala na kreatywno\u015b\u0107 oraz rozwija wyobra\u017ani\u0119 przestrzenn\u0105. Ta zabawa pozwala na kszta\u0142towanie czynno\u015bci manualnych, umo\u017cliwia wypracowanie koordynacji wzrokowo-ruchowej, zr\u0119czno\u015bci, precyzji, wzbudza ciekawo\u015b\u0107.W przypadku ch\u0142opc\u00f3w zabawki stanowi\u0105 zaproszenie do eksperymentowania. Je\u015bli za\u015b chodzi o dziewczynki, cz\u0119sto wykorzystuj\u0105 one akcesoria do piasku, jako elementy wyposa\u017cenia kuchni, sklepu czy cukierni. Zabawa z ich u\u017cyciem polega wtedy na wcielaniu si\u0119 w r\u00f3\u017cne role, co z kolei wyzwala dzieci\u0119c\u0105 pomys\u0142owo\u015b\u0107. Ponadto wp\u0142ywa pozytywnie na umiej\u0119tno\u015bci spo\u0142eczne oraz pozwala zdoby\u0107 nowe umiej\u0119tno\u015bci.Bawi\u0105c si\u0119 w wodzie mog\u0105 przelewa\u0107 j\u0105 z jednej komory do drugiej, robi\u0107 fale, chlapa\u0107. Taka forma zabawy wp\u0142ywa na rozw\u00f3j poznawczy. Przelewaj\u0105c wod\u0119, nape\u0142niaj\u0105c foremki, stykaj\u0105 si\u0119 z ci\u0119\u017carem wody pojemno\u015bci\u0105.Dzieci poznaj\u0105 fizyk\u0119 otaczaj\u0105cego \u015bwiata. Zabawy w mokre-suche, nasi\u0105kanie, (materia\u0142 czy te\u017c papier staje si\u0119 mokry po chwili), zamiana sypkiego piasku w b\u0142oto, kt\u00f3re staje si\u0119 kleiste i mo\u017cna z niego lepi\u0107 zamki itp.Woda mo\u017ce p\u0142yn\u0105\u0107 i mo\u017ce by\u0107 zatrzymana (tamy, przegrody), wod\u0119 mo\u017cna transportowa\u0107. Na wodzie mo\u017cna robi\u0107 fale i chlapa\u0107. Niekt\u00f3re przedmioty p\u0142ywaj\u0105 po wodzie, inne ton\u0105.Podczas takiej zabawy dzieci buduj\u0105 si\u0142\u0119 i koordynacj\u0119 ruchow\u0105. Musz\u0105 przy\u0142o\u017cy\u0107 si\u0119, \u017ceby nala\u0107 tyle, ile potrzebuj\u0105, aby nie uroni\u0107 ani kropli je\u015bli tego nie chc\u0105, musz\u0105 przenie\u015b\u0107 ci\u0119\u017car z miejsca na miejsce.\u017bywe kolory element\u00f3w zestawu sprawiaj\u0105, \u017ce nasze pociechy ch\u0119tnie po nie si\u0119gn\u0105 oraz s\u0105 atrakcyjne dla dzieci w r\u00f3\u017cnym przedziale wiekowym.Zestaw zawiera:stolik podzielony na 4 komory4 n\u00f3\u017cki do stolika\u0142opatk\u0119grabki5 foremek\u0141\u00f3deczk\u0119piasek kinetycznysp\u0142yw wody w postaci palmym\u0142ynek do piasku w postaci kwiatkawiaderkoWymiary opakowania: 29cmx17cmx32cmWymiary zabawki: 45cmx45cmx22cm<\/p>\n<h2>Kik stolik wodny piaskownica zestaw Kik<\/h2>\n<p>zagadki dla 7 latka, zagadki dla dzieci 4-5 lat online, jesienne zagadki, dzieci z bullerbyn quiz, zagadki dla 5 latka, zima z\u0142a tekst, aaa kotki dwa tekst, wiosenne zagadki dla dzieci, trudne zagadki na inteligencje<\/p>\n<p>yyyyy<\/p>\n<p>&nbsp;<\/p>\n","protected":false},"excerpt":{"rendered":"<p>STOLIK WODNY PIASKOWNICA ZESTAW DO PIASKU 24EL.Wspania\u0142y park rozrywki w formie stolika b\u0119dzie nie lada gratk\u0105 dla ma\u0142ego odkrywcy.Zestaw w kt\u00f3rym piaskownica oraz pojemniki na wod\u0119 s\u0105 po\u0142\u0105czone w jedn\u0105 form\u0119, pod postaci\u0105 stolika, to co\u015b co Twoja pociecha z pewno\u015bci\u0105 pokocha.Zabawka ta podzielona jest na cztery komory w kt\u00f3rych, mo\u017cemy umie\u015bci\u0107 piasek zwyk\u0142y, piasek [&hellip;]<\/p>\n","protected":false},"featured_media":2174,"comment_status":"closed","ping_status":"open","template":"","meta":[],"product_cat":[165,286],"product_tag":[686,718,678,653,860],"class_list":["post-2173","product","type-product","status-publish","has-post-thumbnail","hentry","product_cat-kik","product_cat-zabawki-do-piasku","product_tag-co-na-roczek-dla-chlopca","product_tag-prezent-na-roczek-dla-chrzesniaka","product_tag-prezent-na-roczek-dla-dziewczynki","product_tag-warszawa-dla-dzieci","product_tag-zagadki-logiczne-dla-doroslych"],"_links":{"self":[{"href":"http:\/\/klubmamgdynia.pl\/index.php\/wp-json\/wp\/v2\/product\/2173","targetHints":{"allow":["GET"]}}],"collection":[{"href":"http:\/\/klubmamgdynia.pl\/index.php\/wp-json\/wp\/v2\/product"}],"about":[{"href":"http:\/\/klubmamgdynia.pl\/index.php\/wp-json\/wp\/v2\/types\/product"}],"replies":[{"embeddable":true,"href":"http:\/\/klubmamgdynia.pl\/index.php\/wp-json\/wp\/v2\/comments?post=2173"}],"wp:featuredmedia":[{"embeddable":true,"href":"http:\/\/klubmamgdynia.pl\/index.php\/wp-json\/wp\/v2\/media\/2174"}],"wp:attachment":[{"href":"http:\/\/klubmamgdynia.pl\/index.php\/wp-json\/wp\/v2\/media?parent=2173"}],"wp:term":[{"taxonomy":"product_cat","embeddable":true,"href":"http:\/\/klubmamgdynia.pl\/index.php\/wp-json\/wp\/v2\/product_cat?post=2173"},{"taxonomy":"product_tag","embeddable":true,"href":"http:\/\/klubmamgdynia.pl\/index.php\/wp-json\/wp\/v2\/product_tag?post=2173"}],"curies":[{"name":"wp","href":"https:\/\/api.w.org\/{rel}","templated":true}]}}