{"id":2175,"date":"2019-11-29T14:06:45","date_gmt":"2019-11-29T13:06:45","guid":{"rendered":"http:\/\/klubmamgdynia.pl\/index.php\/produkt\/smart-games-jas-i-magiczna-fasola-pl-iuvi-games\/"},"modified":"2026-04-29T15:49:11","modified_gmt":"2026-04-29T13:49:11","slug":"smart-games-jas-i-magiczna-fasola-pl-iuvi-games","status":"publish","type":"product","link":"http:\/\/klubmamgdynia.pl\/index.php\/produkt\/smart-games-jas-i-magiczna-fasola-pl-iuvi-games\/","title":{"rendered":"Smart Games Ja\u015b i Magiczna Fasola (PL) IUVI Games"},"content":{"rendered":"<p>Ja\u015b i Magiczna FasolaOdkryj magi\u0119 znanej ba\u015bni we wspania\u0142ej grze dla dzieci w wieku przedszkolnym.\u00a0Dawno, dawno temu\u2026\u017by\u0142 sobie ch\u0142opiec o imieniu Ja\u015b. Zasadzi\u0142 w ogr\u00f3dku magiczne ziarenko fasoli, z kt\u00f3rego wyros\u0142a gigantyczna ro\u015blina si\u0119gaj\u0105ca nieba. Pom\u00f3\u017c Jasiowi wspi\u0105\u0107 si\u0119 po \u0142odydze i dotrze\u0107 do zamku ukrytego w chmurach.                            <\/p>\n<p>Czy pomo\u017cesz Jasiowi wspi\u0105\u0107 si\u0119 po \u0142odydze fasoli wprost do ukrytego w chmurach zamku? Czy zdo\u0142asz opuszcza\u0107 elementy uk\u0142adanki wzd\u0142u\u017c \u0142odygi fasoli tak, aby odtworzy\u0107 obrazek z wybranego zadania? Uwa\u017caj! Elementy b\u0119d\u0105 si\u0119 obraca\u0107 podczas spadania!W grze \u201eJa\u015b i Magiczna Fasola\u201d znajdziemy 60 zada\u0144 oraz ksi\u0105\u017ceczk\u0119 ze wsp\u00f3\u0142czesn\u0105 wersj\u0105 tej znanej ba\u015bni.                            <\/p>\n<p>JAK GRA\u0106?                            <\/p>\n<p>Wybierz zadanie.\u00a0Umieszczaj pojedynczo elementy uk\u0142adanki na drabince od g\u00f3ry w taki spos\u00f3b aby swobodnie spada\u0142y na d\u00f3\u0142.                            <\/p>\n<p>Kiedy b\u0119dziesz opuszcza\u0142 elementy w pewno\u015bci\u0105 wiele razy si\u0119 obr\u00f3c\u0105. Musisz zaplanowa\u0107 odpowiednie u\u0142o\u017cenie ka\u017cdego z opuszczanych element\u00f3w, tak aby po opadni\u0119ciu na sp\u00f3d u\u0142o\u017cy\u0142 si\u0119 zgodnie z ilustracj\u0105 do zadania.\u00a0                            <\/p>\n<p>Zadanie zosta\u0142o rozwi\u0105zane poprawnie, je\u015bli po\u0142\u0105czone elementy fasoli tworz\u0105 razem obrazek z zadania.\u00a0                            <\/p>\n<p>ZAWARTO\u015a\u0106 PUDE\u0141KA                            <\/p>\n<p>10 dwustronnych element\u00f3wdrabinka z \u0142odyg\u0105 fasolizamekksi\u0105\u017ceczka z 60 zadaniami i ich rozwi\u0105zaniami\u00a0ksi\u0105\u017ceczka z bajk\u0105                            <\/p>\n<p>ZA CO POKOCHASZ T\u0118 GR\u0118?\u00a0                            <\/p>\n<p>Nietypowa mechanika obracania klock\u00f3w zainteresuje nawet najwybredniejszych, ma\u0142ych graczy.\u00a0Ja\u015b i Magiczna Fasola to 60 zada\u0144 o r\u00f3\u017cnym stopniu trudno\u015bci, kt\u00f3re poch\u0142on\u0105 Was na d\u0142ugie godziny.\u00a0Dzi\u0119ki zamieszczonej ksi\u0105\u017ceczce z bajk\u0105 Ja\u015b i Magiczna Fasola ta uniwersalna zabawa, pomo\u017ce rozwin\u0105\u0107 wam kreatywno\u015b\u0107.                            <\/p>\n<p>UMIEJ\u0118TNO\u015aCI ROZWIJANE W GRZE                            <\/p>\n<p>W SmartGames wierzymy, \u017ce nauka przez zabaw\u0119 jest jedn\u0105 z najwa\u017cniejszych koncepcji rozwoju dziecka. Poprzez zabaw\u0119 dzieci mog\u0105 uczy\u0107 si\u0119 umiej\u0119tno\u015bci poznawczych, spo\u0142ecznych i j\u0119zykowych oraz budowa\u0107 pewno\u015b\u0107 siebie potrzebn\u0105 do pokonywania wyzwa\u0144.Wszystkie gry SmartGames wykorzystuj\u0105 r\u00f3\u017cne umiej\u0119tno\u015bci poznawcze, gdy gracze rozwi\u0105zuj\u0105 zadania. Na pude\u0142ku ka\u017cdej gry znajdziesz pomocn\u0105 \u015bci\u0105g\u0119, kt\u00f3ra poka\u017ce Ci, jakie umiej\u0119tno\u015bci poznawcze kszta\u0142tuje dana gra logiczna.\u00a0                            <\/p>\n<p>NAGRODY DLA GIER SMARTGAMES<\/p>\n<h2>Smart Games Ja\u015b i Magiczna Fasola (PL) IUVI Games IUVI Games<\/h2>\n<p>historia pluszowego misia dla dzieci, zagadki o zwierz\u0119tach domowych, prezent na 1 urodziny dla dziewczynki, kolorowanka traktor, bajki dla niemowl\u0105t do czytania, karnawa\u0142 maska karnawa\u0142owa szablon, quiz flagi \u015bwiata, co na roczek dla dziewczynki, zagadki o wio\u015bnie dla dzieci, zgadywanki dla dzieci, rysunki dla pocz\u0105tkuj\u0105cych, co robi\u0107 z dzieckiem w warszawie<\/p>\n<p>yyyyy<\/p>\n<p>&nbsp;<\/p>\n","protected":false},"excerpt":{"rendered":"<p>Ja\u015b i Magiczna FasolaOdkryj magi\u0119 znanej ba\u015bni we wspania\u0142ej grze dla dzieci w wieku przedszkolnym.\u00a0Dawno, dawno temu\u2026\u017by\u0142 sobie ch\u0142opiec o imieniu Ja\u015b. Zasadzi\u0142 w ogr\u00f3dku magiczne ziarenko fasoli, z kt\u00f3rego wyros\u0142a gigantyczna ro\u015blina si\u0119gaj\u0105ca nieba. Pom\u00f3\u017c Jasiowi wspi\u0105\u0107 si\u0119 po \u0142odydze i dotrze\u0107 do zamku ukrytego w chmurach. Czy pomo\u017cesz Jasiowi wspi\u0105\u0107 si\u0119 po \u0142odydze [&hellip;]<\/p>\n","protected":false},"featured_media":2176,"comment_status":"closed","ping_status":"open","template":"","meta":[],"product_cat":[130,432],"product_tag":[792,654,630,823,812],"class_list":["post-2175","product","type-product","status-publish","has-post-thumbnail","hentry","product_cat-gry-dzieciece","product_cat-iuvi-games","product_tag-cytaty-o-mamie","product_tag-krotkie-bajki-dla-dzieci-do-czytania","product_tag-podchwytliwe-zagadki-z-odpowiedziami","product_tag-zagadki-dla-dzieci-7-lat","product_tag-zagadki-logiczne-na-inteligencje"],"_links":{"self":[{"href":"http:\/\/klubmamgdynia.pl\/index.php\/wp-json\/wp\/v2\/product\/2175","targetHints":{"allow":["GET"]}}],"collection":[{"href":"http:\/\/klubmamgdynia.pl\/index.php\/wp-json\/wp\/v2\/product"}],"about":[{"href":"http:\/\/klubmamgdynia.pl\/index.php\/wp-json\/wp\/v2\/types\/product"}],"replies":[{"embeddable":true,"href":"http:\/\/klubmamgdynia.pl\/index.php\/wp-json\/wp\/v2\/comments?post=2175"}],"wp:featuredmedia":[{"embeddable":true,"href":"http:\/\/klubmamgdynia.pl\/index.php\/wp-json\/wp\/v2\/media\/2176"}],"wp:attachment":[{"href":"http:\/\/klubmamgdynia.pl\/index.php\/wp-json\/wp\/v2\/media?parent=2175"}],"wp:term":[{"taxonomy":"product_cat","embeddable":true,"href":"http:\/\/klubmamgdynia.pl\/index.php\/wp-json\/wp\/v2\/product_cat?post=2175"},{"taxonomy":"product_tag","embeddable":true,"href":"http:\/\/klubmamgdynia.pl\/index.php\/wp-json\/wp\/v2\/product_tag?post=2175"}],"curies":[{"name":"wp","href":"https:\/\/api.w.org\/{rel}","templated":true}]}}