{"id":2179,"date":"2014-03-24T21:48:08","date_gmt":"2014-03-24T20:48:08","guid":{"rendered":"http:\/\/klubmamgdynia.pl\/index.php\/produkt\/swede-ciezarowka-betoniarka\/"},"modified":"2026-05-01T16:06:44","modified_gmt":"2026-05-01T14:06:44","slug":"swede-ciezarowka-betoniarka","status":"publish","type":"product","link":"http:\/\/klubmamgdynia.pl\/index.php\/produkt\/swede-ciezarowka-betoniarka\/","title":{"rendered":"Swede Ci\u0119\u017car\u00f3wka Betoniarka"},"content":{"rendered":"<p>Kolorowa ci\u0119\u017car\u00f3wka z ruchomymi cz\u0119\u015bciami (b\u0119ben), zasilana jest poprzez tarcie. Produkt zapakowany w kartonowe opakowanie z okienkiem.Zabawka doza\u0142a na baterie typu AG13. Baterie znajduj\u0105 si\u0119 w zabawce. Zabawka dla dzieci od 3 roku \u017cycia. EAN: 5902496119837Wiek: 3-4 lata\/\/ 5-7 lat<\/p>\n<h2>Swede Ci\u0119\u017car\u00f3wka Betoniarka Swede<\/h2>\n<p>jak narysowa\u0107 sanie miko\u0142aja, proste dekoracje \u015bwi\u0105teczne dla dzieci, znaczenie imiona alan, bajka o kreciku, kolorowanka dla dzieci, quizy za darmo, tekst ko\u0142ysanki, antystresowe mandale do druku, prezent na roczek dla dziecka, testy na znaki drogowe, szymon znaczenie imiona, atrakcje dla nastolatk\u00f3w, kolorowanki konie z je\u017ad\u017acem<\/p>\n<p>yyyyy<\/p>\n<p>&nbsp;<\/p>\n","protected":false},"excerpt":{"rendered":"<p>Kolorowa ci\u0119\u017car\u00f3wka z ruchomymi cz\u0119\u015bciami (b\u0119ben), zasilana jest poprzez tarcie. Produkt zapakowany w kartonowe opakowanie z okienkiem.Zabawka doza\u0142a na baterie typu AG13. Baterie znajduj\u0105 si\u0119 w zabawce. Zabawka dla dzieci od 3 roku \u017cycia. EAN: 5902496119837Wiek: 3-4 lata\/\/ 5-7 lat Swede Ci\u0119\u017car\u00f3wka Betoniarka Swede jak narysowa\u0107 sanie miko\u0142aja, proste dekoracje \u015bwi\u0105teczne dla dzieci, znaczenie imiona [&hellip;]<\/p>\n","protected":false},"featured_media":2180,"comment_status":"closed","ping_status":"open","template":"","meta":[],"product_cat":[83,171],"product_tag":[642,605,855,759],"class_list":["post-2179","product","type-product","status-publish","has-post-thumbnail","hentry","product_cat-auta-i-inne-pojazdy-do-zabawy","product_cat-swede","product_tag-mia-imie","product_tag-milena","product_tag-nietypowe-imiona-zenskie","product_tag-pomysly-na-prezent-dla-nastolatkow"],"_links":{"self":[{"href":"http:\/\/klubmamgdynia.pl\/index.php\/wp-json\/wp\/v2\/product\/2179","targetHints":{"allow":["GET"]}}],"collection":[{"href":"http:\/\/klubmamgdynia.pl\/index.php\/wp-json\/wp\/v2\/product"}],"about":[{"href":"http:\/\/klubmamgdynia.pl\/index.php\/wp-json\/wp\/v2\/types\/product"}],"replies":[{"embeddable":true,"href":"http:\/\/klubmamgdynia.pl\/index.php\/wp-json\/wp\/v2\/comments?post=2179"}],"wp:featuredmedia":[{"embeddable":true,"href":"http:\/\/klubmamgdynia.pl\/index.php\/wp-json\/wp\/v2\/media\/2180"}],"wp:attachment":[{"href":"http:\/\/klubmamgdynia.pl\/index.php\/wp-json\/wp\/v2\/media?parent=2179"}],"wp:term":[{"taxonomy":"product_cat","embeddable":true,"href":"http:\/\/klubmamgdynia.pl\/index.php\/wp-json\/wp\/v2\/product_cat?post=2179"},{"taxonomy":"product_tag","embeddable":true,"href":"http:\/\/klubmamgdynia.pl\/index.php\/wp-json\/wp\/v2\/product_tag?post=2179"}],"curies":[{"name":"wp","href":"https:\/\/api.w.org\/{rel}","templated":true}]}}