{"id":2181,"date":"2013-07-07T00:23:49","date_gmt":"2013-07-06T22:23:49","guid":{"rendered":"http:\/\/klubmamgdynia.pl\/index.php\/produkt\/rastar-audi-r8-lms-rtr-srebrny\/"},"modified":"2026-04-07T13:38:55","modified_gmt":"2026-04-07T11:38:55","slug":"rastar-audi-r8-lms-rtr-srebrny","status":"publish","type":"product","link":"http:\/\/klubmamgdynia.pl\/index.php\/produkt\/rastar-audi-r8-lms-rtr-srebrny\/","title":{"rendered":"Rastar Audi R8 Lms Rtr Srebrny"},"content":{"rendered":"<p>Przedstawiamy znany i lubiany model Audi R8 w skali 1:18. Model bazowany na licencji Audi odwzorowany zosta\u0142 w najmniejszych szczeg\u00f3\u0142ach. Idealny prezent dla ka\u017cdego mi\u0142o\u015bnika wy\u015bcig\u00f3w i szybkiej jazdy. Jazda samochodem da Ci realistyczne poczucie pr\u0119dko\u015bci zupe\u0142nie tak, jakby\u015b osobi\u015bcie siedzia\u0142 za sterami auta. Zar\u00f3wno karoseria, jak i pozosta\u0142e detale pojazdu zosta\u0142y przeniesione do mniejszej skali.Na drodze, sylwetka maszyny prezentuje si\u0119 lekko i dynamicznie. Auto posiada w pe\u0142ni amortyzaowane zawieszenie. Gumowe, bie\u017cnikowane opony sprawiaj\u0105, \u017ce jazda jest jeszcze bardziej realistyczna. Audi R8 zosta\u0142 wykonany ze wzmocnionego plastiku ABS, dzi\u0119ki kt\u00f3remu nasz model wyjdzie bez szwanku ze wszelkich kolizji.Frajd\u0119 zwi\u0119kszaj\u0105 \u015bwiec\u0105ce przednie i tylne \u015bwiat\u0142a ledowe zapalaj\u0105ce si\u0119 w trakcie ruchu. Smaczku dope\u0142nia amortyzowany prz\u00f3d, chromowane elementy oraz lakier wzorowany na oryginalnym kolorze. Wszystko wykonane z materia\u0142\u00f3w najwy\u017cszej jako\u015bci.Samoch\u00f3d Rastar Audi R8 jest nie tylko \u017ar\u00f3d\u0142em rozrywki, ale tak\u017ce doskonale wygl\u0105da na p\u00f3\u0142ce. Do uruchomienia naszego samochodu b\u0119dziemy potrzebowa\u0107 4 szt. baterii AA oraz 2 szt. baterii AA do nadajnika, kt\u00f3re r\u00f3wnie\u017c mo\u017cece zakupi\u0107 w naszym sklepie.Dane techniczneAkumulator: baterie AAD\u0142ugo\u015b\u0107 : 255 mmSzeroko\u015b\u0107 : 110 mmWysoko\u015b\u0107: 67mmWiek: 6+Radio: 27-40MHzSkala: 1:18Materia\u0142 wykonania: ABSNa licencji: TakNap\u0119d: 2WDSk\u0142ad zestawuSamoch\u00f3d Audi R8Pilot zdalnego sterowaniaInstrukcjaOryginalne eleganckie opakowanieFilm:<\/p>\n<h2>Rastar Audi R8 Lms Rtr Srebrny Rastar<\/h2>\n<p>podchwytliwe zagadki, m.i.a., adriana imi\u0119, kolorowanka harry potter, anastazja imi\u0119, ma\u0142y ksi\u0105\u017ce test, pokemon kolorowanki do druku, bajki terapeutyczne o emocjach pdf, kolorowanki kotki, prezent dla ch\u0142opca 7 lat, kolorowanka harry potter do druku, zagadki dla dzieci 7-8 lat online, zagadki, zagadki przyrodnicze, wierszyki o marzannie, pomys\u0142y na dzie\u0144 dziecka dla nastolatk\u00f3w, mini zoo \u015bl\u0105sk, kolorowanki do druku dla dziewczyn, test czerwone krzes\u0142o<\/p>\n<p>yyyyy<\/p>\n<p>&nbsp;<\/p>\n","protected":false},"excerpt":{"rendered":"<p>Przedstawiamy znany i lubiany model Audi R8 w skali 1:18. Model bazowany na licencji Audi odwzorowany zosta\u0142 w najmniejszych szczeg\u00f3\u0142ach. Idealny prezent dla ka\u017cdego mi\u0142o\u015bnika wy\u015bcig\u00f3w i szybkiej jazdy. Jazda samochodem da Ci realistyczne poczucie pr\u0119dko\u015bci zupe\u0142nie tak, jakby\u015b osobi\u015bcie siedzia\u0142 za sterami auta. Zar\u00f3wno karoseria, jak i pozosta\u0142e detale pojazdu zosta\u0142y przeniesione do mniejszej [&hellip;]<\/p>\n","protected":false},"featured_media":2182,"comment_status":"closed","ping_status":"open","template":"","meta":[],"product_cat":[504,337],"product_tag":[833,699,599,672],"class_list":["post-2181","product","type-product","status-publish","has-post-thumbnail","hentry","product_cat-rastar","product_cat-zabawki-zdalnie-sterowane","product_tag-bajki-dla-dzieci-do-czytania","product_tag-kolorowanki-do-druku-dla-dziewczyn","product_tag-prezent-dla-nastolatkow-2021","product_tag-trudne-zagadki-z-odpowiedziami"],"_links":{"self":[{"href":"http:\/\/klubmamgdynia.pl\/index.php\/wp-json\/wp\/v2\/product\/2181","targetHints":{"allow":["GET"]}}],"collection":[{"href":"http:\/\/klubmamgdynia.pl\/index.php\/wp-json\/wp\/v2\/product"}],"about":[{"href":"http:\/\/klubmamgdynia.pl\/index.php\/wp-json\/wp\/v2\/types\/product"}],"replies":[{"embeddable":true,"href":"http:\/\/klubmamgdynia.pl\/index.php\/wp-json\/wp\/v2\/comments?post=2181"}],"wp:featuredmedia":[{"embeddable":true,"href":"http:\/\/klubmamgdynia.pl\/index.php\/wp-json\/wp\/v2\/media\/2182"}],"wp:attachment":[{"href":"http:\/\/klubmamgdynia.pl\/index.php\/wp-json\/wp\/v2\/media?parent=2181"}],"wp:term":[{"taxonomy":"product_cat","embeddable":true,"href":"http:\/\/klubmamgdynia.pl\/index.php\/wp-json\/wp\/v2\/product_cat?post=2181"},{"taxonomy":"product_tag","embeddable":true,"href":"http:\/\/klubmamgdynia.pl\/index.php\/wp-json\/wp\/v2\/product_tag?post=2181"}],"curies":[{"name":"wp","href":"https:\/\/api.w.org\/{rel}","templated":true}]}}