{"id":2183,"date":"2020-11-10T22:12:28","date_gmt":"2020-11-10T21:12:28","guid":{"rendered":"http:\/\/klubmamgdynia.pl\/index.php\/produkt\/liscianigiochi-ges\/"},"modified":"2026-04-05T23:27:13","modified_gmt":"2026-04-05T21:27:13","slug":"liscianigiochi-ges","status":"publish","type":"product","link":"http:\/\/klubmamgdynia.pl\/index.php\/produkt\/liscianigiochi-ges\/","title":{"rendered":"Liscianigiochi G\u0119\u015b"},"content":{"rendered":"<p>Chi\u0144czyk Weso\u0142a \u0141\u0105ka w drewnianym pude\u0142ku<\/p>\n<h2>Liscianigiochi G\u0119\u015b Lisciani<\/h2>\n<p>warszawa z dzieckiem, elzbieta imie, oliwier, eneduerabe, imie kuba, proste origami dla dzieci, prezent dla 16 latki, nauczyciel cytaty, planety uk\u0142ad s\u0142oneczny dla dzieci do druku, rysunki do druku, kolorowanki super zings, opisy o rodzinie, kolorowanki minecraft, test z lektury asiunia, desery dla dzieci, mi\u015b z filmu animowanego, quizy ma\u0142y ksi\u0105\u017c\u0119, g\u0142upie zagadki<\/p>\n<p>yyyyy<\/p>\n<p>&nbsp;<\/p>\n","protected":false},"excerpt":{"rendered":"<p>Chi\u0144czyk Weso\u0142a \u0141\u0105ka w drewnianym pude\u0142ku Liscianigiochi G\u0119\u015b Lisciani warszawa z dzieckiem, elzbieta imie, oliwier, eneduerabe, imie kuba, proste origami dla dzieci, prezent dla 16 latki, nauczyciel cytaty, planety uk\u0142ad s\u0142oneczny dla dzieci do druku, rysunki do druku, kolorowanki super zings, opisy o rodzinie, kolorowanki minecraft, test z lektury asiunia, desery dla dzieci, mi\u015b z [&hellip;]<\/p>\n","protected":false},"featured_media":2184,"comment_status":"closed","ping_status":"open","template":"","meta":[],"product_cat":[130,362],"product_tag":[734,596,693,634],"class_list":["post-2183","product","type-product","status-publish","has-post-thumbnail","hentry","product_cat-gry-dzieciece","product_cat-lisciani","product_tag-milan-imie","product_tag-pomysly-na-prima-aprilis","product_tag-zagadki-dla-doroslych","product_tag-zagadki-wielkanocne-dla-dzieci"],"_links":{"self":[{"href":"http:\/\/klubmamgdynia.pl\/index.php\/wp-json\/wp\/v2\/product\/2183","targetHints":{"allow":["GET"]}}],"collection":[{"href":"http:\/\/klubmamgdynia.pl\/index.php\/wp-json\/wp\/v2\/product"}],"about":[{"href":"http:\/\/klubmamgdynia.pl\/index.php\/wp-json\/wp\/v2\/types\/product"}],"replies":[{"embeddable":true,"href":"http:\/\/klubmamgdynia.pl\/index.php\/wp-json\/wp\/v2\/comments?post=2183"}],"wp:featuredmedia":[{"embeddable":true,"href":"http:\/\/klubmamgdynia.pl\/index.php\/wp-json\/wp\/v2\/media\/2184"}],"wp:attachment":[{"href":"http:\/\/klubmamgdynia.pl\/index.php\/wp-json\/wp\/v2\/media?parent=2183"}],"wp:term":[{"taxonomy":"product_cat","embeddable":true,"href":"http:\/\/klubmamgdynia.pl\/index.php\/wp-json\/wp\/v2\/product_cat?post=2183"},{"taxonomy":"product_tag","embeddable":true,"href":"http:\/\/klubmamgdynia.pl\/index.php\/wp-json\/wp\/v2\/product_tag?post=2183"}],"curies":[{"name":"wp","href":"https:\/\/api.w.org\/{rel}","templated":true}]}}