{"id":2185,"date":"2017-05-16T03:35:31","date_gmt":"2017-05-16T01:35:31","guid":{"rendered":"http:\/\/klubmamgdynia.pl\/index.php\/produkt\/playmobil-zestaw-rycerski-bastion-twierdza-86el\/"},"modified":"2026-04-20T07:27:24","modified_gmt":"2026-04-20T05:27:24","slug":"playmobil-zestaw-rycerski-bastion-twierdza-86el","status":"publish","type":"product","link":"http:\/\/klubmamgdynia.pl\/index.php\/produkt\/playmobil-zestaw-rycerski-bastion-twierdza-86el\/","title":{"rendered":"Playmobil Zestaw Rycerski Bastion Twierdza 86El."},"content":{"rendered":"<p>Playmobil Bastion Twierdza RycerskaPLAYMOBIL CITY ACTION SUPERSET PLAC Seria Playmobil Rycerze to niesamowita historia o naje\u017adzie rozb\u00f3jnik\u00f3w na wielki zamek rycerzy herbu LWA.Opis produktuStw\u00f3rz w\u0142asna histori\u0119 i zadecyduj kto wygra a kto poniesie kl\u0119sk\u0119. Czy rycerze herbu Lwa dadz\u0105 rad\u0119 obroni\u0107 zamek i swojego kr\u00f3la?Czy rozb\u00f3jnicy ukradn\u0105 ca\u0142e z\u0142oto?Przenie\u015b si\u0119 w fantastyczny \u015bwiat \u015bredniowiecza, szlachetnych rycerzy i niesamowitych legend.Zawarto\u015b\u0107 zestawuTrzy figurki rycerzy,Figurka konia,Twierdz\u0119 z pe\u0142nym wyposa\u017ceniem,Bro\u0144,Flaga i inne drobne akcesoria.<\/p>\n<h2>Playmobil Zestaw Rycerski Bastion Twierdza 86El. Playmobil<\/h2>\n<p>zagadki dla 4 latka do druku, calineczka test z odpowiedziami, marcel imie, dzieci z bullerbyn quiz, mama cytaty, kreatywne zabawy dla 10 latka, \u015bmieszne kanapki kanapki dla dzieci, zabawy ruchowe dla dzieci, kolorowanki ninjago, star wars kolorowanki, gabriel imi\u0119, imie kuba, bajka o dinozaurach do czytania, kolorowanka wr\u00f3\u017cka, rodzina cytaty, test opowie\u015b\u0107 wigilijna<\/p>\n<p><a href=\"https:\/\/kursystylizacji.pl\/\/zawodowy-kurs-stylizacji-rzes-3-dniowy-wszystkie-metody\">kurs przedluzania rzes<\/a><\/p>\n<p>&nbsp;<\/p>\n","protected":false},"excerpt":{"rendered":"<p>Playmobil Bastion Twierdza RycerskaPLAYMOBIL CITY ACTION SUPERSET PLAC Seria Playmobil Rycerze to niesamowita historia o naje\u017adzie rozb\u00f3jnik\u00f3w na wielki zamek rycerzy herbu LWA.Opis produktuStw\u00f3rz w\u0142asna histori\u0119 i zadecyduj kto wygra a kto poniesie kl\u0119sk\u0119. Czy rycerze herbu Lwa dadz\u0105 rad\u0119 obroni\u0107 zamek i swojego kr\u00f3la?Czy rozb\u00f3jnicy ukradn\u0105 ca\u0142e z\u0142oto?Przenie\u015b si\u0119 w fantastyczny \u015bwiat \u015bredniowiecza, szlachetnych [&hellip;]<\/p>\n","protected":false},"featured_media":2186,"comment_status":"closed","ping_status":"open","template":"","meta":[],"product_cat":[113,466],"product_tag":[603,829,707,682,767,615],"class_list":["post-2185","product","type-product","status-publish","has-post-thumbnail","hentry","product_cat-klocki","product_cat-playmobil","product_tag-bajki-do-czytania","product_tag-bajki-do-czytania-na-dobranoc","product_tag-karty-pracy-dla-dzieci-z-ukrainy","product_tag-przyjazn-cytaty","product_tag-zaproszenia-urodzinowe-do-druku","product_tag-znane-misie-z-filmow-animowanych"],"_links":{"self":[{"href":"http:\/\/klubmamgdynia.pl\/index.php\/wp-json\/wp\/v2\/product\/2185","targetHints":{"allow":["GET"]}}],"collection":[{"href":"http:\/\/klubmamgdynia.pl\/index.php\/wp-json\/wp\/v2\/product"}],"about":[{"href":"http:\/\/klubmamgdynia.pl\/index.php\/wp-json\/wp\/v2\/types\/product"}],"replies":[{"embeddable":true,"href":"http:\/\/klubmamgdynia.pl\/index.php\/wp-json\/wp\/v2\/comments?post=2185"}],"wp:featuredmedia":[{"embeddable":true,"href":"http:\/\/klubmamgdynia.pl\/index.php\/wp-json\/wp\/v2\/media\/2186"}],"wp:attachment":[{"href":"http:\/\/klubmamgdynia.pl\/index.php\/wp-json\/wp\/v2\/media?parent=2185"}],"wp:term":[{"taxonomy":"product_cat","embeddable":true,"href":"http:\/\/klubmamgdynia.pl\/index.php\/wp-json\/wp\/v2\/product_cat?post=2185"},{"taxonomy":"product_tag","embeddable":true,"href":"http:\/\/klubmamgdynia.pl\/index.php\/wp-json\/wp\/v2\/product_tag?post=2185"}],"curies":[{"name":"wp","href":"https:\/\/api.w.org\/{rel}","templated":true}]}}