{"id":2187,"date":"2018-08-16T19:43:01","date_gmt":"2018-08-16T17:43:01","guid":{"rendered":"http:\/\/klubmamgdynia.pl\/index.php\/produkt\/mattel-matchbox-mbx-construction-iii-c1817-hfh05\/"},"modified":"2026-04-29T07:50:07","modified_gmt":"2026-04-29T05:50:07","slug":"mattel-matchbox-mbx-construction-iii-c1817-hfh05","status":"publish","type":"product","link":"http:\/\/klubmamgdynia.pl\/index.php\/produkt\/mattel-matchbox-mbx-construction-iii-c1817-hfh05\/","title":{"rendered":"Mattel Matchbox Mbx Construction III C1817 HFH05"},"content":{"rendered":"<p>Matchbox Pi\u0119ciopak samochodzik\u00f3w Autka do zabawy dla dzieci Wielopak<br \/>\nC1817                            <\/p>\n<p>Zestaw Matchbox\u00ae inspiruje dzieci do bohaterskich akcji dzi\u0119ki 5 realistycznym pojazdom                            <\/p>\n<p>Klasyczny pi\u0119ciopak Matchbox\u00ae to doskona\u0142y prezent dla dzieci i kolekcjoner\u00f3w                            <\/p>\n<p>R\u00f3\u017cne motywy oraz realistyczne detale pobudzaj\u0105 wyobra\u017ani\u0119 i zach\u0119caj\u0105 do odgrywania kreatywnych przyg\u00f3d                            <\/p>\n<p>Gotowa minikolekcja dla m\u0142odszych dzieci i \u015bwietny upominek, na przyk\u0142ad na przyj\u0119cie urodzinowe. Ka\u017cda replika ma wiele detali i zdobie\u0144. Pi\u0119ciopaki sprzedawane oddzielnie w zale\u017cno\u015bci od dost\u0119pno\u015bci                            <\/p>\n<p>Sprawd\u017a pozosta\u0142e zestawy                            <\/p>\n<p>            Mattel Matchbox Mbx Construction III C1817 HFH05<\/p>\n<p>            Mattel Matchbox Blue Highways Ii 5-Pak Stare Samochody C1817 GVY45<\/p>\n<p>            Mattel Matchbox Pi\u0119ciopak Mbx Road Crew C1817 HFH09<\/p>\n<p>            Mattel Matchbox Pi\u0119ciopak Top Gun C1817 Gpf96<\/p>\n<p>            Mattel Matchbox Pi\u0119ciopakTop Gun C1817 Gpf95<\/p>\n<p>            Mattel Matchbox Pi\u0119ciopak Countryside C1817 Gkj02<\/p>\n<p>            Mattel Matchbox Pi\u0119ciopak Wild Ii C1817 Gkj10<\/p>\n<h2>Mattel Matchbox Mbx Construction III C1817 HFH05 Mattel<\/h2>\n<p>trudne zagadki logiczne, przyja\u017a\u0144, miko\u0142ajki dla dzieci warszawa 2021, zagadki dla dzieci do druku, koty do druku, gry planszowe dla nastolatk\u00f3w, pola imie, cytat rodzina, kolorowanka europa, milan imie<\/p>\n<p>yyyyy<\/p>\n<p>&nbsp;<\/p>\n","protected":false},"excerpt":{"rendered":"<p>Matchbox Pi\u0119ciopak samochodzik\u00f3w Autka do zabawy dla dzieci Wielopak C1817 Zestaw Matchbox\u00ae inspiruje dzieci do bohaterskich akcji dzi\u0119ki 5 realistycznym pojazdom Klasyczny pi\u0119ciopak Matchbox\u00ae to doskona\u0142y prezent dla dzieci i kolekcjoner\u00f3w R\u00f3\u017cne motywy oraz realistyczne detale pobudzaj\u0105 wyobra\u017ani\u0119 i zach\u0119caj\u0105 do odgrywania kreatywnych przyg\u00f3d Gotowa minikolekcja dla m\u0142odszych dzieci i \u015bwietny upominek, na przyk\u0142ad na [&hellip;]<\/p>\n","protected":false},"featured_media":2188,"comment_status":"closed","ping_status":"open","template":"","meta":[],"product_cat":[83,289],"product_tag":[622,852,780,620,629],"class_list":["post-2187","product","type-product","status-publish","has-post-thumbnail","hentry","product_cat-auta-i-inne-pojazdy-do-zabawy","product_cat-mattel","product_tag-fajne-zagadki","product_tag-jak-zrobic-samolot-z-papieru","product_tag-krecik-bajka","product_tag-quiz-opowiesci-z-narnii","product_tag-smieszne-zagadki-z-odpowiedziami"],"_links":{"self":[{"href":"http:\/\/klubmamgdynia.pl\/index.php\/wp-json\/wp\/v2\/product\/2187","targetHints":{"allow":["GET"]}}],"collection":[{"href":"http:\/\/klubmamgdynia.pl\/index.php\/wp-json\/wp\/v2\/product"}],"about":[{"href":"http:\/\/klubmamgdynia.pl\/index.php\/wp-json\/wp\/v2\/types\/product"}],"replies":[{"embeddable":true,"href":"http:\/\/klubmamgdynia.pl\/index.php\/wp-json\/wp\/v2\/comments?post=2187"}],"wp:featuredmedia":[{"embeddable":true,"href":"http:\/\/klubmamgdynia.pl\/index.php\/wp-json\/wp\/v2\/media\/2188"}],"wp:attachment":[{"href":"http:\/\/klubmamgdynia.pl\/index.php\/wp-json\/wp\/v2\/media?parent=2187"}],"wp:term":[{"taxonomy":"product_cat","embeddable":true,"href":"http:\/\/klubmamgdynia.pl\/index.php\/wp-json\/wp\/v2\/product_cat?post=2187"},{"taxonomy":"product_tag","embeddable":true,"href":"http:\/\/klubmamgdynia.pl\/index.php\/wp-json\/wp\/v2\/product_tag?post=2187"}],"curies":[{"name":"wp","href":"https:\/\/api.w.org\/{rel}","templated":true}]}}