{"id":2189,"date":"2021-12-04T10:43:07","date_gmt":"2021-12-04T09:43:07","guid":{"rendered":"http:\/\/klubmamgdynia.pl\/index.php\/produkt\/dumel-silverlit-motorowka-pomaranczowo-niebieski\/"},"modified":"2026-04-03T15:49:21","modified_gmt":"2026-04-03T13:49:21","slug":"dumel-silverlit-motorowka-pomaranczowo-niebieski","status":"publish","type":"product","link":"http:\/\/klubmamgdynia.pl\/index.php\/produkt\/dumel-silverlit-motorowka-pomaranczowo-niebieski\/","title":{"rendered":"Dumel Silverlit Motor\u00f3wka Pomara\u0144czowo-Niebieski"},"content":{"rendered":"<p>Zdalnie sterowany poduszkowiec zapewni maluchom moc zabawy w wodzie i na l\u0105dzie! Prz\u00f3d pojazdu zdobi\u0105 weso\u0142e oczka, co nadaje mu przyjaznego charakteru. Do\u0142\u0105czony do zestawu pilot jest wodoodporny, wi\u0119c nie straszne mu zachlapanie podczas zabawy.Pozwala on na sterowanie poduszkowcem w prz\u00f3d i skr\u0119t do ty\u0142u. Pojazd dzia\u0142a na cz\u0119stotliwo\u015bci 2,4Ghz. Produkt przeznaczony jest dla dzieci od 3 roku \u017cycia.Cechy produktu:- \u0142\u00f3d\u017a je\u017adzi po l\u0105dzie i p\u0142ywa po wodzie, poruszaj\u0105c si\u0119 w prz\u00f3d lub obracaj\u0105c si\u0119 na boki- w zestawie: zdalnie sterowany poduszkowiec i pilot- zabawka i pilot zasilane bateryjnie (baterie niezawarte w zestawie)- dzia\u0142a na cz\u0119stotliwo\u015bci 2,4Ghz \u2013 wiek: 3+<\/p>\n<h2>Dumel Silverlit Motor\u00f3wka Pomara\u0144czowo-Niebieski Dumel<\/h2>\n<p>psi patrol kolorowanka, niezapomniany prezent na roczek, krok jak narysowa\u0107 konia, imi\u0119 dla dziewczynki 2019, prezent na dzien dziecka 7 lat, serce kolorowanka, zagadki podchwytliwe z odpowiedziami, kira<\/p>\n<p>yyyyy<\/p>\n<p>&nbsp;<\/p>\n","protected":false},"excerpt":{"rendered":"<p>Zdalnie sterowany poduszkowiec zapewni maluchom moc zabawy w wodzie i na l\u0105dzie! Prz\u00f3d pojazdu zdobi\u0105 weso\u0142e oczka, co nadaje mu przyjaznego charakteru. Do\u0142\u0105czony do zestawu pilot jest wodoodporny, wi\u0119c nie straszne mu zachlapanie podczas zabawy.Pozwala on na sterowanie poduszkowcem w prz\u00f3d i skr\u0119t do ty\u0142u. Pojazd dzia\u0142a na cz\u0119stotliwo\u015bci 2,4Ghz. Produkt przeznaczony jest dla dzieci [&hellip;]<\/p>\n","protected":false},"featured_media":2190,"comment_status":"closed","ping_status":"open","template":"","meta":[],"product_cat":[41,337],"product_tag":[848,663,704,841,587,715],"class_list":["post-2189","product","type-product","status-publish","has-post-thumbnail","hentry","product_cat-dumel","product_cat-zabawki-zdalnie-sterowane","product_tag-cytat-o-rodzinie","product_tag-kolorowanki-dla-dzieci-do-druku","product_tag-prezent-dla-nastolatka","product_tag-quiz-o-flagach","product_tag-skalne-miasto","product_tag-zosia-samosia"],"_links":{"self":[{"href":"http:\/\/klubmamgdynia.pl\/index.php\/wp-json\/wp\/v2\/product\/2189","targetHints":{"allow":["GET"]}}],"collection":[{"href":"http:\/\/klubmamgdynia.pl\/index.php\/wp-json\/wp\/v2\/product"}],"about":[{"href":"http:\/\/klubmamgdynia.pl\/index.php\/wp-json\/wp\/v2\/types\/product"}],"replies":[{"embeddable":true,"href":"http:\/\/klubmamgdynia.pl\/index.php\/wp-json\/wp\/v2\/comments?post=2189"}],"wp:featuredmedia":[{"embeddable":true,"href":"http:\/\/klubmamgdynia.pl\/index.php\/wp-json\/wp\/v2\/media\/2190"}],"wp:attachment":[{"href":"http:\/\/klubmamgdynia.pl\/index.php\/wp-json\/wp\/v2\/media?parent=2189"}],"wp:term":[{"taxonomy":"product_cat","embeddable":true,"href":"http:\/\/klubmamgdynia.pl\/index.php\/wp-json\/wp\/v2\/product_cat?post=2189"},{"taxonomy":"product_tag","embeddable":true,"href":"http:\/\/klubmamgdynia.pl\/index.php\/wp-json\/wp\/v2\/product_tag?post=2189"}],"curies":[{"name":"wp","href":"https:\/\/api.w.org\/{rel}","templated":true}]}}