{"id":2191,"date":"2019-10-11T18:39:04","date_gmt":"2019-10-11T16:39:04","guid":{"rendered":"http:\/\/klubmamgdynia.pl\/index.php\/produkt\/mattel-matchbox-pieciopak-mbx-road-crew-c1817-hfh09\/"},"modified":"2026-04-04T00:29:22","modified_gmt":"2026-04-03T22:29:22","slug":"mattel-matchbox-pieciopak-mbx-road-crew-c1817-hfh09","status":"publish","type":"product","link":"http:\/\/klubmamgdynia.pl\/index.php\/produkt\/mattel-matchbox-pieciopak-mbx-road-crew-c1817-hfh09\/","title":{"rendered":"Mattel Matchbox Pi\u0119ciopak Mbx Road Crew C1817 HFH09"},"content":{"rendered":"<p>Matchbox Pi\u0119ciopak samochodzik\u00f3w Autka do zabawy dla dzieci Wielopak<br \/>\nC1817                            <\/p>\n<p>Zestaw Matchbox\u00ae inspiruje dzieci do bohaterskich akcji dzi\u0119ki 5 realistycznym pojazdom                            <\/p>\n<p>Klasyczny pi\u0119ciopak Matchbox\u00ae to doskona\u0142y prezent dla dzieci i kolekcjoner\u00f3w                            <\/p>\n<p>R\u00f3\u017cne motywy oraz realistyczne detale pobudzaj\u0105 wyobra\u017ani\u0119 i zach\u0119caj\u0105 do odgrywania kreatywnych przyg\u00f3d                            <\/p>\n<p>Gotowa minikolekcja dla m\u0142odszych dzieci i \u015bwietny upominek, na przyk\u0142ad na przyj\u0119cie urodzinowe. Ka\u017cda replika ma wiele detali i zdobie\u0144. Pi\u0119ciopaki sprzedawane oddzielnie w zale\u017cno\u015bci od dost\u0119pno\u015bci                            <\/p>\n<p>Sprawd\u017a pozosta\u0142e zestawy                            <\/p>\n<p>            Mattel Matchbox Mbx Construction III C1817 HFH05<\/p>\n<p>            Mattel Matchbox Blue Highways Ii 5-Pak Stare Samochody C1817 GVY45<\/p>\n<p>            Mattel Matchbox Pi\u0119ciopak Mbx Road Crew C1817 HFH09<\/p>\n<p>            Mattel Matchbox Pi\u0119ciopak Top Gun C1817 Gpf96<\/p>\n<p>            Mattel Matchbox Pi\u0119ciopakTop Gun C1817 Gpf95<\/p>\n<p>            Mattel Matchbox Pi\u0119ciopak Countryside C1817 Gkj02<\/p>\n<p>            Mattel Matchbox Pi\u0119ciopak Wild Ii C1817 Gkj10<\/p>\n<h2>Mattel Matchbox Pi\u0119ciopak Mbx Road Crew C1817 HFH09 Mattel<\/h2>\n<p>zagadki co to jest, m\u0105dre bajki dla dzieci do czytania, lody kolorowanka, fajne \u017carty na prima aprilis<\/p>\n<p>yyyyy<\/p>\n<p>&nbsp;<\/p>\n","protected":false},"excerpt":{"rendered":"<p>Matchbox Pi\u0119ciopak samochodzik\u00f3w Autka do zabawy dla dzieci Wielopak C1817 Zestaw Matchbox\u00ae inspiruje dzieci do bohaterskich akcji dzi\u0119ki 5 realistycznym pojazdom Klasyczny pi\u0119ciopak Matchbox\u00ae to doskona\u0142y prezent dla dzieci i kolekcjoner\u00f3w R\u00f3\u017cne motywy oraz realistyczne detale pobudzaj\u0105 wyobra\u017ani\u0119 i zach\u0119caj\u0105 do odgrywania kreatywnych przyg\u00f3d Gotowa minikolekcja dla m\u0142odszych dzieci i \u015bwietny upominek, na przyk\u0142ad na [&hellip;]<\/p>\n","protected":false},"featured_media":2192,"comment_status":"closed","ping_status":"open","template":"","meta":[],"product_cat":[83,289],"product_tag":[664,808,682,843,694],"class_list":["post-2191","product","type-product","status-publish","has-post-thumbnail","hentry","product_cat-auta-i-inne-pojazdy-do-zabawy","product_cat-mattel","product_tag-atrakcje-dla-dzieci-trojmiasto","product_tag-imie-mia","product_tag-przyjazn-cytaty","product_tag-smieszne-zagadki-dla-dzieci","product_tag-zagadki-swiateczne-dla-dzieci"],"_links":{"self":[{"href":"http:\/\/klubmamgdynia.pl\/index.php\/wp-json\/wp\/v2\/product\/2191","targetHints":{"allow":["GET"]}}],"collection":[{"href":"http:\/\/klubmamgdynia.pl\/index.php\/wp-json\/wp\/v2\/product"}],"about":[{"href":"http:\/\/klubmamgdynia.pl\/index.php\/wp-json\/wp\/v2\/types\/product"}],"replies":[{"embeddable":true,"href":"http:\/\/klubmamgdynia.pl\/index.php\/wp-json\/wp\/v2\/comments?post=2191"}],"wp:featuredmedia":[{"embeddable":true,"href":"http:\/\/klubmamgdynia.pl\/index.php\/wp-json\/wp\/v2\/media\/2192"}],"wp:attachment":[{"href":"http:\/\/klubmamgdynia.pl\/index.php\/wp-json\/wp\/v2\/media?parent=2191"}],"wp:term":[{"taxonomy":"product_cat","embeddable":true,"href":"http:\/\/klubmamgdynia.pl\/index.php\/wp-json\/wp\/v2\/product_cat?post=2191"},{"taxonomy":"product_tag","embeddable":true,"href":"http:\/\/klubmamgdynia.pl\/index.php\/wp-json\/wp\/v2\/product_tag?post=2191"}],"curies":[{"name":"wp","href":"https:\/\/api.w.org\/{rel}","templated":true}]}}