{"id":2195,"date":"2012-06-08T12:34:53","date_gmt":"2012-06-08T10:34:53","guid":{"rendered":"http:\/\/klubmamgdynia.pl\/index.php\/produkt\/mega-creative-zestaw-narzedzi-499455\/"},"modified":"2026-05-17T22:13:31","modified_gmt":"2026-05-17T20:13:31","slug":"mega-creative-zestaw-narzedzi-499455","status":"publish","type":"product","link":"http:\/\/klubmamgdynia.pl\/index.php\/produkt\/mega-creative-zestaw-narzedzi-499455\/","title":{"rendered":"Mega Creative Zestaw Narz\u0119dzi 499455"},"content":{"rendered":"<p>Zalety produktu: rozwija kreatywno\u015b\u0107 dziecka, dziecko poznaje podstawowe narz\u0119dzia warsztatowe. Zestaw narz\u0119dzi MEGA CREATIVE to podstawowy element wyposa\u017cenia ma\u0142ego majsterkowicza. Dzi\u0119ki niemu ka\u017cde dziecko nauczy si\u0119 jak przykr\u0119ca\u0107 \u015brubki czy poprawnie u\u017cywa\u0107 wiertarki Zawarto\u015b\u0107 zestawu: klucz nastawny, m\u0142otek, pi\u0142ka r\u0119czna, 6x \u015brubki, maska, \u015brubokr\u0119t, pas na narz\u0119dzia, wkr\u0119tak oraz deseczka. Wymiary\/waga\/baterie: wymiary produktu wymiar opakowania d\u0142. x wys. x g\u0142. cm : 37x30x6, waga produktu bez opakowania kg : 0,27 kg, waga produktu w opakowaniu kg : 0,43 kg, nie wymaga zasilania bateriami. Produkt przeznaczony dla dzieci w wieku: 3 . Pakowany w kartonik z okienkiem. Pakowanie w kartonie 12 szt.<\/p>\n<h2>Mega Creative Zestaw Narz\u0119dzi 499455 Mega Creative<\/h2>\n<p>dzie\u0144 \u015bw patryka symbole do druku, kr\u00f3tkie bajki na dobranoc do czytania, \u015bmieszne kanapki kanapki dla dzieci, lucyna, ka\u0142u\u017cy\u015bci, zagadki dla 6 latka, szablon zaproszenia na urodziny do wydruku czarno bia\u0142e, kolorowanki do druku, papuga kolorowanka, prezent dla jedenastolatki, bajki dla dzieci online, imi\u0119 mia, co na prezent dla nastolatk\u00f3w<\/p>\n<p>yyyyy<\/p>\n<p>&nbsp;<\/p>\n","protected":false},"excerpt":{"rendered":"<p>Zalety produktu: rozwija kreatywno\u015b\u0107 dziecka, dziecko poznaje podstawowe narz\u0119dzia warsztatowe. Zestaw narz\u0119dzi MEGA CREATIVE to podstawowy element wyposa\u017cenia ma\u0142ego majsterkowicza. Dzi\u0119ki niemu ka\u017cde dziecko nauczy si\u0119 jak przykr\u0119ca\u0107 \u015brubki czy poprawnie u\u017cywa\u0107 wiertarki Zawarto\u015b\u0107 zestawu: klucz nastawny, m\u0142otek, pi\u0142ka r\u0119czna, 6x \u015brubki, maska, \u015brubokr\u0119t, pas na narz\u0119dzia, wkr\u0119tak oraz deseczka. Wymiary\/waga\/baterie: wymiary produktu wymiar opakowania [&hellip;]<\/p>\n","protected":false},"featured_media":2196,"comment_status":"closed","ping_status":"open","template":"","meta":[],"product_cat":[72,64],"product_tag":[833,847,813,752,677],"class_list":["post-2195","product","type-product","status-publish","has-post-thumbnail","hentry","product_cat-mali-naukowcy","product_cat-mega-creative","product_tag-bajki-dla-dzieci-do-czytania","product_tag-kolorowanki-pokemon","product_tag-krotkie-zagadki-matematyczne-z-odpowiedziami","product_tag-kuba-imie","product_tag-milosz-imie"],"_links":{"self":[{"href":"http:\/\/klubmamgdynia.pl\/index.php\/wp-json\/wp\/v2\/product\/2195","targetHints":{"allow":["GET"]}}],"collection":[{"href":"http:\/\/klubmamgdynia.pl\/index.php\/wp-json\/wp\/v2\/product"}],"about":[{"href":"http:\/\/klubmamgdynia.pl\/index.php\/wp-json\/wp\/v2\/types\/product"}],"replies":[{"embeddable":true,"href":"http:\/\/klubmamgdynia.pl\/index.php\/wp-json\/wp\/v2\/comments?post=2195"}],"wp:featuredmedia":[{"embeddable":true,"href":"http:\/\/klubmamgdynia.pl\/index.php\/wp-json\/wp\/v2\/media\/2196"}],"wp:attachment":[{"href":"http:\/\/klubmamgdynia.pl\/index.php\/wp-json\/wp\/v2\/media?parent=2195"}],"wp:term":[{"taxonomy":"product_cat","embeddable":true,"href":"http:\/\/klubmamgdynia.pl\/index.php\/wp-json\/wp\/v2\/product_cat?post=2195"},{"taxonomy":"product_tag","embeddable":true,"href":"http:\/\/klubmamgdynia.pl\/index.php\/wp-json\/wp\/v2\/product_tag?post=2195"}],"curies":[{"name":"wp","href":"https:\/\/api.w.org\/{rel}","templated":true}]}}