{"id":2197,"date":"2019-03-14T18:01:30","date_gmt":"2019-03-14T17:01:30","guid":{"rendered":"http:\/\/klubmamgdynia.pl\/index.php\/produkt\/carrera-toys-pojazd-na-radio-wyscigowka-mario-kart-race-kart-z-dzwiekiem-162107\/"},"modified":"2026-05-17T22:50:31","modified_gmt":"2026-05-17T20:50:31","slug":"carrera-toys-pojazd-na-radio-wyscigowka-mario-kart-race-kart-z-dzwiekiem-162107","status":"publish","type":"product","link":"http:\/\/klubmamgdynia.pl\/index.php\/produkt\/carrera-toys-pojazd-na-radio-wyscigowka-mario-kart-race-kart-z-dzwiekiem-162107\/","title":{"rendered":"Carrera Toys Pojazd na radio Wy\u015bcig\u00f3wka Mario Kart RACE KART z d\u017awi\u0119kiem 162107"},"content":{"rendered":"<p>Zdalnie sterowana wy\u015bcig\u00f3wka z MarioPojedynkuj si\u0119 ze znajomymiChcesz pokaza\u0107 znajomym, co porabia Mario za kierownic\u0105, i sprawdzi\u0107 si\u0119 w starciu z ich samochodami RC? Dzi\u0119ki wolnej od zak\u0142\u00f3ce\u0144 technologii 2,4 GHz nie stanowi to \u017cadnego problemu! Do 16 pojazd\u00f3w mo\u017ce je\u017adzi\u0107 jednocze\u015bnie. Samoch\u00f3d RC mierzy oko\u0142o 35 cm i pozostawia przeciwnik\u00f3w w tyle. Podczas jazdy Mario le\u017cy nawet w odpowiednim kierunku jazdy. Dzi\u0119ki oryginalnej licencji Nintendo zdalnie sterowany pojazd r\u00f3wnie\u017c \u015bwietnie prezentuje si\u0119 w skali 1:16. Samoch\u00f3d posiada r\u00f3wnie\u017c fajne funkcje d\u017awi\u0119kowe, kt\u00f3re mo\u017cna w\u0142\u0105cza\u0107 i wy\u0142\u0105cza\u0107 za pomoc\u0105 kontrolera. Race-Kart zapewnia do 40 minut przyjemno\u015bci z jazdy, a nast\u0119pnie musi by\u0107 \u0142adowany przez oko\u0142o 80 minut. Zawiera wszystko, czego potrzebujesz, aby zaj\u0105\u0107 miejsce na starcie z Mario. Kontroler, pojazd, akumulator &#8211; wszystko jest tutaj.Pr\u0119dko\u015b\u0107 maksymalna 20 km\/h.Wymiary opakowania: 49 x 28,8 x 29,5 cmWiek: 6+<\/p>\n<h2>Carrera Toys Pojazd na radio Wy\u015bcig\u00f3wka Mario Kart RACE KART z d\u017awi\u0119kiem 162107 Carrera<\/h2>\n<p>test wiedzy z lektury przygody tomka sawyera z odpowiedziami, zagadki dla dzieci o zwierz\u0119tach, literki do pisania do druku, gra planszowa dla nastolatk\u00f3w, kolorowanki lol do druku, smok wawelski bajka, gabriela, ozdoby wielkanocne kt\u00f3re mog\u0105 zrobi\u0107 dzieci, zdania do pisania dla dzieci do wydruku, miriam imie, skalne miasto, izabela imie, zagadki matematyczne, psikusy na prima aprilis, jak namalowa\u0107 psa, bajka o kreciku<\/p>\n<p>yyyyy<\/p>\n<p>&nbsp;<\/p>\n","protected":false},"excerpt":{"rendered":"<p>Zdalnie sterowana wy\u015bcig\u00f3wka z MarioPojedynkuj si\u0119 ze znajomymiChcesz pokaza\u0107 znajomym, co porabia Mario za kierownic\u0105, i sprawdzi\u0107 si\u0119 w starciu z ich samochodami RC? Dzi\u0119ki wolnej od zak\u0142\u00f3ce\u0144 technologii 2,4 GHz nie stanowi to \u017cadnego problemu! Do 16 pojazd\u00f3w mo\u017ce je\u017adzi\u0107 jednocze\u015bnie. Samoch\u00f3d RC mierzy oko\u0142o 35 cm i pozostawia przeciwnik\u00f3w w tyle. Podczas jazdy [&hellip;]<\/p>\n","protected":false},"featured_media":2198,"comment_status":"closed","ping_status":"open","template":"","meta":[],"product_cat":[140,337],"product_tag":[810,614,684,774,692,803],"class_list":["post-2197","product","type-product","status-publish","has-post-thumbnail","hentry","product_cat-carrera","product_cat-zabawki-zdalnie-sterowane","product_tag-nauka-zegara-do-druku","product_tag-pia","product_tag-prezent-dla-dziewczynki-na-roczek","product_tag-prezent-na-roczek-nie-zabawka","product_tag-prezenty-na-roczek","product_tag-szlaczki-do-druku"],"_links":{"self":[{"href":"http:\/\/klubmamgdynia.pl\/index.php\/wp-json\/wp\/v2\/product\/2197","targetHints":{"allow":["GET"]}}],"collection":[{"href":"http:\/\/klubmamgdynia.pl\/index.php\/wp-json\/wp\/v2\/product"}],"about":[{"href":"http:\/\/klubmamgdynia.pl\/index.php\/wp-json\/wp\/v2\/types\/product"}],"replies":[{"embeddable":true,"href":"http:\/\/klubmamgdynia.pl\/index.php\/wp-json\/wp\/v2\/comments?post=2197"}],"wp:featuredmedia":[{"embeddable":true,"href":"http:\/\/klubmamgdynia.pl\/index.php\/wp-json\/wp\/v2\/media\/2198"}],"wp:attachment":[{"href":"http:\/\/klubmamgdynia.pl\/index.php\/wp-json\/wp\/v2\/media?parent=2197"}],"wp:term":[{"taxonomy":"product_cat","embeddable":true,"href":"http:\/\/klubmamgdynia.pl\/index.php\/wp-json\/wp\/v2\/product_cat?post=2197"},{"taxonomy":"product_tag","embeddable":true,"href":"http:\/\/klubmamgdynia.pl\/index.php\/wp-json\/wp\/v2\/product_tag?post=2197"}],"curies":[{"name":"wp","href":"https:\/\/api.w.org\/{rel}","templated":true}]}}