{"id":2199,"date":"2011-01-15T02:07:37","date_gmt":"2011-01-15T01:07:37","guid":{"rendered":"http:\/\/klubmamgdynia.pl\/index.php\/produkt\/stihl-kieszen-do-pasa-ap-z-przewodem\/"},"modified":"2026-05-17T23:06:30","modified_gmt":"2026-05-17T21:06:30","slug":"stihl-kieszen-do-pasa-ap-z-przewodem","status":"publish","type":"product","link":"http:\/\/klubmamgdynia.pl\/index.php\/produkt\/stihl-kieszen-do-pasa-ap-z-przewodem\/","title":{"rendered":"STIHL KIESZE\u0143 DO PASA AP Z PRZEWODEM"},"content":{"rendered":"<p>Umo\u017cliwia zasilanie urz\u0105dzenia wyposa\u017conego w gniazdo wtykowe bezpo\u015brednio z akumulatora STIHL AP. Mo\u017cliwo\u015b\u0107 po\u0142\u0105czenia z pasem no\u015bnym do akumulatora. D\u0142ugo\u015b\u0107 przewodu zasilaj\u0105cego 120 cm. Ze zintegrowan\u0105 elektronik\u0105, z wy\u0142\u0105cznikiem przeci\u0105\u017ceniowym i sygna\u0142em akustycznym.<\/p>\n<h2>STIHL KIESZE\u0143 DO PASA AP Z PRZEWODEM Stihl<\/h2>\n<p>zagadki o bo\u017cym narodzeniu, pokemon do druku, opowie\u015bci z narni lew czarownica i stara szafa test, w\u0142ochy, ptak b\u0105k, gabriela imie, lato lato lato czeka tekst, piosenka dla taty przedszkole, dorian, przyjazn, bajki dla dzieci do czytania na dobranoc, quiz spos\u00f3b na alcybiadesa<\/p>\n<p>yyyyy<\/p>\n<p>&nbsp;<\/p>\n","protected":false},"excerpt":{"rendered":"<p>Umo\u017cliwia zasilanie urz\u0105dzenia wyposa\u017conego w gniazdo wtykowe bezpo\u015brednio z akumulatora STIHL AP. Mo\u017cliwo\u015b\u0107 po\u0142\u0105czenia z pasem no\u015bnym do akumulatora. D\u0142ugo\u015b\u0107 przewodu zasilaj\u0105cego 120 cm. Ze zintegrowan\u0105 elektronik\u0105, z wy\u0142\u0105cznikiem przeci\u0105\u017ceniowym i sygna\u0142em akustycznym. STIHL KIESZE\u0143 DO PASA AP Z PRZEWODEM Stihl zagadki o bo\u017cym narodzeniu, pokemon do druku, opowie\u015bci z narni lew czarownica i stara [&hellip;]<\/p>\n","protected":false},"featured_media":2200,"comment_status":"closed","ping_status":"open","template":"","meta":[],"product_cat":[539,534],"product_tag":[851,588,698],"class_list":["post-2199","product","type-product","status-publish","has-post-thumbnail","hentry","product_cat-pozostale-akcesoria-do-elektronarzedzi","product_cat-stihl","product_tag-jak-narysowac-kota","product_tag-wzruszajace-slowa-dla-przyjaciela","product_tag-zagadki-dla-przedszkolakow"],"_links":{"self":[{"href":"http:\/\/klubmamgdynia.pl\/index.php\/wp-json\/wp\/v2\/product\/2199","targetHints":{"allow":["GET"]}}],"collection":[{"href":"http:\/\/klubmamgdynia.pl\/index.php\/wp-json\/wp\/v2\/product"}],"about":[{"href":"http:\/\/klubmamgdynia.pl\/index.php\/wp-json\/wp\/v2\/types\/product"}],"replies":[{"embeddable":true,"href":"http:\/\/klubmamgdynia.pl\/index.php\/wp-json\/wp\/v2\/comments?post=2199"}],"wp:featuredmedia":[{"embeddable":true,"href":"http:\/\/klubmamgdynia.pl\/index.php\/wp-json\/wp\/v2\/media\/2200"}],"wp:attachment":[{"href":"http:\/\/klubmamgdynia.pl\/index.php\/wp-json\/wp\/v2\/media?parent=2199"}],"wp:term":[{"taxonomy":"product_cat","embeddable":true,"href":"http:\/\/klubmamgdynia.pl\/index.php\/wp-json\/wp\/v2\/product_cat?post=2199"},{"taxonomy":"product_tag","embeddable":true,"href":"http:\/\/klubmamgdynia.pl\/index.php\/wp-json\/wp\/v2\/product_tag?post=2199"}],"curies":[{"name":"wp","href":"https:\/\/api.w.org\/{rel}","templated":true}]}}