{"id":2201,"date":"2017-04-05T02:54:46","date_gmt":"2017-04-05T00:54:46","guid":{"rendered":"http:\/\/klubmamgdynia.pl\/index.php\/produkt\/clementoni-mowiace-pioro-50-gier-edukacyjnych-60472\/"},"modified":"2026-04-27T17:08:32","modified_gmt":"2026-04-27T15:08:32","slug":"clementoni-mowiace-pioro-50-gier-edukacyjnych-60472","status":"publish","type":"product","link":"http:\/\/klubmamgdynia.pl\/index.php\/produkt\/clementoni-mowiace-pioro-50-gier-edukacyjnych-60472\/","title":{"rendered":"Clementoni M\u00f3wi\u0105ce Pi\u00f3ro 50 Gier Edukacyjnych 60472"},"content":{"rendered":"<p>M\u00f3wi\u0105ce Pi\u00f3ro 50 Gier Edukacyjnych<\/p>\n<p> Bogaty zestaw do nauki i zabawy z m\u00f3wi\u0105cym pi\u00f3rem.\u00a0\u00a0Zestaw zawiera: zaz\u0119biaj\u0105ce si\u0119 p\u0142ytki, kt\u00f3re umo\u017cliwiaj\u0105 samokontrol\u0119, puzzle, karty i plakaty do nauki alfabetu, liczb i ilo\u015bci. Dzieci ucz\u0105 si\u0119 czyta\u0107 komponuj\u0105c swoje pierwsze s\u0142owa, tak\u017ce w j\u0119zyku angielskim!Pi\u00f3ro m\u00f3wi i nagradza dzieci, kiedy daj\u0105 w\u0142a\u015bciw\u0105 odpowied\u017a, zach\u0119caj\u0105c je, aby spr\u00f3bowa\u0107 ponownie, gdy ich odpowied\u017a jest b\u0142\u0119dna.<\/p>\n<h2>Clementoni M\u00f3wi\u0105ce Pi\u00f3ro 50 Gier Edukacyjnych 60472 Clementoni<\/h2>\n<p>darmowe kolorowanki do druku, uk\u0142ad s\u0142oneczny dla dzieci do druku, quiz bajki, kolorowanka lego ninjago, prezenty na urodziny dla nastolatk\u00f3w, imi\u0119 nela<\/p>\n<p>yyyyy<\/p>\n<p>&nbsp;<\/p>\n","protected":false},"excerpt":{"rendered":"<p>M\u00f3wi\u0105ce Pi\u00f3ro 50 Gier Edukacyjnych Bogaty zestaw do nauki i zabawy z m\u00f3wi\u0105cym pi\u00f3rem.\u00a0\u00a0Zestaw zawiera: zaz\u0119biaj\u0105ce si\u0119 p\u0142ytki, kt\u00f3re umo\u017cliwiaj\u0105 samokontrol\u0119, puzzle, karty i plakaty do nauki alfabetu, liczb i ilo\u015bci. Dzieci ucz\u0105 si\u0119 czyta\u0107 komponuj\u0105c swoje pierwsze s\u0142owa, tak\u017ce w j\u0119zyku angielskim!Pi\u00f3ro m\u00f3wi i nagradza dzieci, kiedy daj\u0105 w\u0142a\u015bciw\u0105 odpowied\u017a, zach\u0119caj\u0105c je, aby spr\u00f3bowa\u0107 [&hellip;]<\/p>\n","protected":false},"featured_media":2202,"comment_status":"closed","ping_status":"open","template":"","meta":[],"product_cat":[163,130],"product_tag":[863,584,821,771,679],"class_list":["post-2201","product","type-product","status-publish","has-post-thumbnail","hentry","product_cat-clementoni","product_cat-gry-dzieciece","product_tag-bajki-dla-dziewczynek","product_tag-liwia","product_tag-marianna","product_tag-stolice-europy-quiz","product_tag-zabawki-na-roczek-dla-dziewczynki"],"_links":{"self":[{"href":"http:\/\/klubmamgdynia.pl\/index.php\/wp-json\/wp\/v2\/product\/2201","targetHints":{"allow":["GET"]}}],"collection":[{"href":"http:\/\/klubmamgdynia.pl\/index.php\/wp-json\/wp\/v2\/product"}],"about":[{"href":"http:\/\/klubmamgdynia.pl\/index.php\/wp-json\/wp\/v2\/types\/product"}],"replies":[{"embeddable":true,"href":"http:\/\/klubmamgdynia.pl\/index.php\/wp-json\/wp\/v2\/comments?post=2201"}],"wp:featuredmedia":[{"embeddable":true,"href":"http:\/\/klubmamgdynia.pl\/index.php\/wp-json\/wp\/v2\/media\/2202"}],"wp:attachment":[{"href":"http:\/\/klubmamgdynia.pl\/index.php\/wp-json\/wp\/v2\/media?parent=2201"}],"wp:term":[{"taxonomy":"product_cat","embeddable":true,"href":"http:\/\/klubmamgdynia.pl\/index.php\/wp-json\/wp\/v2\/product_cat?post=2201"},{"taxonomy":"product_tag","embeddable":true,"href":"http:\/\/klubmamgdynia.pl\/index.php\/wp-json\/wp\/v2\/product_tag?post=2201"}],"curies":[{"name":"wp","href":"https:\/\/api.w.org\/{rel}","templated":true}]}}