{"id":2203,"date":"2025-03-28T16:25:47","date_gmt":"2025-03-28T15:25:47","guid":{"rendered":"http:\/\/klubmamgdynia.pl\/?post_type=product&#038;p=2203"},"modified":"2026-05-17T22:29:10","modified_gmt":"2026-05-17T20:29:10","slug":"lego-brickheadz-40441-koty-krotkowlose","status":"publish","type":"product","link":"http:\/\/klubmamgdynia.pl\/index.php\/produkt\/lego-brickheadz-40441-koty-krotkowlose\/","title":{"rendered":"LEGO BrickHeadz 40441 Koty Kr\u00f3tkow\u0142ose"},"content":{"rendered":"<h2>LEGO BrickHeadz 40441 Koty Kr\u00f3tkow\u0142ose LEGO<\/h2>\n<p>dziecko cytaty z\u0142ote my\u015bli, kolorowanki na andrzejki do wydruku, ko\u0142ysanki dla dzieci + tekst, halloween dla dzieci warszawa 2021, zagadki wielkanocne dla doros\u0142ych, wierszyk o choince, karaluchy pod poduchy a szczypawki, prezent dla 15 latka, prezent dla nastolatka, quiz o usa, ida swieta wielkanocne ida swieta, by\u0142 sobie kr\u00f3l, kiedy dzieci chodza na halloween, na roczek dla ch\u0142opca, pch\u0142y na noc, kolorowanki dla ch\u0142opc\u00f3w do druku, prezent dla rocznego dziecka, zagadki dla doros\u0142ych, mini zoo mazowieckie, oryginalny prezent na roczek dla dziewczynki, czasdzieci krak\u00f3w<\/p>\n<p>yyyyy<\/p>\n<p>&nbsp;<\/p>\n","protected":false},"excerpt":{"rendered":"<p>LEGO BrickHeadz 40441 Koty Kr\u00f3tkow\u0142ose LEGO dziecko cytaty z\u0142ote my\u015bli, kolorowanki na andrzejki do wydruku, ko\u0142ysanki dla dzieci + tekst, halloween dla dzieci warszawa 2021, zagadki wielkanocne dla doros\u0142ych, wierszyk o choince, karaluchy pod poduchy a szczypawki, prezent dla 15 latka, prezent dla nastolatka, quiz o usa, ida swieta wielkanocne ida swieta, by\u0142 sobie kr\u00f3l, [&hellip;]<\/p>\n","protected":false},"featured_media":2204,"comment_status":"closed","ping_status":"open","template":"","meta":[],"product_cat":[113,540],"product_tag":[802,583,629],"class_list":["post-2203","product","type-product","status-publish","has-post-thumbnail","hentry","product_cat-klocki","product_cat-lego","product_tag-co-kupic-dziewczynce-na-roczek","product_tag-kolysanki-dla-dzieci-tekst","product_tag-smieszne-zagadki-z-odpowiedziami"],"_links":{"self":[{"href":"http:\/\/klubmamgdynia.pl\/index.php\/wp-json\/wp\/v2\/product\/2203","targetHints":{"allow":["GET"]}}],"collection":[{"href":"http:\/\/klubmamgdynia.pl\/index.php\/wp-json\/wp\/v2\/product"}],"about":[{"href":"http:\/\/klubmamgdynia.pl\/index.php\/wp-json\/wp\/v2\/types\/product"}],"replies":[{"embeddable":true,"href":"http:\/\/klubmamgdynia.pl\/index.php\/wp-json\/wp\/v2\/comments?post=2203"}],"wp:featuredmedia":[{"embeddable":true,"href":"http:\/\/klubmamgdynia.pl\/index.php\/wp-json\/wp\/v2\/media\/2204"}],"wp:attachment":[{"href":"http:\/\/klubmamgdynia.pl\/index.php\/wp-json\/wp\/v2\/media?parent=2203"}],"wp:term":[{"taxonomy":"product_cat","embeddable":true,"href":"http:\/\/klubmamgdynia.pl\/index.php\/wp-json\/wp\/v2\/product_cat?post=2203"},{"taxonomy":"product_tag","embeddable":true,"href":"http:\/\/klubmamgdynia.pl\/index.php\/wp-json\/wp\/v2\/product_tag?post=2203"}],"curies":[{"name":"wp","href":"https:\/\/api.w.org\/{rel}","templated":true}]}}