{"id":2205,"date":"2013-06-23T13:10:48","date_gmt":"2013-06-23T11:10:48","guid":{"rendered":"http:\/\/klubmamgdynia.pl\/index.php\/produkt\/peter-haddock-publishing-experimake-luksusowe-szminki-i-blyszczyki-addo\/"},"modified":"2026-05-17T22:05:29","modified_gmt":"2026-05-17T20:05:29","slug":"peter-haddock-publishing-experimake-luksusowe-szminki-i-blyszczyki-addo","status":"publish","type":"product","link":"http:\/\/klubmamgdynia.pl\/index.php\/produkt\/peter-haddock-publishing-experimake-luksusowe-szminki-i-blyszczyki-addo\/","title":{"rendered":"Peter Haddock Publishing Experimake Luksusowe Szminki I B\u0142yszczyki Addo"},"content":{"rendered":"<p>Experimake &#8211; Luksusowe szminki i b\u0142yszczyki- zestawy naukowe EXPERIMAKE zosta\u0142y zaprojektowane przez naukowc\u00f3w, aby zach\u0119ci\u0107 dzieci do nauki poprzez zabaw\u0119- zgodnie z ide\u0105 STEM (nauka, technologia, in\u017cynieria, matematyka) ka\u017cdy zestaw rozwija co najmniej dwie z tych umiej\u0119tno\u015bci- produkty EXPERIMAKE nie tylko wspieraj\u0105 edukacj\u0119 najm\u0142odszych, ale przynosz\u0105 im wiele rado\u015bci podczas zabawy oraz anga\u017cuj\u0105 rodzic\u00f3w w odkrywanie \u015bwiata nauki- czy mo\u017ce by\u0107 co\u015b lepszego ni\u017c wsp\u00f3lna inspiruj\u0105ca zabawa?- seria sk\u0142ada si\u0119 z 12 zestaw\u00f3w dedykowanych dziewczynkom oraz ch\u0142opcom- dowiedz si\u0119 jak powsta\u0142a pierwsza szminka i jak wygl\u0105da\u0142a jej ewolucja- stw\u00f3rz swoje w\u0142asne szminki kt\u00f3re stan\u0105 si\u0119 ozdob\u0105 Twojej kosmetyczki- mo\u017cesz te\u017c spr\u00f3bowa\u0107 stworzy\u0107 w\u0142asny b\u0142yszczyk i przechowywa\u0107 go w ma\u0142ym pojemniku, aby nosi\u0107 go zawsze ze sob\u0105Zawarto\u015b\u0107:- 2 prob\u00f3wki do szminki- wosk pszczeli (10 g)- pipeta- plastikowa \u0142opatka- wosk Carnauba (10 g)- olej rycynowy (50 ml)- ma\u0142a miseczka pomiarowa- pomara\u0144czowy barwnik kosmetyczny (3 g)- forma szminki- r\u0119kawiczki ochronne- czerwony barwnik kosmetyczny (3 g)- zapach truskawkowy (3 ml)- zalecenia wiekowe: od 8. roku \u017cycia<\/p>\n<h2>Peter Haddock Publishing Experimake Luksusowe Szminki I B\u0142yszczyki Addo Russell<\/h2>\n<p>skalne miasto, mapa europy do druku, zagadki logiczne dla dzieci 10 lat do druku, kolorowanka kotki, dorian, ozdoby \u015bwi\u0105teczne z rolek po papierze toaletowym, oryginalny prezent dla nastolatk\u00f3w, wierszyki na lany poniedzia\u0142ek<\/p>\n<p>yyyyy<\/p>\n<p>&nbsp;<\/p>\n","protected":false},"excerpt":{"rendered":"<p>Experimake &#8211; Luksusowe szminki i b\u0142yszczyki- zestawy naukowe EXPERIMAKE zosta\u0142y zaprojektowane przez naukowc\u00f3w, aby zach\u0119ci\u0107 dzieci do nauki poprzez zabaw\u0119- zgodnie z ide\u0105 STEM (nauka, technologia, in\u017cynieria, matematyka) ka\u017cdy zestaw rozwija co najmniej dwie z tych umiej\u0119tno\u015bci- produkty EXPERIMAKE nie tylko wspieraj\u0105 edukacj\u0119 najm\u0142odszych, ale przynosz\u0105 im wiele rado\u015bci podczas zabawy oraz anga\u017cuj\u0105 rodzic\u00f3w w [&hellip;]<\/p>\n","protected":false},"featured_media":2206,"comment_status":"closed","ping_status":"open","template":"","meta":[],"product_cat":[72,422],"product_tag":[785,751,606],"class_list":["post-2205","product","type-product","status-publish","has-post-thumbnail","hentry","product_cat-mali-naukowcy","product_cat-russell","product_tag-prezent-dla-nastolatkow","product_tag-psi-patrol-kolorowanka","product_tag-stala-pod-sniegiem"],"_links":{"self":[{"href":"http:\/\/klubmamgdynia.pl\/index.php\/wp-json\/wp\/v2\/product\/2205","targetHints":{"allow":["GET"]}}],"collection":[{"href":"http:\/\/klubmamgdynia.pl\/index.php\/wp-json\/wp\/v2\/product"}],"about":[{"href":"http:\/\/klubmamgdynia.pl\/index.php\/wp-json\/wp\/v2\/types\/product"}],"replies":[{"embeddable":true,"href":"http:\/\/klubmamgdynia.pl\/index.php\/wp-json\/wp\/v2\/comments?post=2205"}],"wp:featuredmedia":[{"embeddable":true,"href":"http:\/\/klubmamgdynia.pl\/index.php\/wp-json\/wp\/v2\/media\/2206"}],"wp:attachment":[{"href":"http:\/\/klubmamgdynia.pl\/index.php\/wp-json\/wp\/v2\/media?parent=2205"}],"wp:term":[{"taxonomy":"product_cat","embeddable":true,"href":"http:\/\/klubmamgdynia.pl\/index.php\/wp-json\/wp\/v2\/product_cat?post=2205"},{"taxonomy":"product_tag","embeddable":true,"href":"http:\/\/klubmamgdynia.pl\/index.php\/wp-json\/wp\/v2\/product_tag?post=2205"}],"curies":[{"name":"wp","href":"https:\/\/api.w.org\/{rel}","templated":true}]}}