{"id":2207,"date":"2017-03-22T20:48:59","date_gmt":"2017-03-22T19:48:59","guid":{"rendered":"http:\/\/klubmamgdynia.pl\/index.php\/produkt\/siku-zdalnie-sterowany-quad-mario\/"},"modified":"2026-05-17T22:05:26","modified_gmt":"2026-05-17T20:05:26","slug":"siku-zdalnie-sterowany-quad-mario","status":"publish","type":"product","link":"http:\/\/klubmamgdynia.pl\/index.php\/produkt\/siku-zdalnie-sterowany-quad-mario\/","title":{"rendered":"Siku Zdalnie sterowany quad Mario"},"content":{"rendered":"<p>Maksymalna Pr\u0119dko\u015b\u0107 + D\u0142ugi Czas Zabawy = Najwy\u017csza Jako\u015b\u0107 RozrywkiWyj\u0105tkowo wysoki poziom rozrywki Carrera RC zosta\u0142 uzyskany poprzez kombinacj\u0119 maksymalnej pr\u0119dko\u015bci, d\u0142ugiego czasu zabawy, szybkiego \u0142adowania baterii, wysokiej jako\u015bci materia\u0142\u00f3w oraz najnowszych technologii. To wszystko stawia produkty Carrera RC na najwy\u017cszej p\u00f3\u0142ce w tym segmencie zabawek elektronicznych. Carrera RC przeniesie Ci\u0119 w niepowtarzalny \u015bwiat wy\u015bcig\u00f3w samochodowych bez konieczno\u015bci wychodzenia z domu! Asortyment Carrera RC obejmuje szeroki wyb\u00f3r samochod\u00f3w wy\u015bcigowych i terenowych, a tak\u017ce \u0142odzi motorowych i modeli lataj\u0105cych. Produkty Carrera gwarantuj\u0105 najwy\u017csz\u0105 jako\u015b\u0107 zabawy pasjonuj\u0105ce wy\u015bcigi, niesamowite ewolucje, szybko\u015b\u0107 i perfekcyjn\u0105 kontrol\u0119 pojazdu, czyli wszystko, czego ojciec i syn mog\u0105 wymaga\u0107 od tych produkt\u00f3w. Carrera RC to synonim jako\u015bci, szybko\u015bci i najnowszych technologii.Te podstawowe warto\u015bci znajduj\u0105 swe odbicie r\u00f3wnie\u017c w polityce marketingowej tej marki.-Top Speed: max. 9 km\/h-Technologia 2,4GHz-Nadwozie wykonane z wytrzyma\u0142ego tworzywa-Czas zabawy: 20 min-Akumulator: 7,4 V 700 mAh-\u0141adowarka :8,4 V 500 mA-Bateria : 6 x AAA (w zestawie)- D\u0142ugo\u015b\u0107: 19 cm<\/p>\n<h2>Siku Zdalnie sterowany quad Mario Carrera<\/h2>\n<p>everest psi patrol kolorowanka, test z lektury asiunia, imi\u0119 adriana, przeczytaj mi wiersz<\/p>\n<p>yyyyy<\/p>\n<p>&nbsp;<\/p>\n","protected":false},"excerpt":{"rendered":"<p>Maksymalna Pr\u0119dko\u015b\u0107 + D\u0142ugi Czas Zabawy = Najwy\u017csza Jako\u015b\u0107 RozrywkiWyj\u0105tkowo wysoki poziom rozrywki Carrera RC zosta\u0142 uzyskany poprzez kombinacj\u0119 maksymalnej pr\u0119dko\u015bci, d\u0142ugiego czasu zabawy, szybkiego \u0142adowania baterii, wysokiej jako\u015bci materia\u0142\u00f3w oraz najnowszych technologii. To wszystko stawia produkty Carrera RC na najwy\u017cszej p\u00f3\u0142ce w tym segmencie zabawek elektronicznych. Carrera RC przeniesie Ci\u0119 w niepowtarzalny \u015bwiat wy\u015bcig\u00f3w [&hellip;]<\/p>\n","protected":false},"featured_media":2208,"comment_status":"closed","ping_status":"open","template":"","meta":[],"product_cat":[83,140],"product_tag":[845,655,759,798,586],"class_list":["post-2207","product","type-product","status-publish","has-post-thumbnail","hentry","product_cat-auta-i-inne-pojazdy-do-zabawy","product_cat-carrera","product_tag-ach-spij-kochanie-tekst","product_tag-najlepsze-zagadki","product_tag-pomysly-na-prezent-dla-nastolatkow","product_tag-prezenty-dla-nastolatki","product_tag-smieszne-zagadki"],"_links":{"self":[{"href":"http:\/\/klubmamgdynia.pl\/index.php\/wp-json\/wp\/v2\/product\/2207","targetHints":{"allow":["GET"]}}],"collection":[{"href":"http:\/\/klubmamgdynia.pl\/index.php\/wp-json\/wp\/v2\/product"}],"about":[{"href":"http:\/\/klubmamgdynia.pl\/index.php\/wp-json\/wp\/v2\/types\/product"}],"replies":[{"embeddable":true,"href":"http:\/\/klubmamgdynia.pl\/index.php\/wp-json\/wp\/v2\/comments?post=2207"}],"wp:featuredmedia":[{"embeddable":true,"href":"http:\/\/klubmamgdynia.pl\/index.php\/wp-json\/wp\/v2\/media\/2208"}],"wp:attachment":[{"href":"http:\/\/klubmamgdynia.pl\/index.php\/wp-json\/wp\/v2\/media?parent=2207"}],"wp:term":[{"taxonomy":"product_cat","embeddable":true,"href":"http:\/\/klubmamgdynia.pl\/index.php\/wp-json\/wp\/v2\/product_cat?post=2207"},{"taxonomy":"product_tag","embeddable":true,"href":"http:\/\/klubmamgdynia.pl\/index.php\/wp-json\/wp\/v2\/product_tag?post=2207"}],"curies":[{"name":"wp","href":"https:\/\/api.w.org\/{rel}","templated":true}]}}