{"id":2209,"date":"2024-11-26T19:48:59","date_gmt":"2024-11-26T18:48:59","guid":{"rendered":"http:\/\/klubmamgdynia.pl\/?post_type=product&#038;p=2209"},"modified":"2026-04-06T03:35:38","modified_gmt":"2026-04-06T01:35:38","slug":"stihl-kask-helm-nauszniki-ochronny-advance-x-vent","status":"publish","type":"product","link":"http:\/\/klubmamgdynia.pl\/index.php\/produkt\/stihl-kask-helm-nauszniki-ochronny-advance-x-vent\/","title":{"rendered":"Stihl Kask He\u0142m Nauszniki Ochronny Advance X Vent"},"content":{"rendered":"<h2>Stihl Kask He\u0142m Nauszniki Ochronny Advance X Vent Stihl<\/h2>\n<p>peppa do czytania, znaki drogowe do druku, bajki na dobranoc dla dzieci, test z lektury dzieci z bullerbyn, traktor do druku, gabriel, bal halloween dla dzieci 2021, test opowie\u015b\u0107 wigilijna, cytaty o przyja\u017ani \u015bmieszne, zagadki halloween dla dzieci, prezent dla 7 latka, prima aprilis zarty, kwiaty polne nazwy i zdj\u0119cia, kolorowanki na andrzejki do wydruku, daria imie, kolorowanki \u015bwi\u0105teczne do druku pdf, jak zapakowa\u0107 prezent dla dziecka, \u017cyczenia na lany poniedzia\u0142ek wielkanocny, bajki do czytania dla dzieci, opowiadanie o jesieni dla dzieci<\/p>\n<p>yyyyy<\/p>\n<p>&nbsp;<\/p>\n","protected":false},"excerpt":{"rendered":"<p>Stihl Kask He\u0142m Nauszniki Ochronny Advance X Vent Stihl peppa do czytania, znaki drogowe do druku, bajki na dobranoc dla dzieci, test z lektury dzieci z bullerbyn, traktor do druku, gabriel, bal halloween dla dzieci 2021, test opowie\u015b\u0107 wigilijna, cytaty o przyja\u017ani \u015bmieszne, zagadki halloween dla dzieci, prezent dla 7 latka, prima aprilis zarty, kwiaty [&hellip;]<\/p>\n","protected":false},"featured_media":2210,"comment_status":"closed","ping_status":"open","template":"","meta":[],"product_cat":[541,534],"product_tag":[845,744,860],"class_list":["post-2209","product","type-product","status-publish","has-post-thumbnail","hentry","product_cat-kaski-i-czapki-ochronne","product_cat-stihl","product_tag-ach-spij-kochanie-tekst","product_tag-kolorowanki-swiateczne-do-wydruku","product_tag-zagadki-logiczne-dla-doroslych"],"_links":{"self":[{"href":"http:\/\/klubmamgdynia.pl\/index.php\/wp-json\/wp\/v2\/product\/2209","targetHints":{"allow":["GET"]}}],"collection":[{"href":"http:\/\/klubmamgdynia.pl\/index.php\/wp-json\/wp\/v2\/product"}],"about":[{"href":"http:\/\/klubmamgdynia.pl\/index.php\/wp-json\/wp\/v2\/types\/product"}],"replies":[{"embeddable":true,"href":"http:\/\/klubmamgdynia.pl\/index.php\/wp-json\/wp\/v2\/comments?post=2209"}],"wp:featuredmedia":[{"embeddable":true,"href":"http:\/\/klubmamgdynia.pl\/index.php\/wp-json\/wp\/v2\/media\/2210"}],"wp:attachment":[{"href":"http:\/\/klubmamgdynia.pl\/index.php\/wp-json\/wp\/v2\/media?parent=2209"}],"wp:term":[{"taxonomy":"product_cat","embeddable":true,"href":"http:\/\/klubmamgdynia.pl\/index.php\/wp-json\/wp\/v2\/product_cat?post=2209"},{"taxonomy":"product_tag","embeddable":true,"href":"http:\/\/klubmamgdynia.pl\/index.php\/wp-json\/wp\/v2\/product_tag?post=2209"}],"curies":[{"name":"wp","href":"https:\/\/api.w.org\/{rel}","templated":true}]}}