{"id":2213,"date":"2023-04-05T08:49:44","date_gmt":"2023-04-05T06:49:44","guid":{"rendered":"http:\/\/klubmamgdynia.pl\/?post_type=product&#038;p=2213"},"modified":"2026-04-06T01:19:41","modified_gmt":"2026-04-05T23:19:41","slug":"bandai-gundam-sd-bb-senshi-nu-gundam","status":"publish","type":"product","link":"http:\/\/klubmamgdynia.pl\/index.php\/produkt\/bandai-gundam-sd-bb-senshi-nu-gundam\/","title":{"rendered":"BANDAI GUNDAM SD BB SENSHI NU GUNDAM"},"content":{"rendered":"<p>Modele Gundam (\u30ac\u30f3\u30c0\u30e0) zwane r\u00f3wnie\u017c jako GUNPLA to modelowe zestawy przedstawiaj\u0105ce w unikalny spos\u00f3b pojazdy i postacie fikcyjnego wszech\u015bwiata Mobile Suit Gundam autorstwa Bandai<\/p>\n<h2>BANDAI GUNDAM SD BB SENSHI NU GUNDAM Bandai<\/h2>\n<p>o b\u0142\u0119dne dyktando, krak\u00f3w atrakcje dla dzieci, prezent dla dziecka 1 rok, szablony do wyklejania plastelin\u0105, okolice wroc\u0142awia, oryginalny prezent na roczek, test z pana kleksa, sporty po francusku, kotki kolorowanka, ilona, alina, test znaki drogowe, prezent dla 7 latka ch\u0142opca<\/p>\n<p>yyyyy<\/p>\n<p>&nbsp;<\/p>\n","protected":false},"excerpt":{"rendered":"<p>Modele Gundam (\u30ac\u30f3\u30c0\u30e0) zwane r\u00f3wnie\u017c jako GUNPLA to modelowe zestawy przedstawiaj\u0105ce w unikalny spos\u00f3b pojazdy i postacie fikcyjnego wszech\u015bwiata Mobile Suit Gundam autorstwa Bandai BANDAI GUNDAM SD BB SENSHI NU GUNDAM Bandai o b\u0142\u0119dne dyktando, krak\u00f3w atrakcje dla dzieci, prezent dla dziecka 1 rok, szablony do wyklejania plastelin\u0105, okolice wroc\u0142awia, oryginalny prezent na roczek, test [&hellip;]<\/p>\n","protected":false},"featured_media":2214,"comment_status":"closed","ping_status":"open","template":"","meta":[],"product_cat":[96,97],"product_tag":[668,631,595],"class_list":["post-2213","product","type-product","status-publish","has-post-thumbnail","hentry","product_cat-bandai","product_cat-figurki-kolekcjonerskie","product_tag-atrakcje-dla-dzieci-wroclaw","product_tag-prezent-na-roczek","product_tag-zagadki-dla-6-latka"],"_links":{"self":[{"href":"http:\/\/klubmamgdynia.pl\/index.php\/wp-json\/wp\/v2\/product\/2213","targetHints":{"allow":["GET"]}}],"collection":[{"href":"http:\/\/klubmamgdynia.pl\/index.php\/wp-json\/wp\/v2\/product"}],"about":[{"href":"http:\/\/klubmamgdynia.pl\/index.php\/wp-json\/wp\/v2\/types\/product"}],"replies":[{"embeddable":true,"href":"http:\/\/klubmamgdynia.pl\/index.php\/wp-json\/wp\/v2\/comments?post=2213"}],"wp:featuredmedia":[{"embeddable":true,"href":"http:\/\/klubmamgdynia.pl\/index.php\/wp-json\/wp\/v2\/media\/2214"}],"wp:attachment":[{"href":"http:\/\/klubmamgdynia.pl\/index.php\/wp-json\/wp\/v2\/media?parent=2213"}],"wp:term":[{"taxonomy":"product_cat","embeddable":true,"href":"http:\/\/klubmamgdynia.pl\/index.php\/wp-json\/wp\/v2\/product_cat?post=2213"},{"taxonomy":"product_tag","embeddable":true,"href":"http:\/\/klubmamgdynia.pl\/index.php\/wp-json\/wp\/v2\/product_tag?post=2213"}],"curies":[{"name":"wp","href":"https:\/\/api.w.org\/{rel}","templated":true}]}}