{"id":2215,"date":"2014-05-15T09:09:00","date_gmt":"2014-05-15T07:09:00","guid":{"rendered":"http:\/\/klubmamgdynia.pl\/index.php\/produkt\/dromader-zestaw-pralka-i-zelazko-2759-zabawka\/"},"modified":"2026-05-01T15:14:08","modified_gmt":"2026-05-01T13:14:08","slug":"dromader-zestaw-pralka-i-zelazko-2759-zabawka","status":"publish","type":"product","link":"http:\/\/klubmamgdynia.pl\/index.php\/produkt\/dromader-zestaw-pralka-i-zelazko-2759-zabawka\/","title":{"rendered":"Dromader Zestaw Pralka i \u017celazko (2759) &#8211; Zabawka"},"content":{"rendered":"<p>Zestaw Pralka i \u017celazkoParametry:Wiek: od 5 lat<\/p>\n<h2>Dromader Zestaw Pralka i \u017celazko (2759) &#8211; Zabawka Dromader<\/h2>\n<p>szablony do wyklejania plastelin\u0105, kolorowanki, kolorowanka lato, prezent dla 16 latki, znaczenie imiona kinga, test z lektury ania z zielonego wzg\u00f3rza klasa 6 z odpowiedziami, zagadki dla dzieci 10 lat, \u0142ama\u0144ce j\u0119zykowe dla dzieci, tekst ko\u0142ysanki, prezent dla 13 latki na \u015bwi\u0119ta, quizy o minecraft, przyja\u017a\u0144 cytaty<\/p>\n<p>yyyyy<\/p>\n<p>&nbsp;<\/p>\n","protected":false},"excerpt":{"rendered":"<p>Zestaw Pralka i \u017celazkoParametry:Wiek: od 5 lat Dromader Zestaw Pralka i \u017celazko (2759) &#8211; Zabawka Dromader szablony do wyklejania plastelin\u0105, kolorowanki, kolorowanka lato, prezent dla 16 latki, znaczenie imiona kinga, test z lektury ania z zielonego wzg\u00f3rza klasa 6 z odpowiedziami, zagadki dla dzieci 10 lat, \u0142ama\u0144ce j\u0119zykowe dla dzieci, tekst ko\u0142ysanki, prezent dla 13 [&hellip;]<\/p>\n","protected":false},"featured_media":2216,"comment_status":"closed","ping_status":"open","template":"","meta":[],"product_cat":[60,53],"product_tag":[763,810,601],"class_list":["post-2215","product","type-product","status-publish","has-post-thumbnail","hentry","product_cat-dromader","product_cat-kaciki-zabaw","product_tag-fabian","product_tag-nauka-zegara-do-druku","product_tag-zagadki-co-to-jest"],"_links":{"self":[{"href":"http:\/\/klubmamgdynia.pl\/index.php\/wp-json\/wp\/v2\/product\/2215","targetHints":{"allow":["GET"]}}],"collection":[{"href":"http:\/\/klubmamgdynia.pl\/index.php\/wp-json\/wp\/v2\/product"}],"about":[{"href":"http:\/\/klubmamgdynia.pl\/index.php\/wp-json\/wp\/v2\/types\/product"}],"replies":[{"embeddable":true,"href":"http:\/\/klubmamgdynia.pl\/index.php\/wp-json\/wp\/v2\/comments?post=2215"}],"wp:featuredmedia":[{"embeddable":true,"href":"http:\/\/klubmamgdynia.pl\/index.php\/wp-json\/wp\/v2\/media\/2216"}],"wp:attachment":[{"href":"http:\/\/klubmamgdynia.pl\/index.php\/wp-json\/wp\/v2\/media?parent=2215"}],"wp:term":[{"taxonomy":"product_cat","embeddable":true,"href":"http:\/\/klubmamgdynia.pl\/index.php\/wp-json\/wp\/v2\/product_cat?post=2215"},{"taxonomy":"product_tag","embeddable":true,"href":"http:\/\/klubmamgdynia.pl\/index.php\/wp-json\/wp\/v2\/product_tag?post=2215"}],"curies":[{"name":"wp","href":"https:\/\/api.w.org\/{rel}","templated":true}]}}