{"id":2217,"date":"2019-07-31T16:12:09","date_gmt":"2019-07-31T14:12:09","guid":{"rendered":"http:\/\/klubmamgdynia.pl\/index.php\/produkt\/bandai-30mm-1-144-bexm-15-portanova-blue\/"},"modified":"2026-04-06T02:49:56","modified_gmt":"2026-04-06T00:49:56","slug":"bandai-30mm-1-144-bexm-15-portanova-blue","status":"publish","type":"product","link":"http:\/\/klubmamgdynia.pl\/index.php\/produkt\/bandai-30mm-1-144-bexm-15-portanova-blue\/","title":{"rendered":"Bandai 30Mm 1\/144 Bexm-15 Portanova Blue"},"content":{"rendered":"<p>Znane te\u017c jako 30MM, 30 Minutes Missions to oryginalna linia modeli od firmy Bandai przedstawiaj\u0105ca humanoidalne maszyny oraz dodatkowe ich wyposa\u017cenie, stworzone wed\u0142ug projekt\u00f3w Kanetaki Ebikawy<\/p>\n<h2>Bandai 30Mm 1\/144 Bexm-15 Portanova Blue Bandai<\/h2>\n<p>zabawy ruchowe dla dzieci w przedszkolu, gry z pi\u0142k\u0105, minecraft kolorowanki, \u0142atwe laurki, zagadki co to jest, kr\u00f3tkie bajki na dobranoc o mi\u0142o\u015bci, rzadkie imiona japo\u0144skie, quiz o flagach, iwo imi\u0119, krak\u00f3w atrakcje dla dzieci, prezent na roczek dla chlopca, gry i zabawy ruchowe, pa\u0144stwa europy i ich stolice quiz, prezent na dzie\u0144 dziecka dla nastolatk\u00f3w, place zabaw warszawa, prezenty dla nastolatk\u00f3w, pomys\u0142y na dzie\u0144 dziecka dla nastolatk\u00f3w, ciekawe miejsca w warszawie dla m\u0142odzie\u017cy, minecraft quiz<\/p>\n<p>yyyyy<\/p>\n<p>&nbsp;<\/p>\n","protected":false},"excerpt":{"rendered":"<p>Znane te\u017c jako 30MM, 30 Minutes Missions to oryginalna linia modeli od firmy Bandai przedstawiaj\u0105ca humanoidalne maszyny oraz dodatkowe ich wyposa\u017cenie, stworzone wed\u0142ug projekt\u00f3w Kanetaki Ebikawy Bandai 30Mm 1\/144 Bexm-15 Portanova Blue Bandai zabawy ruchowe dla dzieci w przedszkolu, gry z pi\u0142k\u0105, minecraft kolorowanki, \u0142atwe laurki, zagadki co to jest, kr\u00f3tkie bajki na dobranoc o [&hellip;]<\/p>\n","protected":false},"featured_media":2218,"comment_status":"closed","ping_status":"open","template":"","meta":[],"product_cat":[96,97],"product_tag":[821,630,621,615],"class_list":["post-2217","product","type-product","status-publish","has-post-thumbnail","hentry","product_cat-bandai","product_cat-figurki-kolekcjonerskie","product_tag-marianna","product_tag-podchwytliwe-zagadki-z-odpowiedziami","product_tag-prezenty-roczek","product_tag-znane-misie-z-filmow-animowanych"],"_links":{"self":[{"href":"http:\/\/klubmamgdynia.pl\/index.php\/wp-json\/wp\/v2\/product\/2217","targetHints":{"allow":["GET"]}}],"collection":[{"href":"http:\/\/klubmamgdynia.pl\/index.php\/wp-json\/wp\/v2\/product"}],"about":[{"href":"http:\/\/klubmamgdynia.pl\/index.php\/wp-json\/wp\/v2\/types\/product"}],"replies":[{"embeddable":true,"href":"http:\/\/klubmamgdynia.pl\/index.php\/wp-json\/wp\/v2\/comments?post=2217"}],"wp:featuredmedia":[{"embeddable":true,"href":"http:\/\/klubmamgdynia.pl\/index.php\/wp-json\/wp\/v2\/media\/2218"}],"wp:attachment":[{"href":"http:\/\/klubmamgdynia.pl\/index.php\/wp-json\/wp\/v2\/media?parent=2217"}],"wp:term":[{"taxonomy":"product_cat","embeddable":true,"href":"http:\/\/klubmamgdynia.pl\/index.php\/wp-json\/wp\/v2\/product_cat?post=2217"},{"taxonomy":"product_tag","embeddable":true,"href":"http:\/\/klubmamgdynia.pl\/index.php\/wp-json\/wp\/v2\/product_tag?post=2217"}],"curies":[{"name":"wp","href":"https:\/\/api.w.org\/{rel}","templated":true}]}}