{"id":2219,"date":"2021-12-16T10:00:34","date_gmt":"2021-12-16T09:00:34","guid":{"rendered":"http:\/\/klubmamgdynia.pl\/index.php\/produkt\/clementoni-puzzle-super-kolor-superhero-2x20el\/"},"modified":"2026-04-06T15:58:28","modified_gmt":"2026-04-06T13:58:28","slug":"clementoni-puzzle-super-kolor-superhero-2x20el","status":"publish","type":"product","link":"http:\/\/klubmamgdynia.pl\/index.php\/produkt\/clementoni-puzzle-super-kolor-superhero-2x20el\/","title":{"rendered":"Clementoni Puzzle Super Kolor Superhero 2X20El."},"content":{"rendered":"<p>Autor:ISBN: 3+EAN: 8005125252480Wydawnictwo: ClementoniWydanie: pude\u0142ko,34,3&#215;24,3&#215;3,5 cmStrony:Puzzle Super Color 3 x 48 el. Wyj\u0105tkowe barwy druku uzyskano dzi\u0119ki wykorzystaniu technologii Super Kolor.Wymiar uk\u0142adanki 32 x 22 cm<\/p>\n<h2>Clementoni Puzzle Super Kolor Superhero 2X20El. Clementoni<\/h2>\n<p>gry i zabawy dla dzieci, quiz z ma\u0142ego ksi\u0119cia, co kupi\u0107 na roczek dla ch\u0142opca, bal halloween dla dzieci 2021, lol surprise kolorowanka, pomys\u0142 na prima aprilis, zagadki o lesie<\/p>\n<p>yyyyy<\/p>\n<p>&nbsp;<\/p>\n","protected":false},"excerpt":{"rendered":"<p>Autor:ISBN: 3+EAN: 8005125252480Wydawnictwo: ClementoniWydanie: pude\u0142ko,34,3&#215;24,3&#215;3,5 cmStrony:Puzzle Super Color 3 x 48 el. Wyj\u0105tkowe barwy druku uzyskano dzi\u0119ki wykorzystaniu technologii Super Kolor.Wymiar uk\u0142adanki 32 x 22 cm Clementoni Puzzle Super Kolor Superhero 2X20El. Clementoni gry i zabawy dla dzieci, quiz z ma\u0142ego ksi\u0119cia, co kupi\u0107 na roczek dla ch\u0142opca, bal halloween dla dzieci 2021, lol surprise [&hellip;]<\/p>\n","protected":false},"featured_media":2220,"comment_status":"closed","ping_status":"open","template":"","meta":[],"product_cat":[163,90],"product_tag":[871,753,614,769,661,710],"class_list":["post-2219","product","type-product","status-publish","has-post-thumbnail","hentry","product_cat-clementoni","product_cat-puzzle","product_tag-bajka-o-smoku-wawelskim","product_tag-kamila","product_tag-pia","product_tag-psi-patrol-do-czytania","product_tag-swinka-peppa-kolorowanka","product_tag-zagadki-dla-dzieci-10-12-lat"],"_links":{"self":[{"href":"http:\/\/klubmamgdynia.pl\/index.php\/wp-json\/wp\/v2\/product\/2219","targetHints":{"allow":["GET"]}}],"collection":[{"href":"http:\/\/klubmamgdynia.pl\/index.php\/wp-json\/wp\/v2\/product"}],"about":[{"href":"http:\/\/klubmamgdynia.pl\/index.php\/wp-json\/wp\/v2\/types\/product"}],"replies":[{"embeddable":true,"href":"http:\/\/klubmamgdynia.pl\/index.php\/wp-json\/wp\/v2\/comments?post=2219"}],"wp:featuredmedia":[{"embeddable":true,"href":"http:\/\/klubmamgdynia.pl\/index.php\/wp-json\/wp\/v2\/media\/2220"}],"wp:attachment":[{"href":"http:\/\/klubmamgdynia.pl\/index.php\/wp-json\/wp\/v2\/media?parent=2219"}],"wp:term":[{"taxonomy":"product_cat","embeddable":true,"href":"http:\/\/klubmamgdynia.pl\/index.php\/wp-json\/wp\/v2\/product_cat?post=2219"},{"taxonomy":"product_tag","embeddable":true,"href":"http:\/\/klubmamgdynia.pl\/index.php\/wp-json\/wp\/v2\/product_tag?post=2219"}],"curies":[{"name":"wp","href":"https:\/\/api.w.org\/{rel}","templated":true}]}}