{"id":2221,"date":"2023-08-18T02:27:17","date_gmt":"2023-08-18T00:27:17","guid":{"rendered":"http:\/\/klubmamgdynia.pl\/?post_type=product&#038;p=2221"},"modified":"2026-04-05T20:34:52","modified_gmt":"2026-04-05T18:34:52","slug":"robinson-kolowrotek-suzuka-fd-258-23psz258","status":"publish","type":"product","link":"http:\/\/klubmamgdynia.pl\/index.php\/produkt\/robinson-kolowrotek-suzuka-fd-258-23psz258\/","title":{"rendered":"ROBINSON KO\u0141OWROTEK SUZUKA FD 258 (23PSZ258)"},"content":{"rendered":"<p>Przedmiotem sprzeda\u017cy jest ko\u0142owrotek Robinson z serii Suzuka FD 258.Model &#8211; Suzuka FD 258Wielko\u015b\u0107 &#8211; FD 258Prze\u0142o\u017cenie &#8211; 5,2:1Naw\u00f3j &#8211; 80cmWaga &#8211; 268gIlo\u015b\u0107 \u0142o\u017cysk &#8211; 7+1Pojemno\u015b\u0107 szpuli &#8211; 0,18mm\/175mKod produktu &#8211; 23P-SZ-258Opis ze strony producenta:Ko\u0142owrotek Suzuka od marki Robinson nie tylko dobrze wygl\u0105da, ale r\u00f3wnie\u017c pracuje. Lekka grafitowa konstrukcja powoduje, \u017ce jego ci\u0119\u017car jest ledwo wyczuwalny. Posiada a\u017c osiem \u0142o\u017cysk (w tym jedno oporowe) oraz duraluminiow\u0105, dwukolorow\u0105, anodyzowan\u0105 szpul\u0119 z zabezpieczaj\u0105cym klipsem. Opr\u00f3cz tego na ko\u0142owrotek sk\u0142adaj\u0105 si\u0119 r\u00f3wnie\u017c: powi\u0119kszona rolka pokryta stopem mosi\u0105dzu azotku tytanu typu &#8222;kropla wody&#8221; oraz precyzyjny multitarczowy hamulec. Mocna, aluminiowa r\u0105czka wkr\u0119cana w korpus posiada ergonomiczny, antypo\u015blizgowy uchwyt korbki wykonany z pianki EVA. Model posiada mo\u017cliwo\u015b\u0107 prze\u0142o\u017cenia r\u0105czki lewo\/prawo.<\/p>\n<h2>ROBINSON KO\u0141OWROTEK SUZUKA FD 258 (23PSZ258) Robinson<\/h2>\n<p>piosenka na dzie\u0144 mamy tekst, na roczek, kwiaty polne nazwy, cookie dough przepis, kolorowanki samochody, zabawy dla 6 latk\u00f3w, zaproszenie na urodziny do druku pdf, maski dla dzieci do druku, kr\u00f3tkie bajki na dobranoc do czytania, podchwytliwe zagadki, zabawy z pi\u0142k\u0105 dla dzieci, imi\u0119 mia, bajka o \u017cabie, r\u00f3\u017cne zagadki, super zings kolorowanka, quizy dla dzieci 7 lat, lego ninjago kolorowanki<\/p>\n<p>yyyyy<\/p>\n<p>&nbsp;<\/p>\n","protected":false},"excerpt":{"rendered":"<p>Przedmiotem sprzeda\u017cy jest ko\u0142owrotek Robinson z serii Suzuka FD 258.Model &#8211; Suzuka FD 258Wielko\u015b\u0107 &#8211; FD 258Prze\u0142o\u017cenie &#8211; 5,2:1Naw\u00f3j &#8211; 80cmWaga &#8211; 268gIlo\u015b\u0107 \u0142o\u017cysk &#8211; 7+1Pojemno\u015b\u0107 szpuli &#8211; 0,18mm\/175mKod produktu &#8211; 23P-SZ-258Opis ze strony producenta:Ko\u0142owrotek Suzuka od marki Robinson nie tylko dobrze wygl\u0105da, ale r\u00f3wnie\u017c pracuje. Lekka grafitowa konstrukcja powoduje, \u017ce jego ci\u0119\u017car jest ledwo [&hellip;]<\/p>\n","protected":false},"featured_media":2222,"comment_status":"closed","ping_status":"open","template":"","meta":[],"product_cat":[543,542],"product_tag":[666,745,830],"class_list":["post-2221","product","type-product","status-publish","has-post-thumbnail","hentry","product_cat-kolowrotki","product_cat-robinson","product_tag-afrykanskie-imiona","product_tag-prezent-dla-15-latki","product_tag-rodzina-cytaty"],"_links":{"self":[{"href":"http:\/\/klubmamgdynia.pl\/index.php\/wp-json\/wp\/v2\/product\/2221","targetHints":{"allow":["GET"]}}],"collection":[{"href":"http:\/\/klubmamgdynia.pl\/index.php\/wp-json\/wp\/v2\/product"}],"about":[{"href":"http:\/\/klubmamgdynia.pl\/index.php\/wp-json\/wp\/v2\/types\/product"}],"replies":[{"embeddable":true,"href":"http:\/\/klubmamgdynia.pl\/index.php\/wp-json\/wp\/v2\/comments?post=2221"}],"wp:featuredmedia":[{"embeddable":true,"href":"http:\/\/klubmamgdynia.pl\/index.php\/wp-json\/wp\/v2\/media\/2222"}],"wp:attachment":[{"href":"http:\/\/klubmamgdynia.pl\/index.php\/wp-json\/wp\/v2\/media?parent=2221"}],"wp:term":[{"taxonomy":"product_cat","embeddable":true,"href":"http:\/\/klubmamgdynia.pl\/index.php\/wp-json\/wp\/v2\/product_cat?post=2221"},{"taxonomy":"product_tag","embeddable":true,"href":"http:\/\/klubmamgdynia.pl\/index.php\/wp-json\/wp\/v2\/product_tag?post=2221"}],"curies":[{"name":"wp","href":"https:\/\/api.w.org\/{rel}","templated":true}]}}