{"id":2223,"date":"2020-01-26T08:42:31","date_gmt":"2020-01-26T07:42:31","guid":{"rendered":"http:\/\/klubmamgdynia.pl\/index.php\/produkt\/swede-wiatrak-banki-mydlane\/"},"modified":"2026-04-06T10:49:45","modified_gmt":"2026-04-06T08:49:45","slug":"swede-wiatrak-banki-mydlane","status":"publish","type":"product","link":"http:\/\/klubmamgdynia.pl\/index.php\/produkt\/swede-wiatrak-banki-mydlane\/","title":{"rendered":"Swede Wiatrak + Ba\u0144ki Mydlane"},"content":{"rendered":"<p>Zabawka wiatraczek z ba\u0144kami 2w1. Odkr\u0119\u0107 cz\u0119\u015b\u0107 z p\u0142ynem do baniek Wlej p\u0142yn do podstawki. Zanu\u017c w p\u0142ynie cz\u0119\u015b\u0107 z wiatraczkiem nast\u0119pnie wyci\u0105gnij i dmuchaj, wtedy zaczn\u0105 pojawia\u0107 si\u0119 ba\u0144ki a wiatraczek b\u0119dzie sie kr\u0119ci\u0142.Produkt dla dzieci od 3 lat.<\/p>\n<h2>Swede Wiatrak + Ba\u0144ki Mydlane Swede<\/h2>\n<p>fabian, test wiedzy zemsta, kotek kolorowanka do druku, li\u015bcie jesienne szablon, prezent dla m\u0142odzie\u017cy<\/p>\n<p>yyyyy<\/p>\n<p>&nbsp;<\/p>\n","protected":false},"excerpt":{"rendered":"<p>Zabawka wiatraczek z ba\u0144kami 2w1. Odkr\u0119\u0107 cz\u0119\u015b\u0107 z p\u0142ynem do baniek Wlej p\u0142yn do podstawki. Zanu\u017c w p\u0142ynie cz\u0119\u015b\u0107 z wiatraczkiem nast\u0119pnie wyci\u0105gnij i dmuchaj, wtedy zaczn\u0105 pojawia\u0107 si\u0119 ba\u0144ki a wiatraczek b\u0119dzie sie kr\u0119ci\u0142.Produkt dla dzieci od 3 lat. Swede Wiatrak + Ba\u0144ki Mydlane Swede fabian, test wiedzy zemsta, kotek kolorowanka do druku, li\u015bcie [&hellip;]<\/p>\n","protected":false},"featured_media":2224,"comment_status":"closed","ping_status":"open","template":"","meta":[],"product_cat":[472,171],"product_tag":[817,766,747,614,672],"class_list":["post-2223","product","type-product","status-publish","has-post-thumbnail","hentry","product_cat-banki-mydlane","product_cat-swede","product_tag-bajka-terapeutyczna-o-emocjach","product_tag-kira","product_tag-malowanki-do-druku","product_tag-pia","product_tag-trudne-zagadki-z-odpowiedziami"],"_links":{"self":[{"href":"http:\/\/klubmamgdynia.pl\/index.php\/wp-json\/wp\/v2\/product\/2223","targetHints":{"allow":["GET"]}}],"collection":[{"href":"http:\/\/klubmamgdynia.pl\/index.php\/wp-json\/wp\/v2\/product"}],"about":[{"href":"http:\/\/klubmamgdynia.pl\/index.php\/wp-json\/wp\/v2\/types\/product"}],"replies":[{"embeddable":true,"href":"http:\/\/klubmamgdynia.pl\/index.php\/wp-json\/wp\/v2\/comments?post=2223"}],"wp:featuredmedia":[{"embeddable":true,"href":"http:\/\/klubmamgdynia.pl\/index.php\/wp-json\/wp\/v2\/media\/2224"}],"wp:attachment":[{"href":"http:\/\/klubmamgdynia.pl\/index.php\/wp-json\/wp\/v2\/media?parent=2223"}],"wp:term":[{"taxonomy":"product_cat","embeddable":true,"href":"http:\/\/klubmamgdynia.pl\/index.php\/wp-json\/wp\/v2\/product_cat?post=2223"},{"taxonomy":"product_tag","embeddable":true,"href":"http:\/\/klubmamgdynia.pl\/index.php\/wp-json\/wp\/v2\/product_tag?post=2223"}],"curies":[{"name":"wp","href":"https:\/\/api.w.org\/{rel}","templated":true}]}}