{"id":2225,"date":"2013-08-04T13:12:56","date_gmt":"2013-08-04T11:12:56","guid":{"rendered":"http:\/\/klubmamgdynia.pl\/index.php\/produkt\/podkladka-pod-myszke-angry-birds\/"},"modified":"2026-04-24T09:05:32","modified_gmt":"2026-04-24T07:05:32","slug":"podkladka-pod-myszke-angry-birds","status":"publish","type":"product","link":"http:\/\/klubmamgdynia.pl\/index.php\/produkt\/podkladka-pod-myszke-angry-birds\/","title":{"rendered":"Podk\u0142adka pod myszk\u0119 Angry Birds"},"content":{"rendered":"<p>Podk\u0142adka pod myszk\u0119GTA(z twoim ulubionym bohaterem)kszta\u0142t &#8211; prostok\u0105tgrubo\u015b\u0107: oko\u0142o 4mm (gruba)Wymiary: 19 cm x 25 cmZr\u00f3b prezent komu\u015b bliskiemu!<\/p>\n<h2>Podk\u0142adka pod myszk\u0119 Angry Birds Angry Birds<\/h2>\n<p>kolorowanki dla dziewczyn, zagadki dla 4 latka do druku, pikachu kolorowanka, ksi\u0105\u017cka dla dzieci online, peppa kolorowanka do druku, wzory zaprosze\u0144 zaproszenie na urodziny szablon do druku, zagadki matematyczne, twarz wiosny do druku<\/p>\n<p>yyyyy<\/p>\n<p>&nbsp;<\/p>\n","protected":false},"excerpt":{"rendered":"<p>Podk\u0142adka pod myszk\u0119GTA(z twoim ulubionym bohaterem)kszta\u0142t &#8211; prostok\u0105tgrubo\u015b\u0107: oko\u0142o 4mm (gruba)Wymiary: 19 cm x 25 cmZr\u00f3b prezent komu\u015b bliskiemu! Podk\u0142adka pod myszk\u0119 Angry Birds Angry Birds kolorowanki dla dziewczyn, zagadki dla 4 latka do druku, pikachu kolorowanka, ksi\u0105\u017cka dla dzieci online, peppa kolorowanka do druku, wzory zaprosze\u0144 zaproszenie na urodziny szablon do druku, zagadki matematyczne, [&hellip;]<\/p>\n","protected":false},"featured_media":2226,"comment_status":"closed","ping_status":"open","template":"","meta":[],"product_cat":[544,482],"product_tag":[580,789,780,815,693],"class_list":["post-2225","product","type-product","status-publish","has-post-thumbnail","hentry","product_cat-angry-birds","product_cat-gadzety","product_tag-janusz","product_tag-kaczuszka","product_tag-krecik-bajka","product_tag-ozdoby-choinkowe-dla-dzieci","product_tag-zagadki-dla-doroslych"],"_links":{"self":[{"href":"http:\/\/klubmamgdynia.pl\/index.php\/wp-json\/wp\/v2\/product\/2225","targetHints":{"allow":["GET"]}}],"collection":[{"href":"http:\/\/klubmamgdynia.pl\/index.php\/wp-json\/wp\/v2\/product"}],"about":[{"href":"http:\/\/klubmamgdynia.pl\/index.php\/wp-json\/wp\/v2\/types\/product"}],"replies":[{"embeddable":true,"href":"http:\/\/klubmamgdynia.pl\/index.php\/wp-json\/wp\/v2\/comments?post=2225"}],"wp:featuredmedia":[{"embeddable":true,"href":"http:\/\/klubmamgdynia.pl\/index.php\/wp-json\/wp\/v2\/media\/2226"}],"wp:attachment":[{"href":"http:\/\/klubmamgdynia.pl\/index.php\/wp-json\/wp\/v2\/media?parent=2225"}],"wp:term":[{"taxonomy":"product_cat","embeddable":true,"href":"http:\/\/klubmamgdynia.pl\/index.php\/wp-json\/wp\/v2\/product_cat?post=2225"},{"taxonomy":"product_tag","embeddable":true,"href":"http:\/\/klubmamgdynia.pl\/index.php\/wp-json\/wp\/v2\/product_tag?post=2225"}],"curies":[{"name":"wp","href":"https:\/\/api.w.org\/{rel}","templated":true}]}}