{"id":2227,"date":"2016-04-10T11:36:18","date_gmt":"2016-04-10T09:36:18","guid":{"rendered":"http:\/\/klubmamgdynia.pl\/index.php\/produkt\/buki-tyranozaur-szkielet-dinozaura-maly-archeolog\/"},"modified":"2026-04-04T15:32:47","modified_gmt":"2026-04-04T13:32:47","slug":"buki-tyranozaur-szkielet-dinozaura-maly-archeolog","status":"publish","type":"product","link":"http:\/\/klubmamgdynia.pl\/index.php\/produkt\/buki-tyranozaur-szkielet-dinozaura-maly-archeolog\/","title":{"rendered":"Buki Tyranozaur Szkielet Dinozaura Ma\u0142y Archeolog"},"content":{"rendered":"<p>\u015aWIETNA DLA MI\u0141O\u015aNIK\u00d3W PREHISTORYCZNYCH GAD\u00d3W!Za pomoc\u0105 m\u0142oteczka i d\u0142uta nale\u017cy odkopa\u0107 szkielet dinozauraz bloczku ze skamielin\u0105, a nast\u0119pnie z\u0142o\u017cy\u0107 go!ZESTAW ZAWIERA:- tack\u0119 ze skamielin\u0105 do odkopania- m\u0142otek ze skrobakiem, d\u0142uto- p\u0119dzelek do omiatania odkopanych element\u00f3w szkieletu- torebk\u0119 z gipsem do zakopania szkieletu i ponownego rozpocz\u0119cia kopania- \u0142y\u017ceczk\u0119 do nasypania gipsu, g\u0105beczk\u0119 do czyszczenia- instrukcj\u0119 obrazkow\u0105 &#8222;krok po kroku&#8221;WYMIARY OPAKOWANIA: 19 x 6 x 22,5 cmWIEK: od 8 latZestaw jest nowy, zapakowany w kolorowy kartonik.<\/p>\n<h2>Buki Tyranozaur Szkielet Dinozaura Ma\u0142y Archeolog Buki<\/h2>\n<p>w\u0119gierska g\u00f3rka, kolorowanki na dzie\u0144 mamy, zabawy dla 10 latka, prezent dla 16 latki, zagadki o wiosnie, kolorowanka pokemon, co mo\u017cna zrobi\u0107 na prima aprilis, prezent dla 17 latki<\/p>\n<p>yyyyy<\/p>\n<p>&nbsp;<\/p>\n","protected":false},"excerpt":{"rendered":"<p>\u015aWIETNA DLA MI\u0141O\u015aNIK\u00d3W PREHISTORYCZNYCH GAD\u00d3W!Za pomoc\u0105 m\u0142oteczka i d\u0142uta nale\u017cy odkopa\u0107 szkielet dinozauraz bloczku ze skamielin\u0105, a nast\u0119pnie z\u0142o\u017cy\u0107 go!ZESTAW ZAWIERA:- tack\u0119 ze skamielin\u0105 do odkopania- m\u0142otek ze skrobakiem, d\u0142uto- p\u0119dzelek do omiatania odkopanych element\u00f3w szkieletu- torebk\u0119 z gipsem do zakopania szkieletu i ponownego rozpocz\u0119cia kopania- \u0142y\u017ceczk\u0119 do nasypania gipsu, g\u0105beczk\u0119 do czyszczenia- instrukcj\u0119 obrazkow\u0105 [&hellip;]<\/p>\n","protected":false},"featured_media":2228,"comment_status":"closed","ping_status":"open","template":"","meta":[],"product_cat":[545,72],"product_tag":[642,870,634],"class_list":["post-2227","product","type-product","status-publish","has-post-thumbnail","hentry","product_cat-buki","product_cat-mali-naukowcy","product_tag-mia-imie","product_tag-prezent-dla-chlopca-na-roczek","product_tag-zagadki-wielkanocne-dla-dzieci"],"_links":{"self":[{"href":"http:\/\/klubmamgdynia.pl\/index.php\/wp-json\/wp\/v2\/product\/2227","targetHints":{"allow":["GET"]}}],"collection":[{"href":"http:\/\/klubmamgdynia.pl\/index.php\/wp-json\/wp\/v2\/product"}],"about":[{"href":"http:\/\/klubmamgdynia.pl\/index.php\/wp-json\/wp\/v2\/types\/product"}],"replies":[{"embeddable":true,"href":"http:\/\/klubmamgdynia.pl\/index.php\/wp-json\/wp\/v2\/comments?post=2227"}],"wp:featuredmedia":[{"embeddable":true,"href":"http:\/\/klubmamgdynia.pl\/index.php\/wp-json\/wp\/v2\/media\/2228"}],"wp:attachment":[{"href":"http:\/\/klubmamgdynia.pl\/index.php\/wp-json\/wp\/v2\/media?parent=2227"}],"wp:term":[{"taxonomy":"product_cat","embeddable":true,"href":"http:\/\/klubmamgdynia.pl\/index.php\/wp-json\/wp\/v2\/product_cat?post=2227"},{"taxonomy":"product_tag","embeddable":true,"href":"http:\/\/klubmamgdynia.pl\/index.php\/wp-json\/wp\/v2\/product_tag?post=2227"}],"curies":[{"name":"wp","href":"https:\/\/api.w.org\/{rel}","templated":true}]}}