{"id":2229,"date":"2020-09-09T13:10:38","date_gmt":"2020-09-09T11:10:38","guid":{"rendered":"http:\/\/klubmamgdynia.pl\/index.php\/produkt\/globus-320-fizyczny-podswietlany\/"},"modified":"2026-04-24T10:08:32","modified_gmt":"2026-04-24T08:08:32","slug":"globus-320-fizyczny-podswietlany","status":"publish","type":"product","link":"http:\/\/klubmamgdynia.pl\/index.php\/produkt\/globus-320-fizyczny-podswietlany\/","title":{"rendered":"Globus 320 Fizyczny Pod\u015bwietlany"},"content":{"rendered":"<p>Globus 320mm Mapa Fizyczna Pod\u015bwietlana, stopka plastikowa, ci\u0119ciwa plastikowa.Typ globusa: fizyczny\u015arednica: 320mmWysoko\u015b\u0107: 48cmPod\u015bwietlanie: TAKWersja: polska<\/p>\n<h2>Globus 320 Fizyczny Pod\u015bwietlany Zachem<\/h2>\n<p>atrakcje we wroc\u0142awiu dla dzieci, wierszyki o wakacjach kr\u00f3tkie, nastolatka, kolorowanki minionki, daria imie, maska kota do druku, kolorowanka dla dzieci, Keyword, postacie z bajek kolorowanki, zagadki dla dzieci z odpowiedziami, co na roczek dla ch\u0142opca, urodziny dziecka pomys\u0142y, ciekawe zagadki, dzie\u0144 pluszowego misia 2021, kartka walentynkowa zrobiona przez dzieci, oryginalny prezent dla nastolatk\u00f3w, zagadki do rozwi\u0105zania<\/p>\n<p>yyyyy<\/p>\n<p>&nbsp;<\/p>\n","protected":false},"excerpt":{"rendered":"<p>Globus 320mm Mapa Fizyczna Pod\u015bwietlana, stopka plastikowa, ci\u0119ciwa plastikowa.Typ globusa: fizyczny\u015arednica: 320mmWysoko\u015b\u0107: 48cmPod\u015bwietlanie: TAKWersja: polska Globus 320 Fizyczny Pod\u015bwietlany Zachem atrakcje we wroc\u0142awiu dla dzieci, wierszyki o wakacjach kr\u00f3tkie, nastolatka, kolorowanki minionki, daria imie, maska kota do druku, kolorowanka dla dzieci, Keyword, postacie z bajek kolorowanki, zagadki dla dzieci z odpowiedziami, co na roczek dla [&hellip;]<\/p>\n","protected":false},"featured_media":2230,"comment_status":"closed","ping_status":"open","template":"","meta":[],"product_cat":[537,546],"product_tag":[668,685,862,630,684,649,701],"class_list":["post-2229","product","type-product","status-publish","has-post-thumbnail","hentry","product_cat-pozostale-zabawki-edukacyjne","product_cat-zachem","product_tag-atrakcje-dla-dzieci-wroclaw","product_tag-cytaty-o-rodzinie","product_tag-nasza-zima-zla-tekst","product_tag-podchwytliwe-zagadki-z-odpowiedziami","product_tag-prezent-dla-dziewczynki-na-roczek","product_tag-zagadki-dla-nastolatkow","product_tag-zgadywanki-dla-dzieci"],"_links":{"self":[{"href":"http:\/\/klubmamgdynia.pl\/index.php\/wp-json\/wp\/v2\/product\/2229","targetHints":{"allow":["GET"]}}],"collection":[{"href":"http:\/\/klubmamgdynia.pl\/index.php\/wp-json\/wp\/v2\/product"}],"about":[{"href":"http:\/\/klubmamgdynia.pl\/index.php\/wp-json\/wp\/v2\/types\/product"}],"replies":[{"embeddable":true,"href":"http:\/\/klubmamgdynia.pl\/index.php\/wp-json\/wp\/v2\/comments?post=2229"}],"wp:featuredmedia":[{"embeddable":true,"href":"http:\/\/klubmamgdynia.pl\/index.php\/wp-json\/wp\/v2\/media\/2230"}],"wp:attachment":[{"href":"http:\/\/klubmamgdynia.pl\/index.php\/wp-json\/wp\/v2\/media?parent=2229"}],"wp:term":[{"taxonomy":"product_cat","embeddable":true,"href":"http:\/\/klubmamgdynia.pl\/index.php\/wp-json\/wp\/v2\/product_cat?post=2229"},{"taxonomy":"product_tag","embeddable":true,"href":"http:\/\/klubmamgdynia.pl\/index.php\/wp-json\/wp\/v2\/product_tag?post=2229"}],"curies":[{"name":"wp","href":"https:\/\/api.w.org\/{rel}","templated":true}]}}