{"id":223,"date":"2020-12-27T19:54:39","date_gmt":"2020-12-27T18:54:39","guid":{"rendered":"http:\/\/klubmamgdynia.pl\/index.php\/produkt\/cybex-gleboko-spacerowy-4w1-balios-s-lux-silver-frame-fotelik-0-13-kg-aton-m-i-size-baza-base-m-i-size-navy-blue\/"},"modified":"2026-05-17T22:09:01","modified_gmt":"2026-05-17T20:09:01","slug":"cybex-gleboko-spacerowy-4w1-balios-s-lux-silver-frame-fotelik-0-13-kg-aton-m-i-size-baza-base-m-i-size-navy-blue","status":"publish","type":"product","link":"http:\/\/klubmamgdynia.pl\/index.php\/produkt\/cybex-gleboko-spacerowy-4w1-balios-s-lux-silver-frame-fotelik-0-13-kg-aton-m-i-size-baza-base-m-i-size-navy-blue\/","title":{"rendered":"CYBEX G\u0141\u0118BOKO SPACEROWY 4W1 BALIOS S LUX SILVER FRAME + FOTELIK 0-13 KG ATON M I-SIZE + BAZA BASE M I-SIZE NAVY BLUE"},"content":{"rendered":"<p>Rodzina Balios powi\u0119ksza si\u0119 o nowy elegancki model: Balios S Lux. B\u0119d\u0105c cz\u0119\u015bci\u0105 systemu podr\u00f3\u017cnego CYBEX 4-w-1, Balios S Lux umo\u017cliwia zamontowanie siedziska spacerowego, fotelika samochodowego, gondoli S oraz wygodnego Cocoon S.Jedn\u0105 r\u0119k\u0105 mo\u017cna go z\u0142o\u017cy\u0107 do pozycji stoj\u0105cej o wymiarach 77 x 60 x 43 cm. W\u00f3zek jest przeznaczony dla dzieci ju\u017c od urodzenia, z du\u017cym siedziskiem, kt\u00f3re mo\u017cna odchyli\u0107 do pe\u0142nej pozycji le\u017c\u0105cej.<\/p>\n<h2>CYBEX G\u0141\u0118BOKO SPACEROWY 4W1 BALIOS S LUX SILVER FRAME + FOTELIK 0-13 KG ATON M I-SIZE + BAZA BASE M I-SIZE NAVY BLUE Cybex<\/h2>\n<p>misie z bajek, malowanka do druku, kamila, prezent dla nastoletniego ch\u0142opca, prezent dla 15 latki 2021, kr\u00f3tkie zagadki logiczne, hobbit, cytat matka, zabawy dla dzieci 9-12 lat, bajka o smoku, kolorowanka lego ninjago, jeziora blisko warszawy, zagadki wiosenne dla dzieci, maly kotek kotek kolorowanka<\/p>\n<p>yyyyy<\/p>\n<p>&nbsp;<\/p>\n","protected":false},"excerpt":{"rendered":"<p>Rodzina Balios powi\u0119ksza si\u0119 o nowy elegancki model: Balios S Lux. B\u0119d\u0105c cz\u0119\u015bci\u0105 systemu podr\u00f3\u017cnego CYBEX 4-w-1, Balios S Lux umo\u017cliwia zamontowanie siedziska spacerowego, fotelika samochodowego, gondoli S oraz wygodnego Cocoon S.Jedn\u0105 r\u0119k\u0105 mo\u017cna go z\u0142o\u017cy\u0107 do pozycji stoj\u0105cej o wymiarach 77 x 60 x 43 cm. W\u00f3zek jest przeznaczony dla dzieci ju\u017c od urodzenia, [&hellip;]<\/p>\n","protected":false},"featured_media":224,"comment_status":"closed","ping_status":"open","template":"","meta":[],"product_cat":[34,110],"product_tag":[864,837,707,585,602,857],"class_list":["post-223","product","type-product","status-publish","has-post-thumbnail","hentry","product_cat-cybex","product_cat-wozki-wielofunkcyjne","product_tag-basen-warszawa","product_tag-cicha-noc-po-angielsku","product_tag-karty-pracy-dla-dzieci-z-ukrainy","product_tag-kolorowanki-dla-chlopcow","product_tag-quiz-o-zwierzetach-domowych","product_tag-zagadki-dla-dzieci-7-8-lat"],"_links":{"self":[{"href":"http:\/\/klubmamgdynia.pl\/index.php\/wp-json\/wp\/v2\/product\/223","targetHints":{"allow":["GET"]}}],"collection":[{"href":"http:\/\/klubmamgdynia.pl\/index.php\/wp-json\/wp\/v2\/product"}],"about":[{"href":"http:\/\/klubmamgdynia.pl\/index.php\/wp-json\/wp\/v2\/types\/product"}],"replies":[{"embeddable":true,"href":"http:\/\/klubmamgdynia.pl\/index.php\/wp-json\/wp\/v2\/comments?post=223"}],"wp:featuredmedia":[{"embeddable":true,"href":"http:\/\/klubmamgdynia.pl\/index.php\/wp-json\/wp\/v2\/media\/224"}],"wp:attachment":[{"href":"http:\/\/klubmamgdynia.pl\/index.php\/wp-json\/wp\/v2\/media?parent=223"}],"wp:term":[{"taxonomy":"product_cat","embeddable":true,"href":"http:\/\/klubmamgdynia.pl\/index.php\/wp-json\/wp\/v2\/product_cat?post=223"},{"taxonomy":"product_tag","embeddable":true,"href":"http:\/\/klubmamgdynia.pl\/index.php\/wp-json\/wp\/v2\/product_tag?post=223"}],"curies":[{"name":"wp","href":"https:\/\/api.w.org\/{rel}","templated":true}]}}