{"id":2231,"date":"2017-08-01T10:43:31","date_gmt":"2017-08-01T08:43:31","guid":{"rendered":"http:\/\/klubmamgdynia.pl\/index.php\/produkt\/brelok-znak-zodiaku-czarny-brokat-bialy-polysk-7427282056465\/"},"modified":"2026-05-17T21:59:24","modified_gmt":"2026-05-17T19:59:24","slug":"brelok-znak-zodiaku-czarny-brokat-bialy-polysk-7427282056465","status":"publish","type":"product","link":"http:\/\/klubmamgdynia.pl\/index.php\/produkt\/brelok-znak-zodiaku-czarny-brokat-bialy-polysk-7427282056465\/","title":{"rendered":"Brelok Znak Zodiaku \/ Czarny Brokat + Bia\u0142y Po\u0142ysk (7427282056465)"},"content":{"rendered":"<p>BRELOK dwukolorowy znak zodiakuStan: nowyKolor: czarny brokat + bia\u0142y po\u0142yskMateria\u0142: biodegradowalny i bardzo wytrzyma\u0142y plastikTechnika wykonania: druk 3DCena za 1 sztJe\u015bli cenisz sobie przywi\u0105zanie do horoskopu i lubisz sw\u00f3j znak zodiaku to ten brelok b\u0119dzie znakomitym wyborem &#8211; mo\u017cesz mie\u0107 go zawsze przy sobie doczepiaj\u0105c go np do kluczy, plecaka, torebki czy pi\u00f3rnikaBrelok posiada dwa kolory &#8211; czarny brokat i bia\u0142y po\u0142ysk oraz k\u00f3\u0142ko z \u0142a\u0144cuszkiem do zapi\u0119cia.Brelok sprawdzi si\u0119 tak\u017ce jako drobny upominek lub dodatek do prezentu dla bliskiej Ci osoby.Z jednej strony brelok ma \u0142adn\u0105 \u015bwiec\u0105c\u0105 pod \u015bwiat\u0142em struktur\u0119.Wymiary:wysoko\u015b\u0107: od 4 cm &#8211; 6 cm (w zale\u017cno\u015bci od wybranego wzoru)szeroko\u015b\u0107 : od 3 cm &#8211; 6 cm (w zale\u017cno\u015bci od wybranego wzoru)grubo\u015b\u0107: 5 mmPrzy wyborze breloka prosz\u0119 poda\u0107 w komentarzu wz\u00f3r : np LEWZdj\u0119cia przedstawiaj\u0105 rzeczywisty wygl\u0105d wyprodukowanego i zaprojektowanego przez Nas produktu. Nie s\u0105 \u201eprzerabiane\u201d i upi\u0119kszane w programach graficznych. Produkty tworzone s\u0105 na profesjonalnych drukarkach 3D w Naszej farmie drukarek z u\u017cyciem plastiku premium (plastik jest produkowany w Polsce). Produkty wykonane na drukarkach 3D posiadaj\u0105 widoczne paski wzd\u0142u\u017c. Jest to efekt nak\u0142adania si\u0119 kolejnych warstw plastiku podczas wydruku st\u0105d nie ca\u0142a powierzchnia produktu jest g\u0142adka\/\u015bliska czy matowa jak w produktach plastikowych wykonanych metod\u0105 wyt\u0142aczania. Paski te oczywi\u015bcie nie przeszkadzaj\u0105 w u\u017cytkowaniu produktu a do\u015b\u0107 cz\u0119sto nadaj\u0105 mu charakterystyczny i ciekawy wygl\u0105d.Kolory oferowanych produkt\u00f3w mog\u0105 nieznacznie odbiega\u0107 od wygl\u0105du w rzeczywisto\u015bci (uzale\u017cnione jest to od wielu czynnik\u00f3w, mi\u0119dzy innymi ustawieniem kolor\u00f3w wy\u015bwietlanych przez monitor).<\/p>\n<h2>Brelok Znak Zodiaku \/ Czarny Brokat + Bia\u0142y Po\u0142ysk (7427282056465) Inny<\/h2>\n<p>bajka do czytania, kolorowanki, wierszyk o choince, dinozaury kolorowanki, pomys\u0142y na dzie\u0144 dziecka dla nastolatk\u00f3w<\/p>\n<p>yyyyy<\/p>\n<p>&nbsp;<\/p>\n","protected":false},"excerpt":{"rendered":"<p>BRELOK dwukolorowy znak zodiakuStan: nowyKolor: czarny brokat + bia\u0142y po\u0142yskMateria\u0142: biodegradowalny i bardzo wytrzyma\u0142y plastikTechnika wykonania: druk 3DCena za 1 sztJe\u015bli cenisz sobie przywi\u0105zanie do horoskopu i lubisz sw\u00f3j znak zodiaku to ten brelok b\u0119dzie znakomitym wyborem &#8211; mo\u017cesz mie\u0107 go zawsze przy sobie doczepiaj\u0105c go np do kluczy, plecaka, torebki czy pi\u00f3rnikaBrelok posiada dwa [&hellip;]<\/p>\n","protected":false},"featured_media":2232,"comment_status":"closed","ping_status":"open","template":"","meta":[],"product_cat":[482,169],"product_tag":[700,848,667,742,783],"class_list":["post-2231","product","type-product","status-publish","has-post-thumbnail","hentry","product_cat-gadzety","product_cat-inny","product_tag-bajki-do-czytania-dla-dzieci","product_tag-cytat-o-rodzinie","product_tag-kolorowanka-lol","product_tag-piosenki-dla-dzieci-tekst","product_tag-prezenty-na-roczek-dla-chlopca"],"_links":{"self":[{"href":"http:\/\/klubmamgdynia.pl\/index.php\/wp-json\/wp\/v2\/product\/2231","targetHints":{"allow":["GET"]}}],"collection":[{"href":"http:\/\/klubmamgdynia.pl\/index.php\/wp-json\/wp\/v2\/product"}],"about":[{"href":"http:\/\/klubmamgdynia.pl\/index.php\/wp-json\/wp\/v2\/types\/product"}],"replies":[{"embeddable":true,"href":"http:\/\/klubmamgdynia.pl\/index.php\/wp-json\/wp\/v2\/comments?post=2231"}],"wp:featuredmedia":[{"embeddable":true,"href":"http:\/\/klubmamgdynia.pl\/index.php\/wp-json\/wp\/v2\/media\/2232"}],"wp:attachment":[{"href":"http:\/\/klubmamgdynia.pl\/index.php\/wp-json\/wp\/v2\/media?parent=2231"}],"wp:term":[{"taxonomy":"product_cat","embeddable":true,"href":"http:\/\/klubmamgdynia.pl\/index.php\/wp-json\/wp\/v2\/product_cat?post=2231"},{"taxonomy":"product_tag","embeddable":true,"href":"http:\/\/klubmamgdynia.pl\/index.php\/wp-json\/wp\/v2\/product_tag?post=2231"}],"curies":[{"name":"wp","href":"https:\/\/api.w.org\/{rel}","templated":true}]}}