{"id":2233,"date":"2024-12-12T11:50:49","date_gmt":"2024-12-12T10:50:49","guid":{"rendered":"http:\/\/klubmamgdynia.pl\/?post_type=product&#038;p=2233"},"modified":"2026-05-17T22:23:36","modified_gmt":"2026-05-17T20:23:36","slug":"mirage-mr-ht172-265-70r16-112h","status":"publish","type":"product","link":"http:\/\/klubmamgdynia.pl\/index.php\/produkt\/mirage-mr-ht172-265-70r16-112h\/","title":{"rendered":"Mirage Mr-Ht172 265\/70R16 112H"},"content":{"rendered":"<p>Mirage to marka opon klasy ekonomicznej pochodz\u0105ca z Azji, ciesz\u0105casi\u0119 uznaniem w kilkudziesi\u0119ciukrajach na ca\u0142ym \u015bwiecie. Do niew\u0105tpliwych atut\u00f3w opony nale\u017c\u0105 zpewno\u015bci\u0105 niezawodno\u015b\u0107 i bardzo atrakcyjna cena. Opony Mirageprodukowane s\u0105 w Azji, jednak ich bardzo zadowalaj\u0105ca jako\u015b\u0107 wp\u0142yn\u0119\u0142a naekspansj\u0119 marki na ca\u0142y \u015bwiat.<\/p>\n<h2>Mirage Mr-Ht172 265\/70R16 112H Mirage<\/h2>\n<p>prezent na dzie\u0144 dziecka dla nastolatk\u00f3w, alan imie, quiz opowie\u015bci z narnii, kolorowanka flamingi, opisy do zdj\u0119\u0107 z dzieckiem, trudne zagadki logiczne, kolorowanki miasto, laurka kolorowanki na dzie\u0144 mamy, prezent dla 16 latka, bajki terapeutyczne o emocjach pdf, quiz pi\u0142karski, dary jesieni kolorowanki jesie\u0144, krok jak narysowa\u0107 konia, poczytaj mi wiersz, dziwne zagadki, kolorowanki lato<\/p>\n<p>yyyyy<\/p>\n<p>&nbsp;<\/p>\n","protected":false},"excerpt":{"rendered":"<p>Mirage to marka opon klasy ekonomicznej pochodz\u0105ca z Azji, ciesz\u0105casi\u0119 uznaniem w kilkudziesi\u0119ciukrajach na ca\u0142ym \u015bwiecie. Do niew\u0105tpliwych atut\u00f3w opony nale\u017c\u0105 zpewno\u015bci\u0105 niezawodno\u015b\u0107 i bardzo atrakcyjna cena. Opony Mirageprodukowane s\u0105 w Azji, jednak ich bardzo zadowalaj\u0105ca jako\u015b\u0107 wp\u0142yn\u0119\u0142a naekspansj\u0119 marki na ca\u0142y \u015bwiat. Mirage Mr-Ht172 265\/70R16 112H Mirage prezent na dzie\u0144 dziecka dla nastolatk\u00f3w, alan [&hellip;]<\/p>\n","protected":false},"featured_media":2234,"comment_status":"closed","ping_status":"open","template":"","meta":[],"product_cat":[547,548],"product_tag":[700,686,667,704,799,633],"class_list":["post-2233","product","type-product","status-publish","has-post-thumbnail","hentry","product_cat-mirage","product_cat-opony-letnie","product_tag-bajki-do-czytania-dla-dzieci","product_tag-co-na-roczek-dla-chlopca","product_tag-kolorowanka-lol","product_tag-prezent-dla-nastolatka","product_tag-zagadka-logiczna","product_tag-zagadki-z-odpowiedziami"],"_links":{"self":[{"href":"http:\/\/klubmamgdynia.pl\/index.php\/wp-json\/wp\/v2\/product\/2233","targetHints":{"allow":["GET"]}}],"collection":[{"href":"http:\/\/klubmamgdynia.pl\/index.php\/wp-json\/wp\/v2\/product"}],"about":[{"href":"http:\/\/klubmamgdynia.pl\/index.php\/wp-json\/wp\/v2\/types\/product"}],"replies":[{"embeddable":true,"href":"http:\/\/klubmamgdynia.pl\/index.php\/wp-json\/wp\/v2\/comments?post=2233"}],"wp:featuredmedia":[{"embeddable":true,"href":"http:\/\/klubmamgdynia.pl\/index.php\/wp-json\/wp\/v2\/media\/2234"}],"wp:attachment":[{"href":"http:\/\/klubmamgdynia.pl\/index.php\/wp-json\/wp\/v2\/media?parent=2233"}],"wp:term":[{"taxonomy":"product_cat","embeddable":true,"href":"http:\/\/klubmamgdynia.pl\/index.php\/wp-json\/wp\/v2\/product_cat?post=2233"},{"taxonomy":"product_tag","embeddable":true,"href":"http:\/\/klubmamgdynia.pl\/index.php\/wp-json\/wp\/v2\/product_tag?post=2233"}],"curies":[{"name":"wp","href":"https:\/\/api.w.org\/{rel}","templated":true}]}}