{"id":2245,"date":"2017-04-11T20:20:06","date_gmt":"2017-04-11T18:20:06","guid":{"rendered":"http:\/\/klubmamgdynia.pl\/index.php\/produkt\/clementoni-slon-1000el-39416\/"},"modified":"2026-04-05T15:20:10","modified_gmt":"2026-04-05T13:20:10","slug":"clementoni-slon-1000el-39416","status":"publish","type":"product","link":"http:\/\/klubmamgdynia.pl\/index.php\/produkt\/clementoni-slon-1000el-39416\/","title":{"rendered":"Clementoni S\u0142o\u0144 1000el. 39416"},"content":{"rendered":"<p>Sugestywne obrazki, doskona\u0142a jako\u015b\u0107 wydruku, precyzyjne wyci\u0119cia, trwa\u0142e i cenne materia\u0142y.Wszystko to charakteryzuje High Quality Collection Clementoni: eleganck\u0105 lini\u0119 puzzli zrealizowan\u0105 z wielk\u0105 dba\u0142o\u015bci\u0105 o szczeg\u00f3\u0142y. Firma Clementoni, kt\u00f3rej od zawsze le\u017cy na sercu ochrona \u015brodowiska, stara si\u0119 stosowa\u0107 jak najszerzej materia\u0142y z odzysku i unika u\u017cywania komponent\u00f3w zanieczyszczaj\u0105cych otoczenie.<\/p>\n<h2>Clementoni S\u0142o\u0144 1000el. 39416 Clementoni<\/h2>\n<p>kolorowanka ninjago, zagadki logiczne trudne, film rodzinny o \u015bwi\u0119tach, \u015bmieszne zagadki dla dzieci 10 lat, kolorowanka do wydruku, basen dla dzieci warszawa, zagadki dla starszych dzieci, atrakcje wroc\u0142aw i okolice<\/p>\n<p>yyyyy<\/p>\n<p>&nbsp;<\/p>\n","protected":false},"excerpt":{"rendered":"<p>Sugestywne obrazki, doskona\u0142a jako\u015b\u0107 wydruku, precyzyjne wyci\u0119cia, trwa\u0142e i cenne materia\u0142y.Wszystko to charakteryzuje High Quality Collection Clementoni: eleganck\u0105 lini\u0119 puzzli zrealizowan\u0105 z wielk\u0105 dba\u0142o\u015bci\u0105 o szczeg\u00f3\u0142y. Firma Clementoni, kt\u00f3rej od zawsze le\u017cy na sercu ochrona \u015brodowiska, stara si\u0119 stosowa\u0107 jak najszerzej materia\u0142y z odzysku i unika u\u017cywania komponent\u00f3w zanieczyszczaj\u0105cych otoczenie. Clementoni S\u0142o\u0144 1000el. 39416 Clementoni [&hellip;]<\/p>\n","protected":false},"featured_media":2246,"comment_status":"closed","ping_status":"open","template":"","meta":[],"product_cat":[163,90],"product_tag":[833,837,645,869,694],"class_list":["post-2245","product","type-product","status-publish","has-post-thumbnail","hentry","product_cat-clementoni","product_cat-puzzle","product_tag-bajki-dla-dzieci-do-czytania","product_tag-cicha-noc-po-angielsku","product_tag-latwe-zagadki","product_tag-zagadki-na-logike","product_tag-zagadki-swiateczne-dla-dzieci"],"_links":{"self":[{"href":"http:\/\/klubmamgdynia.pl\/index.php\/wp-json\/wp\/v2\/product\/2245","targetHints":{"allow":["GET"]}}],"collection":[{"href":"http:\/\/klubmamgdynia.pl\/index.php\/wp-json\/wp\/v2\/product"}],"about":[{"href":"http:\/\/klubmamgdynia.pl\/index.php\/wp-json\/wp\/v2\/types\/product"}],"replies":[{"embeddable":true,"href":"http:\/\/klubmamgdynia.pl\/index.php\/wp-json\/wp\/v2\/comments?post=2245"}],"wp:featuredmedia":[{"embeddable":true,"href":"http:\/\/klubmamgdynia.pl\/index.php\/wp-json\/wp\/v2\/media\/2246"}],"wp:attachment":[{"href":"http:\/\/klubmamgdynia.pl\/index.php\/wp-json\/wp\/v2\/media?parent=2245"}],"wp:term":[{"taxonomy":"product_cat","embeddable":true,"href":"http:\/\/klubmamgdynia.pl\/index.php\/wp-json\/wp\/v2\/product_cat?post=2245"},{"taxonomy":"product_tag","embeddable":true,"href":"http:\/\/klubmamgdynia.pl\/index.php\/wp-json\/wp\/v2\/product_tag?post=2245"}],"curies":[{"name":"wp","href":"https:\/\/api.w.org\/{rel}","templated":true}]}}