{"id":2247,"date":"2024-08-07T16:52:47","date_gmt":"2024-08-07T14:52:47","guid":{"rendered":"http:\/\/klubmamgdynia.pl\/?post_type=product&#038;p=2247"},"modified":"2026-04-22T23:44:10","modified_gmt":"2026-04-22T21:44:10","slug":"ooly-spinki-do-wlosow-sophia-gwiazdka-zestaw-4szt","status":"publish","type":"product","link":"http:\/\/klubmamgdynia.pl\/index.php\/produkt\/ooly-spinki-do-wlosow-sophia-gwiazdka-zestaw-4szt\/","title":{"rendered":"Ooly Spinki Do W\u0142os\u00f3w Sophia Gwiazdka Zestaw 4szt."},"content":{"rendered":"<p>Komplet 4 uroczych wsuwek z gwiazdkami uporz\u0105dkuje Twoj\u0105 fryzurk\u0119, a delikatny brokat subtelnie ozdobi j\u0105 tajemniczym blaskiem nocy. Mo\u017cesz je nosi\u0107 razem z naszyjnikiem Sophia &#8211; Gwiazdka. Spinki do w\u0142os\u00f3w Sophia &#8211; Gwiazdka &#8211; zestaw 4 szt. 4 wsuwki do w\u0142os\u00f3w z zielonymi, brokatowymi gwiazdkami<\/p>\n<h2>Ooly Spinki Do W\u0142os\u00f3w Sophia Gwiazdka Zestaw 4szt. <\/h2>\n<p>starodawne \u017cyczenia bo\u017conarodzeniowe, zimowe zagadki dla dzieci, test z lektury opowie\u015bci z narnii lew czarownica i stara szafa, bajka terapeutyczna o dokuczaniu, kolorowe ciasto, kolorowanka dla dziewczynki, bajki na dobranoc psi patrol, rodzina sentencja, pomys\u0142 na prima aprilis, ewelina, opowie\u015bci z narni test, maski karnawa\u0142owe do druku<\/p>\n<p>yyyyy<\/p>\n<p>&nbsp;<\/p>\n","protected":false},"excerpt":{"rendered":"<p>Komplet 4 uroczych wsuwek z gwiazdkami uporz\u0105dkuje Twoj\u0105 fryzurk\u0119, a delikatny brokat subtelnie ozdobi j\u0105 tajemniczym blaskiem nocy. Mo\u017cesz je nosi\u0107 razem z naszyjnikiem Sophia &#8211; Gwiazdka. Spinki do w\u0142os\u00f3w Sophia &#8211; Gwiazdka &#8211; zestaw 4 szt. 4 wsuwki do w\u0142os\u00f3w z zielonymi, brokatowymi gwiazdkami Ooly Spinki Do W\u0142os\u00f3w Sophia Gwiazdka Zestaw 4szt. starodawne \u017cyczenia [&hellip;]<\/p>\n","protected":false},"featured_media":2248,"comment_status":"closed","ping_status":"open","template":"","meta":[],"product_cat":[21],"product_tag":[765,802,707,742,608],"class_list":["post-2247","product","type-product","status-publish","has-post-thumbnail","hentry","product_cat-zabawki-plastyczne","product_tag-atrakcje-dla-dzieci-warszawa","product_tag-co-kupic-dziewczynce-na-roczek","product_tag-karty-pracy-dla-dzieci-z-ukrainy","product_tag-piosenki-dla-dzieci-tekst","product_tag-zagadki-i-odpowiedzi"],"_links":{"self":[{"href":"http:\/\/klubmamgdynia.pl\/index.php\/wp-json\/wp\/v2\/product\/2247","targetHints":{"allow":["GET"]}}],"collection":[{"href":"http:\/\/klubmamgdynia.pl\/index.php\/wp-json\/wp\/v2\/product"}],"about":[{"href":"http:\/\/klubmamgdynia.pl\/index.php\/wp-json\/wp\/v2\/types\/product"}],"replies":[{"embeddable":true,"href":"http:\/\/klubmamgdynia.pl\/index.php\/wp-json\/wp\/v2\/comments?post=2247"}],"wp:featuredmedia":[{"embeddable":true,"href":"http:\/\/klubmamgdynia.pl\/index.php\/wp-json\/wp\/v2\/media\/2248"}],"wp:attachment":[{"href":"http:\/\/klubmamgdynia.pl\/index.php\/wp-json\/wp\/v2\/media?parent=2247"}],"wp:term":[{"taxonomy":"product_cat","embeddable":true,"href":"http:\/\/klubmamgdynia.pl\/index.php\/wp-json\/wp\/v2\/product_cat?post=2247"},{"taxonomy":"product_tag","embeddable":true,"href":"http:\/\/klubmamgdynia.pl\/index.php\/wp-json\/wp\/v2\/product_tag?post=2247"}],"curies":[{"name":"wp","href":"https:\/\/api.w.org\/{rel}","templated":true}]}}