{"id":2249,"date":"2012-02-19T15:27:11","date_gmt":"2012-02-19T14:27:11","guid":{"rendered":"http:\/\/klubmamgdynia.pl\/index.php\/produkt\/dromader-gitara-drewniana-brazowa\/"},"modified":"2026-04-24T20:12:33","modified_gmt":"2026-04-24T18:12:33","slug":"dromader-gitara-drewniana-brazowa","status":"publish","type":"product","link":"http:\/\/klubmamgdynia.pl\/index.php\/produkt\/dromader-gitara-drewniana-brazowa\/","title":{"rendered":"Dromader Gitara Drewniana Br\u0105zowa"},"content":{"rendered":"<p>SUPER CENA &#8211; TANIA DOSTAWA ! &#8211; Gitara drewniana w pude\u0142ku DROMADER &#8211; PACZKOMAT, POCZTA, KURIER<\/p>\n<h2>Dromader Gitara Drewniana Br\u0105zowa Dromader<\/h2>\n<p>karty pracy dla dzieci z ukrainy pdf, maska karnawa\u0142owa pdf, kotki kolorowanka, cytat rodzina, wydarzenia dla dzieci warszawa, zagadki dla dzieci 10-12 lat, quiz z ma\u0142ego ksi\u0119cia, prima aprilis w szkole, \u017carty na prima aprilis w domu, kolorowanka prezent, bajka na dobranoc, trudne zagadki na inteligencj\u0119, cytaty o wychowaniu i nauczaniu<\/p>\n<p>yyyyy<\/p>\n<p>&nbsp;<\/p>\n","protected":false},"excerpt":{"rendered":"<p>SUPER CENA &#8211; TANIA DOSTAWA ! &#8211; Gitara drewniana w pude\u0142ku DROMADER &#8211; PACZKOMAT, POCZTA, KURIER Dromader Gitara Drewniana Br\u0105zowa Dromader karty pracy dla dzieci z ukrainy pdf, maska karnawa\u0142owa pdf, kotki kolorowanka, cytat rodzina, wydarzenia dla dzieci warszawa, zagadki dla dzieci 10-12 lat, quiz z ma\u0142ego ksi\u0119cia, prima aprilis w szkole, \u017carty na prima [&hellip;]<\/p>\n","protected":false},"featured_media":2250,"comment_status":"closed","ping_status":"open","template":"","meta":[],"product_cat":[60,155],"product_tag":[801,696,688,644,786,779],"class_list":["post-2249","product","type-product","status-publish","has-post-thumbnail","hentry","product_cat-dromader","product_cat-zabawki-muzyczne","product_tag-bajki-terapeutyczne-o-emocjach","product_tag-film-rodzinny-o-swietach","product_tag-kolysanki-tekst","product_tag-mia","product_tag-prezent-na-1-urodziny","product_tag-zarty-na-prima-aprilis-w-domu"],"_links":{"self":[{"href":"http:\/\/klubmamgdynia.pl\/index.php\/wp-json\/wp\/v2\/product\/2249","targetHints":{"allow":["GET"]}}],"collection":[{"href":"http:\/\/klubmamgdynia.pl\/index.php\/wp-json\/wp\/v2\/product"}],"about":[{"href":"http:\/\/klubmamgdynia.pl\/index.php\/wp-json\/wp\/v2\/types\/product"}],"replies":[{"embeddable":true,"href":"http:\/\/klubmamgdynia.pl\/index.php\/wp-json\/wp\/v2\/comments?post=2249"}],"wp:featuredmedia":[{"embeddable":true,"href":"http:\/\/klubmamgdynia.pl\/index.php\/wp-json\/wp\/v2\/media\/2250"}],"wp:attachment":[{"href":"http:\/\/klubmamgdynia.pl\/index.php\/wp-json\/wp\/v2\/media?parent=2249"}],"wp:term":[{"taxonomy":"product_cat","embeddable":true,"href":"http:\/\/klubmamgdynia.pl\/index.php\/wp-json\/wp\/v2\/product_cat?post=2249"},{"taxonomy":"product_tag","embeddable":true,"href":"http:\/\/klubmamgdynia.pl\/index.php\/wp-json\/wp\/v2\/product_tag?post=2249"}],"curies":[{"name":"wp","href":"https:\/\/api.w.org\/{rel}","templated":true}]}}