{"id":2251,"date":"2012-11-04T20:44:04","date_gmt":"2012-11-04T19:44:04","guid":{"rendered":"http:\/\/klubmamgdynia.pl\/index.php\/produkt\/clementoni-walking-bot-chodzacy-robot\/"},"modified":"2026-04-06T18:53:52","modified_gmt":"2026-04-06T16:53:52","slug":"clementoni-walking-bot-chodzacy-robot","status":"publish","type":"product","link":"http:\/\/klubmamgdynia.pl\/index.php\/produkt\/clementoni-walking-bot-chodzacy-robot\/","title":{"rendered":"Clementoni Walking Bot Chodz\u0105cy Robot"},"content":{"rendered":"<p>Naukowe zestawy o nazwie Laboratorium Mechaniki to nie tylko zabawa budowlana, ale przede wszystkim bogate laboratorium, kt\u00f3re pozwala dzieciom i m\u0142odzie\u017cy w wieku 7-8 lat uczy\u0107 si\u0119 podstawowych zasad mechaniki i fizyki.Zabawka zainspirowana Metodologi\u0105 STEM. Metodologia ta zrodzi\u0142a si\u0119 w celu promowania Nauk \u015acis\u0142ych, Technologii, In\u017cynierii i Matematyki. Poprzez eksperymenty dzieci mog\u0105 rozwija\u0107 swoje umiej\u0119tno\u015bci, poszerzaj\u0105c wiedz\u0119 naukow\u0105 i technologiczn\u0105.Laboratorium Mechaniki pomaga w rozwoju:- Zdolno\u015bci Manualnych, aby idee nabra\u0142y konkretnej formy;- Pomys\u0142owo\u015bci, aby formu\u0142owa\u0107 hipotezy i eksperymentowa\u0107;- Kreatywno\u015bci, aby wymy\u015bla\u0107 ci\u0105gle nowe projekty.Dzi\u0119ki ilustrowanym instrukcjom opisuj\u0105cym etapy monta\u017cu poszczeg\u00f3lnych modeli mo\u017cliwe b\u0119dzie skonstruowanie bardziej z\u0142o\u017conych maszyn i zrozumienie zastosowania pojedynczych komponent\u00f3w w prawdziwym \u017cyciu. Czym jest d\u017awignia? Po co to jest? W codziennym \u017cyciu, gdzie go znajdujemy? Dowiedzmy si\u0119 razem z zestawami z serii Laboratorium TechnikiZestaw naukowy do stworzenia sympatycznego ma\u0142ego robota w prosty i zabawny spos\u00f3b!Zawiera 40 cz\u0119\u015bci, kt\u00f3re mo\u017cna zmontowa\u0107, aby o\u017cywi\u0107 ma\u0142ego robota. Silnik dwuosiowy dzia\u0142a na r\u00f3\u017cnych biegach, umo\u017cliwiaj\u0105c chodzenie robotowi.Dzi\u0119ki ruchomym stawom ma\u0142y robot porusza si\u0119 i chodzi jak prawdziwy bioniczny czworono\u017cny przyjaciel!Zilustrowana instrukcja zawiera wiele informacji, kt\u00f3re pomog\u0105 dziecku w monta\u017cu robota i wprowadzaj\u0105 w \u015bwiat robotyki.Aplikacja mobilnaDodatkowo aplikacja Laboratorium Mechaniki na telefon\/tablet zosta\u0142a opracowana przez firm\u0119 Clementoni po to, aby u\u0142atwi\u0107 Ci sk\u0142adanie modeli i uczyni\u0107 to zaj\u0119cie jeszcze bardziej zabawnym.Dzi\u0119ki tej darmowej aplikacji na smartfony i tablety, firmowanej znakiem Naukowa Zabawa TechnoLogika, Twoje konstrukcje b\u0119d\u0105 stopniowo nabiera\u0107 kszta\u0142tu na ekranie dzi\u0119ki interaktywnym animacjom 3D.Timeline pozwala na ogl\u0105danie poszczeg\u00f3lnych faz monta\u017cu, w miar\u0119 jak dana konstrukcja jest budowana, a tak\u017ce daje mo\u017cliwo\u015b\u0107 obr\u00f3cenia, przybli\u017cenia i przesuni\u0119cia modelu. Zdecyduj sam, ile czasu chcesz po\u015bwi\u0119ci\u0107 ka\u017cdej fazie monta\u017cu lub u\u017cyj funkcji Playback, aby uwidoczni\u0107 automatycznie ca\u0142y proces sk\u0142adania.Wybierz swoje pude\u0142ko, nast\u0119pnie model i zacznij od razu monta\u017c!Od widoku na ekranie do rzeczywisto\u015bci dzi\u0119ki prostym i jasnym etapom monta\u017cu, kt\u00f3re mo\u017cesz obserwowa\u0107 pod ka\u017cdym k\u0105tem! Pobierz aplikacj\u0119 Laboratorium Mechaniki.Uwaga! Jednocze\u015bnie budowa\u0107 mo\u017cna tylko jeden z modeli.Grupa wiekowa: 8+Klock\u00f3w: 40 ,<\/p>\n<h2>Clementoni Walking Bot Chodz\u0105cy Robot Clementoni<\/h2>\n<p>bo\u017ce narodzenie quiz, quiz znaki drogowe, szablon krokus kolorowanka, zagadki wielkanocne dla doros\u0142ych, opis o dziecku, fajne rzeczy dla nastolatk\u00f3w, gabriel, zagadki dla 7 latka, mandala kolorowanka, koty do druku, kolorowanka antystresowa, julian znaczenie imienia, prezent dla 7 latka ch\u0142opca, \u017cyczenia na lany poniedzia\u0142ek wielkanocny<\/p>\n<p>yyyyy<\/p>\n<p>&nbsp;<\/p>\n","protected":false},"excerpt":{"rendered":"<p>Naukowe zestawy o nazwie Laboratorium Mechaniki to nie tylko zabawa budowlana, ale przede wszystkim bogate laboratorium, kt\u00f3re pozwala dzieciom i m\u0142odzie\u017cy w wieku 7-8 lat uczy\u0107 si\u0119 podstawowych zasad mechaniki i fizyki.Zabawka zainspirowana Metodologi\u0105 STEM. Metodologia ta zrodzi\u0142a si\u0119 w celu promowania Nauk \u015acis\u0142ych, Technologii, In\u017cynierii i Matematyki. Poprzez eksperymenty dzieci mog\u0105 rozwija\u0107 swoje umiej\u0119tno\u015bci, [&hellip;]<\/p>\n","protected":false},"featured_media":2252,"comment_status":"closed","ping_status":"open","template":"","meta":[],"product_cat":[163,337],"product_tag":[722,684,773,632],"class_list":["post-2251","product","type-product","status-publish","has-post-thumbnail","hentry","product_cat-clementoni","product_cat-zabawki-zdalnie-sterowane","product_tag-cytaty-o-przyjazni","product_tag-prezent-dla-dziewczynki-na-roczek","product_tag-test-z-lektury-opowiesci-z-narnii-lew-czarownica-i-stara-szafa","product_tag-warszawa-atrakcje-dla-mlodziezy"],"_links":{"self":[{"href":"http:\/\/klubmamgdynia.pl\/index.php\/wp-json\/wp\/v2\/product\/2251","targetHints":{"allow":["GET"]}}],"collection":[{"href":"http:\/\/klubmamgdynia.pl\/index.php\/wp-json\/wp\/v2\/product"}],"about":[{"href":"http:\/\/klubmamgdynia.pl\/index.php\/wp-json\/wp\/v2\/types\/product"}],"replies":[{"embeddable":true,"href":"http:\/\/klubmamgdynia.pl\/index.php\/wp-json\/wp\/v2\/comments?post=2251"}],"wp:featuredmedia":[{"embeddable":true,"href":"http:\/\/klubmamgdynia.pl\/index.php\/wp-json\/wp\/v2\/media\/2252"}],"wp:attachment":[{"href":"http:\/\/klubmamgdynia.pl\/index.php\/wp-json\/wp\/v2\/media?parent=2251"}],"wp:term":[{"taxonomy":"product_cat","embeddable":true,"href":"http:\/\/klubmamgdynia.pl\/index.php\/wp-json\/wp\/v2\/product_cat?post=2251"},{"taxonomy":"product_tag","embeddable":true,"href":"http:\/\/klubmamgdynia.pl\/index.php\/wp-json\/wp\/v2\/product_tag?post=2251"}],"curies":[{"name":"wp","href":"https:\/\/api.w.org\/{rel}","templated":true}]}}