{"id":2255,"date":"2015-06-19T12:43:17","date_gmt":"2015-06-19T10:43:17","guid":{"rendered":"http:\/\/klubmamgdynia.pl\/index.php\/produkt\/mac-dydaktyka-dzwonki-chromatyczne-b-w-27\/"},"modified":"2026-04-05T20:19:50","modified_gmt":"2026-04-05T18:19:50","slug":"mac-dydaktyka-dzwonki-chromatyczne-b-w-27","status":"publish","type":"product","link":"http:\/\/klubmamgdynia.pl\/index.php\/produkt\/mac-dydaktyka-dzwonki-chromatyczne-b-w-27\/","title":{"rendered":"Mac Dydaktyka Dzwonki Chromatyczne B W 27"},"content":{"rendered":"<p>KAJA X27BW dzwonki cymba\u0142ki ksylofon Uszkodzone<\/p>\n<h2>Mac Dydaktyka Dzwonki Chromatyczne B W 27 Kaja<\/h2>\n<p>zagadki wielkanocne do druku, lody kolorowanka, lato, pozytywne cytaty mama cytaty, podchwytliwe zagadki matematyczne, marcel imi\u0119, opowie\u015bci z narni lew czarownica i stara szafa test, kolorowanka elsa, \u015bwinka peppa kolorowanka, karyna, \u017carty na prima aprilis na rodzic\u00f3w<\/p>\n<p>yyyyy<\/p>\n<p>&nbsp;<\/p>\n","protected":false},"excerpt":{"rendered":"<p>KAJA X27BW dzwonki cymba\u0142ki ksylofon Uszkodzone Mac Dydaktyka Dzwonki Chromatyczne B W 27 Kaja zagadki wielkanocne do druku, lody kolorowanka, lato, pozytywne cytaty mama cytaty, podchwytliwe zagadki matematyczne, marcel imi\u0119, opowie\u015bci z narni lew czarownica i stara szafa test, kolorowanka elsa, \u015bwinka peppa kolorowanka, karyna, \u017carty na prima aprilis na rodzic\u00f3w yyyyy &nbsp;<\/p>\n","protected":false},"featured_media":2256,"comment_status":"closed","ping_status":"open","template":"","meta":[],"product_cat":[550,155],"product_tag":[827,754,644],"class_list":["post-2255","product","type-product","status-publish","has-post-thumbnail","hentry","product_cat-kaja","product_cat-zabawki-muzyczne","product_tag-bajki-dla-niemowlat","product_tag-dyplomy-do-wydrukowania-a4","product_tag-mia"],"_links":{"self":[{"href":"http:\/\/klubmamgdynia.pl\/index.php\/wp-json\/wp\/v2\/product\/2255","targetHints":{"allow":["GET"]}}],"collection":[{"href":"http:\/\/klubmamgdynia.pl\/index.php\/wp-json\/wp\/v2\/product"}],"about":[{"href":"http:\/\/klubmamgdynia.pl\/index.php\/wp-json\/wp\/v2\/types\/product"}],"replies":[{"embeddable":true,"href":"http:\/\/klubmamgdynia.pl\/index.php\/wp-json\/wp\/v2\/comments?post=2255"}],"wp:featuredmedia":[{"embeddable":true,"href":"http:\/\/klubmamgdynia.pl\/index.php\/wp-json\/wp\/v2\/media\/2256"}],"wp:attachment":[{"href":"http:\/\/klubmamgdynia.pl\/index.php\/wp-json\/wp\/v2\/media?parent=2255"}],"wp:term":[{"taxonomy":"product_cat","embeddable":true,"href":"http:\/\/klubmamgdynia.pl\/index.php\/wp-json\/wp\/v2\/product_cat?post=2255"},{"taxonomy":"product_tag","embeddable":true,"href":"http:\/\/klubmamgdynia.pl\/index.php\/wp-json\/wp\/v2\/product_tag?post=2255"}],"curies":[{"name":"wp","href":"https:\/\/api.w.org\/{rel}","templated":true}]}}