{"id":2259,"date":"2015-04-17T21:17:09","date_gmt":"2015-04-17T19:17:09","guid":{"rendered":"http:\/\/klubmamgdynia.pl\/index.php\/produkt\/playmobil-70279-family-fun-lodziarnia-przy-porcie\/"},"modified":"2026-04-29T05:53:49","modified_gmt":"2026-04-29T03:53:49","slug":"playmobil-70279-family-fun-lodziarnia-przy-porcie","status":"publish","type":"product","link":"http:\/\/klubmamgdynia.pl\/index.php\/produkt\/playmobil-70279-family-fun-lodziarnia-przy-porcie\/","title":{"rendered":"Playmobil 70279 Family Fun Lodziarnia Przy Porcie"},"content":{"rendered":"<p>Seria Family Fun to radosna seria nawi\u0105zuj\u0105ca do wspania\u0142ych, letnich wypraw i aktywno\u015bci sportowych. Zestawy mo\u017cna ze sob\u0105 \u0142\u0105czy\u0107, tworz\u0105c pe\u0142n\u0105 i ciekaw\u0105 sceneri\u0119 do zabawy. Funkcje, nadane niekt\u00f3rym elementom, na pewno zachwyc\u0105 dzieci i sprawi\u0105, \u017ce ch\u0119tnie b\u0119d\u0105 bawi\u0107 si\u0119 tworz\u0105c niezwyk\u0142e przygody z rodzink\u0105 figurek Playmobil.Lodziarnia w porcie 70279. Stoliki przed lodziarni\u0105 oraz s\u0142oneczny taras na pi\u0119trze zach\u0119caj\u0105 do degustacji lod\u00f3w w pucharkach. Lod\u00f3w w wafelkach przy promenadzie spr\u00f3buj\u0105 wszyscy go\u015bcie z k\u0105pieliska. Okno na parterze mo\u017ce s\u0142u\u017cy\u0107 jako lada sprzeda\u017cy ulicznej. Zestaw zawiera du\u017c\u0105 ilo\u015b\u0107 akcesori\u00f3w wzbogacaj\u0105cych zabaw\u0119.Zawarto\u015b\u0107 zestawu:Figurki Playmobil: 2 m\u0119\u017cczyzn, 1 kobieta, 1 dziewczynka, 1 ch\u0142opiecZwierz\u0119ta: 1 piesAkcesoria m.in.: 1 portowa lodziarnia z promenad\u0105, 1 p\u0142ywaj\u0105cy pomost, 1 drabinka, 2 maszty flagowe z flag\u0105, 1 teleskop; 1 doniczka z zielonymi ro\u015blinami, 1 ekspres do kawy, 1 p\u00f3\u0142ka, 1 pojemnik na l\u00f3d ze szklan\u0105 pokryw\u0105 i wk\u0142adem, 3 rodzaje lod\u00f3w, 2 sto\u0142y, 2 krzes\u0142a, 1 lada z lodami, 1 tablica reklamowa ze stojakiem, 1 taca, 1 dzbanek do kawy, 4 fili\u017canki, 2 lody ro\u017cki, 4 \u0142y\u017cki do lod\u00f3w, 1 r\u0119cznik k\u0105pielowy, 1 para skrzyde\u0142ek wodnych, 1 deska do Stand-up paddling, 1 wios\u0142o, 1 tuba, 1 kosz, 1 lalka, 1 smycz dla psa, 1 para okular\u00f3w przeciws\u0142onecznych, 1 czapka, 2 pary but\u00f3w k\u0105pielowych<\/p>\n<h2>Playmobil 70279 Family Fun Lodziarnia Przy Porcie Playmobil<\/h2>\n<p>felix net i nika oraz gang niewidzialnych ludzi test z odpowiedziami, \u015bmieszne zagadki dla dzieci 10 lat, opisy do zdj\u0119\u0107 z dzieckiem, ko\u0142ysanki tekst, imi\u0119 r\u00f3\u017ca, rozalia imie, estera, minecraft szablony do druku, piesek do kolorowania, kolorowanki dla dzieci do druku<\/p>\n<p>yyyyy<\/p>\n<p>&nbsp;<\/p>\n","protected":false},"excerpt":{"rendered":"<p>Seria Family Fun to radosna seria nawi\u0105zuj\u0105ca do wspania\u0142ych, letnich wypraw i aktywno\u015bci sportowych. Zestawy mo\u017cna ze sob\u0105 \u0142\u0105czy\u0107, tworz\u0105c pe\u0142n\u0105 i ciekaw\u0105 sceneri\u0119 do zabawy. Funkcje, nadane niekt\u00f3rym elementom, na pewno zachwyc\u0105 dzieci i sprawi\u0105, \u017ce ch\u0119tnie b\u0119d\u0105 bawi\u0107 si\u0119 tworz\u0105c niezwyk\u0142e przygody z rodzink\u0105 figurek Playmobil.Lodziarnia w porcie 70279. Stoliki przed lodziarni\u0105 oraz [&hellip;]<\/p>\n","protected":false},"featured_media":2260,"comment_status":"closed","ping_status":"open","template":"","meta":[],"product_cat":[113,466],"product_tag":[716,647,698],"class_list":["post-2259","product","type-product","status-publish","has-post-thumbnail","hentry","product_cat-klocki","product_cat-playmobil","product_tag-filmy-animowane-o-swietach","product_tag-warszawa-z-dzieckiem","product_tag-zagadki-dla-przedszkolakow"],"_links":{"self":[{"href":"http:\/\/klubmamgdynia.pl\/index.php\/wp-json\/wp\/v2\/product\/2259","targetHints":{"allow":["GET"]}}],"collection":[{"href":"http:\/\/klubmamgdynia.pl\/index.php\/wp-json\/wp\/v2\/product"}],"about":[{"href":"http:\/\/klubmamgdynia.pl\/index.php\/wp-json\/wp\/v2\/types\/product"}],"replies":[{"embeddable":true,"href":"http:\/\/klubmamgdynia.pl\/index.php\/wp-json\/wp\/v2\/comments?post=2259"}],"wp:featuredmedia":[{"embeddable":true,"href":"http:\/\/klubmamgdynia.pl\/index.php\/wp-json\/wp\/v2\/media\/2260"}],"wp:attachment":[{"href":"http:\/\/klubmamgdynia.pl\/index.php\/wp-json\/wp\/v2\/media?parent=2259"}],"wp:term":[{"taxonomy":"product_cat","embeddable":true,"href":"http:\/\/klubmamgdynia.pl\/index.php\/wp-json\/wp\/v2\/product_cat?post=2259"},{"taxonomy":"product_tag","embeddable":true,"href":"http:\/\/klubmamgdynia.pl\/index.php\/wp-json\/wp\/v2\/product_tag?post=2259"}],"curies":[{"name":"wp","href":"https:\/\/api.w.org\/{rel}","templated":true}]}}