{"id":2261,"date":"2025-03-07T09:14:44","date_gmt":"2025-03-07T08:14:44","guid":{"rendered":"http:\/\/klubmamgdynia.pl\/?post_type=product&#038;p=2261"},"modified":"2026-04-26T11:48:05","modified_gmt":"2026-04-26T09:48:05","slug":"lisciani-manufaktura-szminek","status":"publish","type":"product","link":"http:\/\/klubmamgdynia.pl\/index.php\/produkt\/lisciani-manufaktura-szminek\/","title":{"rendered":"Lisciani Manufaktura Szminek"},"content":{"rendered":"<p>Szminka to najlepszy przyjaciel dziewczyny. Wie to ka\u017cda modna dama i bez kolorowego skarbu nie rusza si\u0119 z domu. Dziewczynki uwielbiaj\u0105 kolorowe makija\u017ce i cz\u0119sto przeszukuj\u0105 kosmetyczki mam w poszukiwaniu interesuj\u0105cego je kosmetyku. A gdyby tak barwne cude\u0144ko mo\u017cna by\u0142o samem stworzy\u0107? Teraz taka mo\u017cliwo\u015b\u0107 jest na wyci\u0105gni\u0119cie r\u0119ki. Z fantastyczn\u0105 Manufaktura szminek LISCIANI ma\u0142a stylistka wyczaruje swoja w\u0142asn\u0105 lini\u0119 pomadek. Pyszna zabawa gwarantowana!Wspania\u0142a Manufaktura szminek LISCIANI zapewni dziecku niezwykle kreatywne zaj\u0119cie na bardzo d\u0142ugi czas. Pokochaj\u0105 j\u0105 wszystkie dziewczynki. Z dost\u0119pnych sk\u0142adnik\u00f3w wyczaruj\u0105 bajecznie kolorowe i r\u00f3wnie cudownie pachn\u0105ce pomadki. Ilustrowany przewodnik b\u0119dzie cennym \u017ar\u00f3d\u0142em informacji i przeprowadzi dziecko przez najwa\u017cniejsze etapy tworzenia, a niezb\u0119dne narz\u0119dzia usprawni\u0105 prace. Produkcja barwnych kosmetyk\u00f3w rozpocznie si\u0119 od przygotowania kremowej bazy, kt\u00f3ra w po\u0142\u0105czeniu z kolorowymi barwnikami i aromatami przemieni si\u0119 w wymarzon\u0105 szmink\u0119. Ca\u0142kowicie bezpieczne sk\u0142adniki gwarantuj\u0105 bezpieczn\u0105, wspania\u0142\u0105 zabaw\u0119.Kolorowy zawr\u00f3t g\u0142owy z Manufaktur\u0105 szminek LISCIANI!W opakowaniu znajduj\u0105 si\u0119:aromaty: waniliowy, czere\u015bniowy i malinowybarwniki: bia\u0142y, pomara\u0144czowy, czerwony i ciemnoniebieskimiseczka i szpatu\u0142kamiarkasztyfty na szminkiilustrowany przewodnikprodukt nowy, oryginalnie zapakowanyprzeznaczony dla dzieci od 4 roku \u017cyciaFirma LISCIANI rozpocz\u0119\u0142a swoj\u0105 dzia\u0142alno\u015b\u0107 pod koniec lat osiemdziesi\u0105tych ubieg\u0142ego wieku w mie\u015bcie Teramo w rejonie Abruzzo. G\u0142\u00f3wnym za\u0142o\u017ceniem producenta jest nauka poprzez zabaw\u0119. Wszystkie produkty od ksi\u0105\u017cek, zabawek i gier edukacyjnych, po produkty rekreacyjne obj\u0119te s\u0105 starann\u0105 opiek\u0105 redakcyjn\u0105 i zawieraj\u0105 wysokiej jako\u015bci warto\u015bci edukacyjne. Wykonane s\u0105 ze starannie dobranych materia\u0142\u00f3w produkcyjnych, dzi\u0119ki czemu spe\u0142niaj\u0105 rygorystyczne normy bezpiecze\u0144stwa. W bogatej ofercie znajdziemy innowacyjne rozwi\u0105zania, jak linia produkt\u00f3w hi-tech oraz trzy animowane serie Carotina Super Big, a nawet znanych i lubianych bohater\u00f3w bajek. Wysokiej jako\u015bci zabawki s\u0105 cenione przez ma\u0142ych u\u017cytkownik\u00f3w oraz rodzic\u00f3w i pedagog\u00f3w na ca\u0142ym \u015bwiecie.<\/p>\n<h2>Lisciani Manufaktura Szminek Lisciani Giochi<\/h2>\n<p>pieski ma\u0142e dwa tekst, prezent dla dziecka 1 rok, zagadki z odpowiedziami dla dzieci, znaczenie imienia milan, zagadki dla dzieci 4-5 lat online, zaj\u0105czek z jajka ugotowanego, zabawa dla 7 latka, wpad\u0142a bomba do piwnicy, menu urodzinowe dla dzieci w wieku 8 10 lat, test spos\u00f3b na alcybiadesa, kajko i kokosz test z lektury, jesienne zagadki, halszka, cytaty ma\u0142y ksi\u0105\u017ce, najlepsze zarty na prima aprilis, kolorowanki miasto, przechowywanie zabawek, wycinanki puzzle do druku, psi patrol kolorowanka, prezent dla nastolatk\u00f3w, zagadki logiczne trudne<\/p>\n<p>yyyyy<\/p>\n<p>&nbsp;<\/p>\n","protected":false},"excerpt":{"rendered":"<p>Szminka to najlepszy przyjaciel dziewczyny. Wie to ka\u017cda modna dama i bez kolorowego skarbu nie rusza si\u0119 z domu. Dziewczynki uwielbiaj\u0105 kolorowe makija\u017ce i cz\u0119sto przeszukuj\u0105 kosmetyczki mam w poszukiwaniu interesuj\u0105cego je kosmetyku. A gdyby tak barwne cude\u0144ko mo\u017cna by\u0142o samem stworzy\u0107? Teraz taka mo\u017cliwo\u015b\u0107 jest na wyci\u0105gni\u0119cie r\u0119ki. Z fantastyczn\u0105 Manufaktura szminek LISCIANI ma\u0142a [&hellip;]<\/p>\n","protected":false},"featured_media":2262,"comment_status":"closed","ping_status":"open","template":"","meta":[],"product_cat":[553,72],"product_tag":[671,722,750,624,726,741],"class_list":["post-2261","product","type-product","status-publish","has-post-thumbnail","hentry","product_cat-lisciani-giochi","product_cat-mali-naukowcy","product_tag-cicha-noc-po-angielsku-tekst","product_tag-cytaty-o-przyjazni","product_tag-imie-kostek","product_tag-krotkie-zagadki","product_tag-quiz-zemsta","product_tag-wlochy"],"_links":{"self":[{"href":"http:\/\/klubmamgdynia.pl\/index.php\/wp-json\/wp\/v2\/product\/2261","targetHints":{"allow":["GET"]}}],"collection":[{"href":"http:\/\/klubmamgdynia.pl\/index.php\/wp-json\/wp\/v2\/product"}],"about":[{"href":"http:\/\/klubmamgdynia.pl\/index.php\/wp-json\/wp\/v2\/types\/product"}],"replies":[{"embeddable":true,"href":"http:\/\/klubmamgdynia.pl\/index.php\/wp-json\/wp\/v2\/comments?post=2261"}],"wp:featuredmedia":[{"embeddable":true,"href":"http:\/\/klubmamgdynia.pl\/index.php\/wp-json\/wp\/v2\/media\/2262"}],"wp:attachment":[{"href":"http:\/\/klubmamgdynia.pl\/index.php\/wp-json\/wp\/v2\/media?parent=2261"}],"wp:term":[{"taxonomy":"product_cat","embeddable":true,"href":"http:\/\/klubmamgdynia.pl\/index.php\/wp-json\/wp\/v2\/product_cat?post=2261"},{"taxonomy":"product_tag","embeddable":true,"href":"http:\/\/klubmamgdynia.pl\/index.php\/wp-json\/wp\/v2\/product_tag?post=2261"}],"curies":[{"name":"wp","href":"https:\/\/api.w.org\/{rel}","templated":true}]}}