{"id":2263,"date":"2022-04-03T15:37:39","date_gmt":"2022-04-03T13:37:39","guid":{"rendered":"http:\/\/klubmamgdynia.pl\/index.php\/produkt\/clementoni-szklarnia-eko-50688\/"},"modified":"2026-04-30T13:10:34","modified_gmt":"2026-04-30T11:10:34","slug":"clementoni-szklarnia-eko-50688","status":"publish","type":"product","link":"http:\/\/klubmamgdynia.pl\/index.php\/produkt\/clementoni-szklarnia-eko-50688\/","title":{"rendered":"Clementoni Szklarnia Eko 50688"},"content":{"rendered":"<p>Zabawa zaczyna si\u0119 w doniczce i mo\u017ce trwa\u0107 dalej w ziemi. Dziecko sadzi nasiona i patrzy, jak sadzonki rosn\u0105, a\u017c stan\u0105 si\u0119 ro\u015blinami, a potem b\u0119dzie mog\u0142o cieszy\u0107 si\u0119 owocami! Produkt jest ca\u0142kowicie biologiczny i przyjazny dla \u015brodowiska. Odr\u00f3\u017cnianie designu od g\u0142\u00f3wnych konkurent\u00f3w. Stosowanie sk\u0142adnik\u00f3w biologicznych i biodegradowalnych. R\u00f3\u017cne rodzaje nasion (warzywa i zio\u0142a aromatyczne).Prawdziwa szklarnia do zmontowania w kilku prostych krokach, z przesuwanymi i przezroczystymi \u015bcianami do obserwacji wzrostu ro\u015blin. Z podw\u00f3jnym otworem i zag\u0142\u0119bieniami na narz\u0119dzia ogrodowe i uchwyty na nasiona w zestawie. Gdy szklarnia jest gotowa, pozostaje tylko o\u017cywi\u0107 prawdziwy ekologiczny ogr\u00f3d dzi\u0119ki kr\u0105\u017ckom torfowym, s\u0142oikom, narz\u0119dziom ogrodniczym i saszetkom z ekologicznymi nasionami. Bazylia, cukinia, szpinak, pomidor i lawenda&#8230; oto ro\u015bliny do kie\u0142kowania! Ilustrowany podr\u0119cznik nauczy Ci\u0119 kilku metod kie\u0142kowania sadzonek i wielu przydatnych wskaz\u00f3wek.Zawarto\u015b\u0107 zestawu:podstawa szklarni,drzwi szklarni,\u0142uki podtrzymuj\u0105ce,przezroczysta pokrywa,paski boczne,kr\u0105\u017cki torfowe,ekologiczne torby na nasiona,narz\u0119dzia ogrodowe,pojemnik na nasiona,biodegradowalne s\u0142oiki,ilustrowana instrukcja<\/p>\n<h2>Clementoni Szklarnia Eko 50688 Clementoni<\/h2>\n<p>karaluchy pod poduchy a szczypawki, jasmin imie, znaczenie imiona justyna, rysunek kota, maska batmana do druku, zima z\u0142a tekst, tupu tup po \u015bniegu tekst, postacie z bajek, quiz stolice europy, tekst kolysanek, zagadki dla dzieci 7-8 lat online, tabliczka mno\u017cenia do druku, bajki do czytania online, prezent dla jedenastolatka, krecik bajka, rebusy i krzy\u017c\u00f3wki dla dzieci do druku<\/p>\n<p>yyyyy<\/p>\n<p>&nbsp;<\/p>\n","protected":false},"excerpt":{"rendered":"<p>Zabawa zaczyna si\u0119 w doniczce i mo\u017ce trwa\u0107 dalej w ziemi. Dziecko sadzi nasiona i patrzy, jak sadzonki rosn\u0105, a\u017c stan\u0105 si\u0119 ro\u015blinami, a potem b\u0119dzie mog\u0142o cieszy\u0107 si\u0119 owocami! Produkt jest ca\u0142kowicie biologiczny i przyjazny dla \u015brodowiska. Odr\u00f3\u017cnianie designu od g\u0142\u00f3wnych konkurent\u00f3w. Stosowanie sk\u0142adnik\u00f3w biologicznych i biodegradowalnych. R\u00f3\u017cne rodzaje nasion (warzywa i zio\u0142a aromatyczne).Prawdziwa [&hellip;]<\/p>\n","protected":false},"featured_media":2264,"comment_status":"closed","ping_status":"open","template":"","meta":[],"product_cat":[163,72],"product_tag":[845,844,776,775,596,872],"class_list":["post-2263","product","type-product","status-publish","has-post-thumbnail","hentry","product_cat-clementoni","product_cat-mali-naukowcy","product_tag-ach-spij-kochanie-tekst","product_tag-co-kupic-na-roczek","product_tag-dobrej-nocy","product_tag-kolorowanki-do-druku-pokemon","product_tag-pomysly-na-prima-aprilis","product_tag-zagadki-dla-dzieci-6-lat"],"_links":{"self":[{"href":"http:\/\/klubmamgdynia.pl\/index.php\/wp-json\/wp\/v2\/product\/2263","targetHints":{"allow":["GET"]}}],"collection":[{"href":"http:\/\/klubmamgdynia.pl\/index.php\/wp-json\/wp\/v2\/product"}],"about":[{"href":"http:\/\/klubmamgdynia.pl\/index.php\/wp-json\/wp\/v2\/types\/product"}],"replies":[{"embeddable":true,"href":"http:\/\/klubmamgdynia.pl\/index.php\/wp-json\/wp\/v2\/comments?post=2263"}],"wp:featuredmedia":[{"embeddable":true,"href":"http:\/\/klubmamgdynia.pl\/index.php\/wp-json\/wp\/v2\/media\/2264"}],"wp:attachment":[{"href":"http:\/\/klubmamgdynia.pl\/index.php\/wp-json\/wp\/v2\/media?parent=2263"}],"wp:term":[{"taxonomy":"product_cat","embeddable":true,"href":"http:\/\/klubmamgdynia.pl\/index.php\/wp-json\/wp\/v2\/product_cat?post=2263"},{"taxonomy":"product_tag","embeddable":true,"href":"http:\/\/klubmamgdynia.pl\/index.php\/wp-json\/wp\/v2\/product_tag?post=2263"}],"curies":[{"name":"wp","href":"https:\/\/api.w.org\/{rel}","templated":true}]}}