{"id":2265,"date":"2016-03-24T18:00:36","date_gmt":"2016-03-24T17:00:36","guid":{"rendered":"http:\/\/klubmamgdynia.pl\/index.php\/produkt\/little-tikes-my-real-jam-gitara-elektryczna-z-dzwiekiem-654800\/"},"modified":"2026-05-17T22:29:08","modified_gmt":"2026-05-17T20:29:08","slug":"little-tikes-my-real-jam-gitara-elektryczna-z-dzwiekiem-654800","status":"publish","type":"product","link":"http:\/\/klubmamgdynia.pl\/index.php\/produkt\/little-tikes-my-real-jam-gitara-elektryczna-z-dzwiekiem-654800\/","title":{"rendered":"Little Tikes My Real Jam Gitara Elektryczna z d\u017awi\u0119kiem 654800"},"content":{"rendered":"<p>Little Tikes &#8211; My Real Jam Gitara Elektryczna z d\u017awi\u0119kiem                            <\/p>\n<p>Przenie\u015b si\u0119 do \u015bwiata d\u017awi\u0119k\u00f3w, dzi\u0119ki serii instrument\u00f3w muzycznych My Real Jam od Little Tikes. To idealna seria zabawek dla ma\u0142ych solist\u00f3w aby rozwija\u0107 w nich talenty muzyczne. To wymarzony prezent dla lubi\u0105cych \u015bpiew i zabaw\u0119 przy muzyce ma\u0142ych gwiazd sceny oraz idealny pierwszy instrument, zach\u0119caj\u0105cy dzieci do zabawy z muzyk\u0105 i rytmik\u0105. Je\u015bli kilka pierwszych koncert\u00f3w Twojego malucha p\u00f3jdzie dobrze, mo\u017ce zechce zabra\u0107 sw\u00f3j instrument w tras\u0119! Na szcz\u0119\u015bcie opakowanie zabawkowego instrumentu mo\u017ce r\u00f3wnie\u017c s\u0142u\u017cy\u0107 jako fajny futera\u0142 podr\u00f3\u017cny, pozwalaj\u0105c Twojemu minimuzykowi bezpiecznie przewozi\u0107 sw\u00f3j instrument!                            <\/p>\n<p>Cechy produktu:\u00a0\u00a0Realistycznie zaprojektowana gitara elektryczna<br \/>\nPosiada cztery tryby gry: &#8222;Graj z zespo\u0142em&#8221;, &#8222;Solo&#8221;, &#8222;Improwizacja&#8221; i \u201eOdtw\u00f3rz dowolny utw\u00f3r\u201d (przez Bluetooth)<br \/>\nPasek z regulacj\u0105<br \/>\nWysokiej jako\u015bci g\u0142o\u015bnik<br \/>\nPrawdziwe struny<br \/>\nWajcha<br \/>\nKompatybilna z Bluetooth, dzi\u0119ki czemu maluchy mog\u0105 brzd\u0105ka\u0107 do ulubionych piosenek<br \/>\nRegulacja g\u0142o\u015bno\u015bci<br \/>\nUnie\u015b gryf, aby zmieni\u0107 tempo<br \/>\nGraj przyciskaj\u0105c progi<br \/>\nOpakowanie s\u0142u\u017cy r\u00f3wnie\u017c jako por\u0119czny futera\u0142 do przechowywania<br \/>\nWymagane baterie: 3 x AA (w zestawie)                            <\/p>\n<p>Produkty firmy Little Tikes s\u0105 znane i lubiane na wszystkich kontynentach, w wielu domach w\u015br\u00f3d niezliczonej rzeszy u\u015bmiechni\u0119tych dzieci oraz zadowolonych rodzic\u00f3w. Maj\u0105c na uwadze bezpiecze\u0144stwo dzieci, firma Little Tikes wytwarza produkty, kt\u00f3re gwarantuj\u0105 wszystkie niezb\u0119dne normy bezpiecze\u0144stwa. Maj\u0105c na wzgl\u0119dzie wytrzyma\u0142o\u015b\u0107 produkt\u00f3w, zabawki projektowane i produkowane s\u0105 w najbardziej w\u0142a\u015bciwej technologii jak\u0105 jest &#8222;rotomolding&#8221;, gwarantuj\u0105c wspania\u0142\u0105 zabaw\u0119 przez d\u0142ugie lata. Ostrze\u017cenie. Wy\u0142\u0105cznie do u\u017cytku domowego.<\/p>\n<h2>Little Tikes My Real Jam Gitara Elektryczna z d\u017awi\u0119kiem 654800 Little Tikes<\/h2>\n<p>kolorowanka smok wawelski, quiz o \u015bwi\u0119tach, ozdoby \u015bwi\u0105teczne z rolek po papierze toaletowym, mini zoo mazowieckie, kucyki pony kolorowanka, test z lektury miko\u0142ajek do druku, basen warszawa, zak\u0142adka do ksi\u0105\u017cki szablon, test z lektury pies kt\u00f3ry je\u017adzi\u0142 kolej\u0105, zagadki dla 7 latka, testy ma\u0142y ksi\u0105\u017ce, kolorowanki dla ch\u0142opc\u00f3w do druku, malowanie kamieni, zabawka na roczek dla ch\u0142opca, szczotka pasta kubek ciep\u0142a woda tekst, bajki do czytania online, matematyczne zagadki, test z lektury miko\u0142ajek do druku, z\u0142ote my\u015bli kubu\u015b puchatek cytaty, zagadki o lesie, everest psi patrol kolorowanka<\/p>\n<p>yyyyy<\/p>\n<p>&nbsp;<\/p>\n","protected":false},"excerpt":{"rendered":"<p>Little Tikes &#8211; My Real Jam Gitara Elektryczna z d\u017awi\u0119kiem Przenie\u015b si\u0119 do \u015bwiata d\u017awi\u0119k\u00f3w, dzi\u0119ki serii instrument\u00f3w muzycznych My Real Jam od Little Tikes. To idealna seria zabawek dla ma\u0142ych solist\u00f3w aby rozwija\u0107 w nich talenty muzyczne. To wymarzony prezent dla lubi\u0105cych \u015bpiew i zabaw\u0119 przy muzyce ma\u0142ych gwiazd sceny oraz idealny pierwszy instrument, [&hellip;]<\/p>\n","protected":false},"featured_media":2266,"comment_status":"closed","ping_status":"open","template":"","meta":[],"product_cat":[317,155],"product_tag":[845,839,602,606,849],"class_list":["post-2265","product","type-product","status-publish","has-post-thumbnail","hentry","product_cat-little-tikes","product_cat-zabawki-muzyczne","product_tag-ach-spij-kochanie-tekst","product_tag-bajki-na-dobranoc-do-czytania","product_tag-quiz-o-zwierzetach-domowych","product_tag-stala-pod-sniegiem","product_tag-zagadki-matematyczne-dla-dzieci"],"_links":{"self":[{"href":"http:\/\/klubmamgdynia.pl\/index.php\/wp-json\/wp\/v2\/product\/2265","targetHints":{"allow":["GET"]}}],"collection":[{"href":"http:\/\/klubmamgdynia.pl\/index.php\/wp-json\/wp\/v2\/product"}],"about":[{"href":"http:\/\/klubmamgdynia.pl\/index.php\/wp-json\/wp\/v2\/types\/product"}],"replies":[{"embeddable":true,"href":"http:\/\/klubmamgdynia.pl\/index.php\/wp-json\/wp\/v2\/comments?post=2265"}],"wp:featuredmedia":[{"embeddable":true,"href":"http:\/\/klubmamgdynia.pl\/index.php\/wp-json\/wp\/v2\/media\/2266"}],"wp:attachment":[{"href":"http:\/\/klubmamgdynia.pl\/index.php\/wp-json\/wp\/v2\/media?parent=2265"}],"wp:term":[{"taxonomy":"product_cat","embeddable":true,"href":"http:\/\/klubmamgdynia.pl\/index.php\/wp-json\/wp\/v2\/product_cat?post=2265"},{"taxonomy":"product_tag","embeddable":true,"href":"http:\/\/klubmamgdynia.pl\/index.php\/wp-json\/wp\/v2\/product_tag?post=2265"}],"curies":[{"name":"wp","href":"https:\/\/api.w.org\/{rel}","templated":true}]}}