{"id":2267,"date":"2022-03-05T07:34:14","date_gmt":"2022-03-05T06:34:14","guid":{"rendered":"http:\/\/klubmamgdynia.pl\/index.php\/produkt\/clementoni-skamienialosci-swiecacy-t-rex-60889\/"},"modified":"2026-04-28T10:00:23","modified_gmt":"2026-04-28T08:00:23","slug":"clementoni-skamienialosci-swiecacy-t-rex-60889","status":"publish","type":"product","link":"http:\/\/klubmamgdynia.pl\/index.php\/produkt\/clementoni-skamienialosci-swiecacy-t-rex-60889\/","title":{"rendered":"Clementoni Skamienia\u0142o\u015bci \u015awiec\u0105cy T-Rex (60889)"},"content":{"rendered":"<p>Niesamowity zestaw dla ma\u0142ych &#8222;archeolog\u00f3w&#8221; pomo\u017ce dzieciom zrozumie\u0107 procesy ewolucji i prze\u017cy\u0107 przygod\u0119 na domowych &#8222;wykopaliskach&#8221;. Wszystko, czego potrzebuje kilkuletni &#8222;naukowiec&#8221;, jest w tym niewielkim zestawie, a dzi\u0119ki jego elementom mo\u017cna zbudowa\u0107 szkietet nesamowitych, pradawnych zwierz\u0105t, kt\u00f3re na dodatek \u015bwiec\u0105 w ciemno\u015bci!Zawarto\u015b\u0107 zestawu &#8222;Skamienia\u0142o\u015bci &#8211; szkielet triceratopsa&#8221;: gipsowy blok do wydobycia \u015bwiec\u0105cego w ciemno\u015bci szkieletu, cz\u0119\u015bci szkieletu do samodzielnego z\u0142o\u017cenia, plastikowy, bezpieczny m\u0142otek, plastikowe, bezpieczne d\u0142uto, pi\u0119knie ilustrowana, rozwijaj\u0105ca zainteresowania instrukcja w j\u0119zyku polskim.<\/p>\n<h2>Clementoni Skamienia\u0142o\u015bci \u015awiec\u0105cy T-Rex (60889) Clementoni<\/h2>\n<p>karty pracy dla dzieci z ukrainy pdf, dymitr, zagadki o zwierz\u0119tach domowych, \u017carty prima aprilis, zemsta test wiedzy, cytaty o mi\u0142o\u015bci kubu\u015b puchatek, zabawy na dworze dla 10 latk\u00f3w, co kupi\u0107 nastolatkowi, znaczenie imiona justyna, m\u00f3j przyjaciel mi\u015b scenariusz zaj\u0119\u0107 w przedszkolu, kolorowanka lego friends, nasza zima z\u0142a tekst, podchwytliwe zagadki i odpowiedzi, urodziny dziecka pomys\u0142y, quiz konie, zaproszenie na urodziny do druku, bajki na dobranoc psi patrol, najrzadsze imiona w polsce, kuba imi\u0119<\/p>\n<p>yyyyy<\/p>\n<p>&nbsp;<\/p>\n","protected":false},"excerpt":{"rendered":"<p>Niesamowity zestaw dla ma\u0142ych &#8222;archeolog\u00f3w&#8221; pomo\u017ce dzieciom zrozumie\u0107 procesy ewolucji i prze\u017cy\u0107 przygod\u0119 na domowych &#8222;wykopaliskach&#8221;. Wszystko, czego potrzebuje kilkuletni &#8222;naukowiec&#8221;, jest w tym niewielkim zestawie, a dzi\u0119ki jego elementom mo\u017cna zbudowa\u0107 szkietet nesamowitych, pradawnych zwierz\u0105t, kt\u00f3re na dodatek \u015bwiec\u0105 w ciemno\u015bci!Zawarto\u015b\u0107 zestawu &#8222;Skamienia\u0142o\u015bci &#8211; szkielet triceratopsa&#8221;: gipsowy blok do wydobycia \u015bwiec\u0105cego w ciemno\u015bci szkieletu, [&hellip;]<\/p>\n","protected":false},"featured_media":2268,"comment_status":"closed","ping_status":"open","template":"","meta":[],"product_cat":[163,72],"product_tag":[831,590,735,636,809],"class_list":["post-2267","product","type-product","status-publish","has-post-thumbnail","hentry","product_cat-clementoni","product_cat-mali-naukowcy","product_tag-bruno","product_tag-plac-zabaw-warszawa","product_tag-prezent-na-roczek-dziewczynka","product_tag-teksty-kolysanek","product_tag-zagadki"],"_links":{"self":[{"href":"http:\/\/klubmamgdynia.pl\/index.php\/wp-json\/wp\/v2\/product\/2267","targetHints":{"allow":["GET"]}}],"collection":[{"href":"http:\/\/klubmamgdynia.pl\/index.php\/wp-json\/wp\/v2\/product"}],"about":[{"href":"http:\/\/klubmamgdynia.pl\/index.php\/wp-json\/wp\/v2\/types\/product"}],"replies":[{"embeddable":true,"href":"http:\/\/klubmamgdynia.pl\/index.php\/wp-json\/wp\/v2\/comments?post=2267"}],"wp:featuredmedia":[{"embeddable":true,"href":"http:\/\/klubmamgdynia.pl\/index.php\/wp-json\/wp\/v2\/media\/2268"}],"wp:attachment":[{"href":"http:\/\/klubmamgdynia.pl\/index.php\/wp-json\/wp\/v2\/media?parent=2267"}],"wp:term":[{"taxonomy":"product_cat","embeddable":true,"href":"http:\/\/klubmamgdynia.pl\/index.php\/wp-json\/wp\/v2\/product_cat?post=2267"},{"taxonomy":"product_tag","embeddable":true,"href":"http:\/\/klubmamgdynia.pl\/index.php\/wp-json\/wp\/v2\/product_tag?post=2267"}],"curies":[{"name":"wp","href":"https:\/\/api.w.org\/{rel}","templated":true}]}}