{"id":2269,"date":"2023-05-23T09:53:32","date_gmt":"2023-05-23T07:53:32","guid":{"rendered":"http:\/\/klubmamgdynia.pl\/?post_type=product&#038;p=2269"},"modified":"2026-04-26T16:32:21","modified_gmt":"2026-04-26T14:32:21","slug":"ravensburger-gravitrax-color-swap-268153","status":"publish","type":"product","link":"http:\/\/klubmamgdynia.pl\/index.php\/produkt\/ravensburger-gravitrax-color-swap-268153\/","title":{"rendered":"Ravensburger Gravitrax Color Swap 268153"},"content":{"rendered":"<p>Dzi\u0119ki temu dodatkowi osi\u0105gniemy magiczny efekt \u2013 kulka dotoczy si\u0119 do tunelu i\u2026 nagle zmieni kolor! Ten dodatek mo\u017ce r\u00f3wnie\u017c pom\u00f3c zatrzyma\u0107 albo spowolni\u0107 kulki.Budowanie tor\u00f3w Gravitrax pobudza wyobra\u017ani\u0119, wznieca zainteresowanie nauk\u0105 (fizyk\u0105, geometri\u0105 przestrzenn\u0105 oraz grawitacj\u0105) oraz dostarcza zabawy na wiele godzin zar\u00f3wno doros\u0142ym jak i dzieciom.Dzi\u0119ki zestawom uzupe\u0142niaj\u0105cym oraz dodatkom Gravitrax Pro Zestaw Startowy mo\u017cna rozszerza\u0107 w niesko\u0144czono\u015b\u0107. Ponadto ca&#8230;<\/p>\n<h2>Ravensburger Gravitrax Color Swap 268153 Ravensburger<\/h2>\n<p>zimowe zabawy dla dzieci, kolorowanki super zings, pozytywne cytaty mama cytaty, test opowie\u015b\u0107 wigilijna, prezent dla nastolatk\u00f3w, matylda imi\u0119, test z narnii, zagatki, gry planszowe dla nastolatk\u00f3w, jak narysowac kota, quiz o kosmosie dla dzieci, maski superbohater\u00f3w do wydrukowania, andrea, kolorowanki dla dziewczynek lol, kolorowanki na andrzejki do wydruku, choinko pi\u0119kna jak las tekst<\/p>\n<p>yyyyy<\/p>\n<p>&nbsp;<\/p>\n","protected":false},"excerpt":{"rendered":"<p>Dzi\u0119ki temu dodatkowi osi\u0105gniemy magiczny efekt \u2013 kulka dotoczy si\u0119 do tunelu i\u2026 nagle zmieni kolor! Ten dodatek mo\u017ce r\u00f3wnie\u017c pom\u00f3c zatrzyma\u0107 albo spowolni\u0107 kulki.Budowanie tor\u00f3w Gravitrax pobudza wyobra\u017ani\u0119, wznieca zainteresowanie nauk\u0105 (fizyk\u0105, geometri\u0105 przestrzenn\u0105 oraz grawitacj\u0105) oraz dostarcza zabawy na wiele godzin zar\u00f3wno doros\u0142ym jak i dzieciom.Dzi\u0119ki zestawom uzupe\u0142niaj\u0105cym oraz dodatkom Gravitrax Pro Zestaw [&hellip;]<\/p>\n","protected":false},"featured_media":2270,"comment_status":"closed","ping_status":"open","template":"","meta":[],"product_cat":[72,207],"product_tag":[610,680,797,607],"class_list":["post-2269","product","type-product","status-publish","has-post-thumbnail","hentry","product_cat-mali-naukowcy","product_cat-ravensburger","product_tag-co-na-prezent-dla-nastolatkow","product_tag-cytaty-z-malego-ksiecia","product_tag-kiekrz","product_tag-zarty-na-prima-aprilis-dla-rodzicow"],"_links":{"self":[{"href":"http:\/\/klubmamgdynia.pl\/index.php\/wp-json\/wp\/v2\/product\/2269","targetHints":{"allow":["GET"]}}],"collection":[{"href":"http:\/\/klubmamgdynia.pl\/index.php\/wp-json\/wp\/v2\/product"}],"about":[{"href":"http:\/\/klubmamgdynia.pl\/index.php\/wp-json\/wp\/v2\/types\/product"}],"replies":[{"embeddable":true,"href":"http:\/\/klubmamgdynia.pl\/index.php\/wp-json\/wp\/v2\/comments?post=2269"}],"wp:featuredmedia":[{"embeddable":true,"href":"http:\/\/klubmamgdynia.pl\/index.php\/wp-json\/wp\/v2\/media\/2270"}],"wp:attachment":[{"href":"http:\/\/klubmamgdynia.pl\/index.php\/wp-json\/wp\/v2\/media?parent=2269"}],"wp:term":[{"taxonomy":"product_cat","embeddable":true,"href":"http:\/\/klubmamgdynia.pl\/index.php\/wp-json\/wp\/v2\/product_cat?post=2269"},{"taxonomy":"product_tag","embeddable":true,"href":"http:\/\/klubmamgdynia.pl\/index.php\/wp-json\/wp\/v2\/product_tag?post=2269"}],"curies":[{"name":"wp","href":"https:\/\/api.w.org\/{rel}","templated":true}]}}