{"id":2273,"date":"2018-08-04T02:33:18","date_gmt":"2018-08-04T00:33:18","guid":{"rendered":"http:\/\/klubmamgdynia.pl\/index.php\/produkt\/inna-hguc-1-144-rx-93-v2-hi-nu-gundam-bl\/"},"modified":"2026-04-06T02:51:48","modified_gmt":"2026-04-06T00:51:48","slug":"inna-hguc-1-144-rx-93-v2-hi-nu-gundam-bl","status":"publish","type":"product","link":"http:\/\/klubmamgdynia.pl\/index.php\/produkt\/inna-hguc-1-144-rx-93-v2-hi-nu-gundam-bl\/","title":{"rendered":"INNA HGUC 1\/144 RX-93-V2 HI NU GUNDAM BL"},"content":{"rendered":"<p>Modele Gundam (\u30ac\u30f3\u30c0\u30e0) zwane r\u00f3wnie\u017c jako GUNPLA to modelowe zestawy przedstawiaj\u0105ce w unikalny spos\u00f3b pojazdy i postacie fikcyjnego wszech\u015bwiata Mobile Suit Gundam autorstwa Bandai.<\/p>\n<h2>INNA HGUC 1\/144 RX-93-V2 HI NU GUNDAM BL Bandai<\/h2>\n<p>cicha noc po angielsku, kolorowanki na andrzejki do wydruku, zagadki na dzie\u0144 przedszkolaka, wzruszaj\u0105ce s\u0142owa dla przyjaci\u00f3\u0142ki, kolysanki tekst, zagadki o zwierz\u0119tach, zosia samosia wiersz, pola znaczenie imienia, prezenty dla nastolatk\u00f3w 2021, gry planszowe dla nastolatk\u00f3w, pozytywne cytaty mama cytaty, kolorowanki pikachu, imie lilianna<\/p>\n<p>yyyyy<\/p>\n<p>&nbsp;<\/p>\n","protected":false},"excerpt":{"rendered":"<p>Modele Gundam (\u30ac\u30f3\u30c0\u30e0) zwane r\u00f3wnie\u017c jako GUNPLA to modelowe zestawy przedstawiaj\u0105ce w unikalny spos\u00f3b pojazdy i postacie fikcyjnego wszech\u015bwiata Mobile Suit Gundam autorstwa Bandai. INNA HGUC 1\/144 RX-93-V2 HI NU GUNDAM BL Bandai cicha noc po angielsku, kolorowanki na andrzejki do wydruku, zagadki na dzie\u0144 przedszkolaka, wzruszaj\u0105ce s\u0142owa dla przyjaci\u00f3\u0142ki, kolysanki tekst, zagadki o zwierz\u0119tach, [&hellip;]<\/p>\n","protected":false},"featured_media":2274,"comment_status":"closed","ping_status":"open","template":"","meta":[],"product_cat":[96,97],"product_tag":[837,583,690,774,811],"class_list":["post-2273","product","type-product","status-publish","has-post-thumbnail","hentry","product_cat-bandai","product_cat-figurki-kolekcjonerskie","product_tag-cicha-noc-po-angielsku","product_tag-kolysanki-dla-dzieci-tekst","product_tag-pieski-male-dwa-tekst","product_tag-prezent-na-roczek-nie-zabawka","product_tag-zagadki-logiczne-dla-dzieci"],"_links":{"self":[{"href":"http:\/\/klubmamgdynia.pl\/index.php\/wp-json\/wp\/v2\/product\/2273","targetHints":{"allow":["GET"]}}],"collection":[{"href":"http:\/\/klubmamgdynia.pl\/index.php\/wp-json\/wp\/v2\/product"}],"about":[{"href":"http:\/\/klubmamgdynia.pl\/index.php\/wp-json\/wp\/v2\/types\/product"}],"replies":[{"embeddable":true,"href":"http:\/\/klubmamgdynia.pl\/index.php\/wp-json\/wp\/v2\/comments?post=2273"}],"wp:featuredmedia":[{"embeddable":true,"href":"http:\/\/klubmamgdynia.pl\/index.php\/wp-json\/wp\/v2\/media\/2274"}],"wp:attachment":[{"href":"http:\/\/klubmamgdynia.pl\/index.php\/wp-json\/wp\/v2\/media?parent=2273"}],"wp:term":[{"taxonomy":"product_cat","embeddable":true,"href":"http:\/\/klubmamgdynia.pl\/index.php\/wp-json\/wp\/v2\/product_cat?post=2273"},{"taxonomy":"product_tag","embeddable":true,"href":"http:\/\/klubmamgdynia.pl\/index.php\/wp-json\/wp\/v2\/product_tag?post=2273"}],"curies":[{"name":"wp","href":"https:\/\/api.w.org\/{rel}","templated":true}]}}